{"id":3785,"date":"2023-02-26T08:17:30","date_gmt":"2023-02-26T07:17:30","guid":{"rendered":"https:\/\/vsb-info.kommpass-staging.ch\/swiss-guaranty-vsb\/"},"modified":"2026-03-18T09:17:35","modified_gmt":"2026-03-18T08:17:35","slug":"swiss-guaranty-vsb","status":"publish","type":"page","link":"https:\/\/vsb-info.ch\/it\/swiss-guaranty-vsb\/","title":{"rendered":"SWISS QUALITY DOWN"},"content":{"rendered":"\t\t<div data-elementor-type=\"wp-page\" data-elementor-id=\"3785\" class=\"elementor elementor-3785 elementor-217\" data-elementor-post-type=\"page\">\n\t\t\t\t<div class=\"elementor-element elementor-element-4ca43e04 e-flex e-con-boxed e-con e-parent\" data-id=\"4ca43e04\" data-element_type=\"container\" data-e-type=\"container\" data-settings=\"{&quot;background_background&quot;:&quot;classic&quot;,&quot;shape_divider_bottom&quot;:&quot;curve&quot;}\">\n\t\t\t\t\t<div class=\"e-con-inner\">\n\t\t\t\t<div class=\"elementor-shape elementor-shape-bottom\" aria-hidden=\"true\" data-negative=\"false\">\n\t\t\t<svg xmlns=\"http:\/\/www.w3.org\/2000\/svg\" viewBox=\"0 0 1000 100\" preserveAspectRatio=\"none\">\n    <path class=\"elementor-shape-fill\" d=\"M1000,4.3V0H0v4.3C0.9,23.1,126.7,99.2,500,100S1000,22.7,1000,4.3z\"\/>\n<\/svg>\t\t<\/div>\n\t\t<div class=\"elementor-element elementor-element-60c80f8a e-con-full e-flex e-con e-child\" data-id=\"60c80f8a\" data-element_type=\"container\" data-e-type=\"container\">\n\t\t\t\t<div class=\"elementor-element elementor-element-4996821f elementor-widget elementor-widget-heading\" data-id=\"4996821f\" data-element_type=\"widget\" data-e-type=\"widget\" data-widget_type=\"heading.default\">\n\t\t\t\t<div class=\"elementor-widget-container\">\n\t\t\t\t\t<h1 class=\"elementor-heading-title elementor-size-default\">SWISS QUALITY DOWN<\/h1>\t\t\t\t<\/div>\n\t\t\t\t<\/div>\n\t\t\t\t<div class=\"elementor-element elementor-element-32e90c75 elementor-widget elementor-widget-text-editor\" data-id=\"32e90c75\" data-element_type=\"widget\" data-e-type=\"widget\" data-widget_type=\"text-editor.default\">\n\t\t\t\t<div class=\"elementor-widget-container\">\n\t\t\t\t\t\t\t\t\t<p>Quando fate un acquisto nel negozio come potete sapere se la <strong>qualit\u00e0 del cuscino o del piumino<\/strong> \u00e8 buona? Con il <strong>sigillo di qualit\u00e0 \u00abSWISS QUALITY DOWN\u00bb<\/strong> potete essere certi: il piumino \u00e8 <strong>sostenibile, rispettoso degli animali<\/strong> ed \u00e8 prodotto secondo le <strong>rigorose norme svizzere<\/strong>.<\/p>\t\t\t\t\t\t\t\t<\/div>\n\t\t\t\t<\/div>\n\t\t\t\t<\/div>\n\t\t\t\t\t<\/div>\n\t\t\t\t<\/div>\n\t\t<div class=\"elementor-element elementor-element-827761f e-flex e-con-boxed e-con e-parent\" data-id=\"827761f\" data-element_type=\"container\" data-e-type=\"container\">\n\t\t\t\t\t<div class=\"e-con-inner\">\n\t\t\t\t<div class=\"elementor-element elementor-element-1d675eee elementor-widget elementor-widget-text-editor\" data-id=\"1d675eee\" data-element_type=\"widget\" data-e-type=\"widget\" data-widget_type=\"text-editor.default\">\n\t\t\t\t<div class=\"elementor-widget-container\">\n\t\t\t\t\t\t\t\t\t<p>La <strong>qualit\u00e0 dei vostri articoli da letto<\/strong> \u00e8 nascosta in profondit\u00e0 nella fodera in tessuto del piumino o del cuscino ed \u00e8 quindi difficile da verificare. Ma: il contenuto determina il <strong>clima nel letto<\/strong> e quindi <strong>il benessere<\/strong> durante il sonno.<\/p><p>Per questo l\u2019Associazione svizzera dei produttori di articoli da letto (VSB) ha creato il <strong>sigillo di qualit\u00e0 \u00abSWISS QUALITY DOWN\u00bb<\/strong>. I vantaggi: <strong>Sicurezza<\/strong> del prodotto scelto, <strong>trasparenza<\/strong> delle sue caratteristiche \u00abnascoste\u00bb. I piumini e i cuscini in piuma che sono dotati di un\u2019etichetta numerata \u00abSWISS QUALITY DOWN\u00bb e di un <strong>libretto di garanzia<\/strong> soddisfano i seguenti requisiti:<\/p>\t\t\t\t\t\t\t\t<\/div>\n\t\t\t\t<\/div>\n\t\t\t\t\t<\/div>\n\t\t\t\t<\/div>\n\t\t<div class=\"elementor-element elementor-element-a2fe401 e-flex e-con-boxed e-con e-parent\" data-id=\"a2fe401\" data-element_type=\"container\" data-e-type=\"container\">\n\t\t\t\t\t<div class=\"e-con-inner\">\n\t\t\t\t<div class=\"elementor-element elementor-element-c70660d elementor-widget elementor-widget-vsb_hover_box_widget\" data-id=\"c70660d\" data-element_type=\"widget\" data-e-type=\"widget\" data-widget_type=\"vsb_hover_box_widget.default\">\n\t\t\t\t<div class=\"elementor-widget-container\">\n\t\t\t\t\t\t\t<div class=\"vsb_hover_box\">\n\t\t\t\t\t\t\t<div class=\"vsb_hover_box__item\">\n\t\t\t\t\t<div class=\"vsb_hover_box__name\" data-panel=\"vsb_hover_box_panel_0\">\n\t\t\t\t\t\t<h2>Produzione<\/h2>\n\t\t\t\t\t\t<img decoding=\"async\" class=\"vsb_mobile_toggle\" src=\"https:\/\/vsb-info.ch\/wp-content\/plugins\/vsb_addon\/assets\/images\/arrow_down.svg\">\n\t\t\t\t\t<\/div>\n\t\t\t\t\t<div class=\"vsb_hover_box__panel\" id=\"vsb_hover_box_panel_0\">\n\t\t\t\t\t\t<p><strong>Produzione.<\/strong><\/p><p>I piumini in fiocco di piuma e i cuscini in piuma sono prodotti in Svizzera o nel Liechtenstein.<\/p>\t\t\t\t\t<\/div>\n\t\t\t\t<\/div>\n\t\t\t\t\t\t\t<div class=\"vsb_hover_box__item\">\n\t\t\t\t\t<div class=\"vsb_hover_box__name\" data-panel=\"vsb_hover_box_panel_1\">\n\t\t\t\t\t\t<h2>Trasparenza<\/h2>\n\t\t\t\t\t\t<img decoding=\"async\" class=\"vsb_mobile_toggle\" src=\"https:\/\/vsb-info.ch\/wp-content\/plugins\/vsb_addon\/assets\/images\/arrow_down.svg\">\n\t\t\t\t\t<\/div>\n\t\t\t\t\t<div class=\"vsb_hover_box__panel\" id=\"vsb_hover_box_panel_1\">\n\t\t\t\t\t\t<p><strong>Trasparenza.<\/strong><\/p><p>Tutti le informazioni sul contenuto di fiocchi di piumino e di piume sono conformi ai rigorosi standard svizzeri.<\/p>\t\t\t\t\t<\/div>\n\t\t\t\t<\/div>\n\t\t\t\t\t\t\t<div class=\"vsb_hover_box__item\">\n\t\t\t\t\t<div class=\"vsb_hover_box__name\" data-panel=\"vsb_hover_box_panel_2\">\n\t\t\t\t\t\t<h2>Tutela degli animali<\/h2>\n\t\t\t\t\t\t<img decoding=\"async\" class=\"vsb_mobile_toggle\" src=\"https:\/\/vsb-info.ch\/wp-content\/plugins\/vsb_addon\/assets\/images\/arrow_down.svg\">\n\t\t\t\t\t<\/div>\n\t\t\t\t\t<div class=\"vsb_hover_box__panel\" id=\"vsb_hover_box_panel_2\">\n\t\t\t\t\t\t<p><strong>Tutela degli animali.<\/strong><\/p><p>Negli articoli da letto VSB sono presenti piumini e piume provenienti esclusivamente da animali non sottoposti all\u2019ingrasso forzato n\u00e9 alla spiumatura in vivo. Pertanto, tutti i membri sono titolari della certificazione DOWNPASS (<a href=\"http:\/\/www.downpass.com\" target=\"_blank\" rel=\"noopener\">www.downpass.com<\/a>).<\/p>\t\t\t\t\t<\/div>\n\t\t\t\t<\/div>\n\t\t\t\t\t\t\t<div class=\"vsb_hover_box__item\">\n\t\t\t\t\t<div class=\"vsb_hover_box__name\" data-panel=\"vsb_hover_box_panel_3\">\n\t\t\t\t\t\t<h2>Igienico<\/h2>\n\t\t\t\t\t\t<img decoding=\"async\" class=\"vsb_mobile_toggle\" src=\"https:\/\/vsb-info.ch\/wp-content\/plugins\/vsb_addon\/assets\/images\/arrow_down.svg\">\n\t\t\t\t\t<\/div>\n\t\t\t\t\t<div class=\"vsb_hover_box__panel\" id=\"vsb_hover_box_panel_3\">\n\t\t\t\t\t\t<p><strong>Igienico.<\/strong><\/p><p>Seguendo rigorosi requisiti igienici i fiocchi di piumino e le piume vengono lavati con detergenti biodegradabili e asciugati a una temperatura di 100\u00b0C per eliminare tutti i germi.<\/p>\t\t\t\t\t<\/div>\n\t\t\t\t<\/div>\n\t\t\t\t\t\t\t<div class=\"vsb_hover_box__item\">\n\t\t\t\t\t<div class=\"vsb_hover_box__name\" data-panel=\"vsb_hover_box_panel_4\">\n\t\t\t\t\t\t<h2>Purezza<\/h2>\n\t\t\t\t\t\t<img decoding=\"async\" class=\"vsb_mobile_toggle\" src=\"https:\/\/vsb-info.ch\/wp-content\/plugins\/vsb_addon\/assets\/images\/arrow_down.svg\">\n\t\t\t\t\t<\/div>\n\t\t\t\t\t<div class=\"vsb_hover_box__panel\" id=\"vsb_hover_box_panel_4\">\n\t\t\t\t\t\t<p><strong>Purezza.<\/strong><\/p><p>I fiocchi di piumino e le piume sono sottoposti a un accurato lavaggio con acqua fresca e pulita.<\/p>\t\t\t\t\t<\/div>\n\t\t\t\t<\/div>\n\t\t\t\t\t\t\t<div class=\"vsb_hover_box__item\">\n\t\t\t\t\t<div class=\"vsb_hover_box__name\" data-panel=\"vsb_hover_box_panel_5\">\n\t\t\t\t\t\t<h2>Protezione dagli acari<\/h2>\n\t\t\t\t\t\t<img decoding=\"async\" class=\"vsb_mobile_toggle\" src=\"https:\/\/vsb-info.ch\/wp-content\/plugins\/vsb_addon\/assets\/images\/arrow_down.svg\">\n\t\t\t\t\t<\/div>\n\t\t\t\t\t<div class=\"vsb_hover_box__panel\" id=\"vsb_hover_box_panel_5\">\n\t\t\t\t\t\t<p><strong>Protezione dagli acari.<\/strong><\/p><p>Il tessuto di rivestimento del piumone in piumino o del cuscino in piuma ha una trama cos\u00ec compatta da impedire la penetrazione di acari (<a href=\"http:\/\/www.nomite.com\" target=\"_blank\" rel=\"noopener\">www.nomite.com<\/a>).<\/p>\t\t\t\t\t<\/div>\n\t\t\t\t<\/div>\n\t\t\t\t\t\t\t<div class=\"vsb_hover_box__item\">\n\t\t\t\t\t<div class=\"vsb_hover_box__name\" data-panel=\"vsb_hover_box_panel_6\">\n\t\t\t\t\t\t<h2>Rispettoso dell\u2019ambiente<\/h2>\n\t\t\t\t\t\t<img decoding=\"async\" class=\"vsb_mobile_toggle\" src=\"https:\/\/vsb-info.ch\/wp-content\/plugins\/vsb_addon\/assets\/images\/arrow_down.svg\">\n\t\t\t\t\t<\/div>\n\t\t\t\t\t<div class=\"vsb_hover_box__panel\" id=\"vsb_hover_box_panel_6\">\n\t\t\t\t\t\t<p><strong>Rispettoso dell\u2019ambiente.<\/strong><\/p><p>Le imbottiture in piumino producono un\u2019impronta ecologica fino a dieci volte inferiore rispetto a quelle sintetiche (<a href=\"http:\/\/www.idfb.net\" target=\"_blank\" rel=\"noopener\">www.idfb.net<\/a>).<\/p>\t\t\t\t\t<\/div>\n\t\t\t\t<\/div>\n\t\t\t\t\t\t\t<div class=\"vsb_hover_box__item\">\n\t\t\t\t\t<div class=\"vsb_hover_box__name\" data-panel=\"vsb_hover_box_panel_7\">\n\t\t\t\t\t\t<h2>Riciclaggio<\/h2>\n\t\t\t\t\t\t<img decoding=\"async\" class=\"vsb_mobile_toggle\" src=\"https:\/\/vsb-info.ch\/wp-content\/plugins\/vsb_addon\/assets\/images\/arrow_down.svg\">\n\t\t\t\t\t<\/div>\n\t\t\t\t\t<div class=\"vsb_hover_box__panel\" id=\"vsb_hover_box_panel_7\">\n\t\t\t\t\t\t<p><strong>Riciclaggio.<\/strong><\/p><p>I piumoni in piumino e i cuscini in piuma possono essere smaltiti nei punti di raccolta o riconsegnati al produttore. In questo modo gli articoli da letto vengono riciclati nel rispetto dell\u2019ambiente.<\/p>\t\t\t\t\t<\/div>\n\t\t\t\t<\/div>\n\t\t\t\t\t\t\t<div class=\"vsb_hover_box__item\">\n\t\t\t\t\t<div class=\"vsb_hover_box__name\" data-panel=\"vsb_hover_box_panel_8\">\n\t\t\t\t\t\t<h2>Protezione<\/h2>\n\t\t\t\t\t\t<img decoding=\"async\" class=\"vsb_mobile_toggle\" src=\"https:\/\/vsb-info.ch\/wp-content\/plugins\/vsb_addon\/assets\/images\/arrow_down.svg\">\n\t\t\t\t\t<\/div>\n\t\t\t\t\t<div class=\"vsb_hover_box__panel\" id=\"vsb_hover_box_panel_8\">\n\t\t\t\t\t\t<p><strong>Protezione.<\/strong><\/p><p>L\u2019ufficio di conciliazione dell\u2019associazione VSB interviene quando i consumatori o le consumatrici ritengono che non siano stati soddisfatti i requisiti di qualit\u00e0 promessi.<\/p>\t\t\t\t\t<\/div>\n\t\t\t\t<\/div>\n\t\t\t\t\t<\/div>\n\t\t\t\t\t\t<\/div>\n\t\t\t\t<\/div>\n\t\t\t\t\t<\/div>\n\t\t\t\t<\/div>\n\t\t<div class=\"elementor-element elementor-element-ba1dee7 e-flex e-con-boxed e-con e-parent\" data-id=\"ba1dee7\" data-element_type=\"container\" data-e-type=\"container\">\n\t\t\t\t\t<div class=\"e-con-inner\">\n\t\t\t\t<div class=\"elementor-element elementor-element-e450d70 elementor-widget elementor-widget-video\" data-id=\"e450d70\" data-element_type=\"widget\" data-e-type=\"widget\" data-settings=\"{&quot;video_type&quot;:&quot;hosted&quot;,&quot;controls&quot;:&quot;yes&quot;}\" data-widget_type=\"video.default\">\n\t\t\t\t<div class=\"elementor-widget-container\">\n\t\t\t\t\t\t\t<div class=\"e-hosted-video elementor-wrapper elementor-open-inline\">\n\t\t\t\t\t<video class=\"elementor-video\" src=\"https:\/\/vsb-info.ch\/wp-content\/themes\/vsb\/assets\/videos\/260306_vsbfilm_story_k7_I.mp4\" controls=\"\" preload=\"metadata\" controlsList=\"nodownload\"><\/video>\n\t\t\t\t<\/div>\n\t\t\t\t\t\t<\/div>\n\t\t\t\t<\/div>\n\t\t\t\t\t<\/div>\n\t\t\t\t<\/div>\n\t\t<div class=\"elementor-element elementor-element-35115fd e-flex e-con-boxed e-con e-parent\" data-id=\"35115fd\" data-element_type=\"container\" data-e-type=\"container\">\n\t\t\t\t\t<div class=\"e-con-inner\">\n\t\t\t\t<div class=\"elementor-element elementor-element-234d71e elementor-widget elementor-widget-heading\" data-id=\"234d71e\" data-element_type=\"widget\" data-e-type=\"widget\" data-widget_type=\"heading.default\">\n\t\t\t\t<div class=\"elementor-widget-container\">\n\t\t\t\t\t<h2 class=\"elementor-heading-title elementor-size-default\">Downpass, Nomite e Swiss \/ Liechtenstein made<\/h2>\t\t\t\t<\/div>\n\t\t\t\t<\/div>\n\t\t\t\t<div class=\"elementor-element elementor-element-865abb2 elementor-widget elementor-widget-text-editor\" data-id=\"865abb2\" data-element_type=\"widget\" data-e-type=\"widget\" data-widget_type=\"text-editor.default\">\n\t\t\t\t<div class=\"elementor-widget-container\">\n\t\t\t\t\t\t\t\t\t<p>Gli articoli da letto \u00abSWISS QUALITY DOWN\u00bb soddisfano i pi\u00f9 alti <strong>standard internazionali<\/strong> e offrono la <strong>qualit\u00e0 svizzera<\/strong>. Ogni articolo da letto VSB \u00e8 anche <strong>certificato Downpass e Nomite<\/strong> ed \u00e8 prodotto in Svizzera o nel Liechtenstein:<\/p>\t\t\t\t\t\t\t\t<\/div>\n\t\t\t\t<\/div>\n\t\t\t\t\t<\/div>\n\t\t\t\t<\/div>\n\t\t<div class=\"elementor-element elementor-element-0d41215 vsb-w-row-1 e-flex e-con-boxed e-con e-parent\" data-id=\"0d41215\" data-element_type=\"container\" data-e-type=\"container\">\n\t\t\t\t\t<div class=\"e-con-inner\">\n\t\t<div class=\"elementor-element elementor-element-401a970 e-con-full elementor-hidden-mobile e-flex e-con e-child\" data-id=\"401a970\" data-element_type=\"container\" data-e-type=\"container\">\n\t\t\t\t<div class=\"elementor-element elementor-element-069ed82 elementor-widget__width-initial elementor-widget-divider--view-line elementor-widget elementor-widget-divider\" data-id=\"069ed82\" data-element_type=\"widget\" data-e-type=\"widget\" data-widget_type=\"divider.default\">\n\t\t\t\t<div class=\"elementor-widget-container\">\n\t\t\t\t\t\t\t<div class=\"elementor-divider\">\n\t\t\t<span class=\"elementor-divider-separator\">\n\t\t\t\t\t\t<\/span>\n\t\t<\/div>\n\t\t\t\t\t\t<\/div>\n\t\t\t\t<\/div>\n\t\t\t\t<div class=\"elementor-element elementor-element-43e33a1 elementor-widget__width-initial elementor-absolute vsb-vertical-half elementor-widget-divider--view-line elementor-widget elementor-widget-divider\" data-id=\"43e33a1\" data-element_type=\"widget\" data-e-type=\"widget\" data-settings=\"{&quot;_position&quot;:&quot;absolute&quot;}\" data-widget_type=\"divider.default\">\n\t\t\t\t<div class=\"elementor-widget-container\">\n\t\t\t\t\t\t\t<div class=\"elementor-divider\">\n\t\t\t<span class=\"elementor-divider-separator\">\n\t\t\t\t\t\t<\/span>\n\t\t<\/div>\n\t\t\t\t\t\t<\/div>\n\t\t\t\t<\/div>\n\t\t\t\t<\/div>\n\t\t<div class=\"elementor-element elementor-element-342757f e-con-full e-flex e-con e-child\" data-id=\"342757f\" data-element_type=\"container\" data-e-type=\"container\">\n\t\t\t\t<div class=\"elementor-element elementor-element-0043598 vsb-swiss-guaranty elementor-widget elementor-widget-image\" data-id=\"0043598\" data-element_type=\"widget\" data-e-type=\"widget\" data-widget_type=\"image.default\">\n\t\t\t\t<div class=\"elementor-widget-container\">\n\t\t\t\t\t\t\t\t\t\t\t\t\t\t\t<img decoding=\"async\" src=\"https:\/\/vsb-info.ch\/wp-content\/uploads\/2025\/12\/vsb-qualitydown-label-RGB.svg\" title=\"vsb-qualitydown-label-RGB\" alt=\"vsb-qualitydown-label-RGB\" loading=\"lazy\" \/>\t\t\t\t\t\t\t\t\t\t\t\t\t\t\t<\/div>\n\t\t\t\t<\/div>\n\t\t\t\t<div class=\"elementor-element elementor-element-cd4b55c elementor-absolute elementor-hidden-mobile elementor-widget-divider--view-line elementor-widget elementor-widget-divider\" data-id=\"cd4b55c\" data-element_type=\"widget\" data-e-type=\"widget\" data-settings=\"{&quot;_position&quot;:&quot;absolute&quot;}\" data-widget_type=\"divider.default\">\n\t\t\t\t<div class=\"elementor-widget-container\">\n\t\t\t\t\t\t\t<div class=\"elementor-divider\">\n\t\t\t<span class=\"elementor-divider-separator\">\n\t\t\t\t\t\t<\/span>\n\t\t<\/div>\n\t\t\t\t\t\t<\/div>\n\t\t\t\t<\/div>\n\t\t\t\t<\/div>\n\t\t<div class=\"elementor-element elementor-element-8f1947f e-con-full elementor-hidden-mobile e-flex e-con e-child\" data-id=\"8f1947f\" data-element_type=\"container\" data-e-type=\"container\">\n\t\t\t\t<div class=\"elementor-element elementor-element-b7fc872 elementor-widget__width-initial elementor-widget-divider--view-line elementor-widget elementor-widget-divider\" data-id=\"b7fc872\" data-element_type=\"widget\" data-e-type=\"widget\" data-widget_type=\"divider.default\">\n\t\t\t\t<div class=\"elementor-widget-container\">\n\t\t\t\t\t\t\t<div class=\"elementor-divider\">\n\t\t\t<span class=\"elementor-divider-separator\">\n\t\t\t\t\t\t<\/span>\n\t\t<\/div>\n\t\t\t\t\t\t<\/div>\n\t\t\t\t<\/div>\n\t\t\t\t<div class=\"elementor-element elementor-element-2d45f36 elementor-widget__width-initial elementor-absolute vsb-vertical-half elementor-widget-divider--view-line elementor-widget elementor-widget-divider\" data-id=\"2d45f36\" data-element_type=\"widget\" data-e-type=\"widget\" data-settings=\"{&quot;_position&quot;:&quot;absolute&quot;}\" data-widget_type=\"divider.default\">\n\t\t\t\t<div class=\"elementor-widget-container\">\n\t\t\t\t\t\t\t<div class=\"elementor-divider\">\n\t\t\t<span class=\"elementor-divider-separator\">\n\t\t\t\t\t\t<\/span>\n\t\t<\/div>\n\t\t\t\t\t\t<\/div>\n\t\t\t\t<\/div>\n\t\t\t\t<\/div>\n\t\t\t\t\t<\/div>\n\t\t\t\t<\/div>\n\t\t<div class=\"elementor-element elementor-element-051c5c6 vsb-w-row-2 e-flex e-con-boxed e-con e-parent\" data-id=\"051c5c6\" data-element_type=\"container\" data-e-type=\"container\">\n\t\t\t\t\t<div class=\"e-con-inner\">\n\t\t<div class=\"elementor-element elementor-element-d18a941 e-con-full elementor-hidden-mobile e-flex e-con e-child\" data-id=\"d18a941\" data-element_type=\"container\" data-e-type=\"container\">\n\t\t\t\t<div class=\"elementor-element elementor-element-fd446a4 elementor-widget__width-initial elementor-widget-divider--view-line elementor-widget elementor-widget-divider\" data-id=\"fd446a4\" data-element_type=\"widget\" data-e-type=\"widget\" data-widget_type=\"divider.default\">\n\t\t\t\t<div class=\"elementor-widget-container\">\n\t\t\t\t\t\t\t<div class=\"elementor-divider\">\n\t\t\t<span class=\"elementor-divider-separator\">\n\t\t\t\t\t\t<\/span>\n\t\t<\/div>\n\t\t\t\t\t\t<\/div>\n\t\t\t\t<\/div>\n\t\t\t\t<\/div>\n\t\t<div class=\"elementor-element elementor-element-236c148 e-con-full e-flex e-con e-child\" data-id=\"236c148\" data-element_type=\"container\" data-e-type=\"container\">\n\t\t\t\t<div class=\"elementor-element elementor-element-c837a3e elementor-widget__width-initial elementor-widget-divider--view-line elementor-widget elementor-widget-divider\" data-id=\"c837a3e\" data-element_type=\"widget\" data-e-type=\"widget\" data-widget_type=\"divider.default\">\n\t\t\t\t<div class=\"elementor-widget-container\">\n\t\t\t\t\t\t\t<div class=\"elementor-divider\">\n\t\t\t<span class=\"elementor-divider-separator\">\n\t\t\t\t\t\t<\/span>\n\t\t<\/div>\n\t\t\t\t\t\t<\/div>\n\t\t\t\t<\/div>\n\t\t\t\t<\/div>\n\t\t<div class=\"elementor-element elementor-element-ecfecd5 e-con-full elementor-hidden-mobile e-flex e-con e-child\" data-id=\"ecfecd5\" data-element_type=\"container\" data-e-type=\"container\">\n\t\t\t\t<div class=\"elementor-element elementor-element-1b824b6 elementor-widget__width-initial elementor-widget-divider--view-line elementor-widget elementor-widget-divider\" data-id=\"1b824b6\" data-element_type=\"widget\" data-e-type=\"widget\" data-widget_type=\"divider.default\">\n\t\t\t\t<div class=\"elementor-widget-container\">\n\t\t\t\t\t\t\t<div class=\"elementor-divider\">\n\t\t\t<span class=\"elementor-divider-separator\">\n\t\t\t\t\t\t<\/span>\n\t\t<\/div>\n\t\t\t\t\t\t<\/div>\n\t\t\t\t<\/div>\n\t\t\t\t<\/div>\n\t\t\t\t\t<\/div>\n\t\t\t\t<\/div>\n\t\t<div class=\"elementor-element elementor-element-869354f e-flex e-con-boxed e-con e-parent\" data-id=\"869354f\" data-element_type=\"container\" data-e-type=\"container\">\n\t\t\t\t\t<div class=\"e-con-inner\">\n\t\t<div class=\"elementor-element elementor-element-68d4fbb e-con-full e-flex e-con e-child\" data-id=\"68d4fbb\" data-element_type=\"container\" data-e-type=\"container\">\n\t\t\t\t<div class=\"elementor-element elementor-element-60e9b10 elementor-widget elementor-widget-vsb_hover_image_widget\" data-id=\"60e9b10\" data-element_type=\"widget\" data-e-type=\"widget\" data-widget_type=\"vsb_hover_image_widget.default\">\n\t\t\t\t<div class=\"elementor-widget-container\">\n\t\t\t\t\t\t\t<div class=\"vsb_hover_image\">\n\t\t\t<div class=\"vsb_hover_image__item\">\n\t\t\t\t<img decoding=\"async\" src=\"https:\/\/vsb-info.ch\/wp-content\/uploads\/2023\/03\/logo_downpass_nl.png\"\/>\n\t\t\t\t<div class=\"vsb_hover_image__name\">\n\t\t\t\t\tDownpass\t\t\t\t<\/div>\n\t\t\t\t<div class=\"vsb_hover_image__panel\">\n\t\t\t\t\t<p>Lo standard internazionale <strong><a href=\"https:\/\/www.downpass.com\/en\/homepage\/\" target=\"_blank\" rel=\"noopener\">Downpass<\/a><\/strong> garantisce che negli articoli da letto VSB <strong>non siano utilizzati piumini e piume ottenuti da spiumatura di animali<\/strong> vivi e che le <strong>catene di fornitura siano tracciabili<\/strong>.<\/p>\t\t\t\t<\/div>\n\t\t\t<\/div>\n\t\t<\/div>\n\t\t\t\t\t\t<\/div>\n\t\t\t\t<\/div>\n\t\t\t\t<\/div>\n\t\t<div class=\"elementor-element elementor-element-167dccb e-con-full elementor-hidden-desktop elementor-hidden-laptop elementor-hidden-tablet_extra elementor-hidden-tablet e-flex e-con e-child\" data-id=\"167dccb\" data-element_type=\"container\" data-e-type=\"container\">\n\t\t\t\t<div class=\"elementor-element elementor-element-2e8fe9c elementor-widget__width-initial elementor-widget-divider--view-line elementor-widget elementor-widget-divider\" data-id=\"2e8fe9c\" data-element_type=\"widget\" data-e-type=\"widget\" data-widget_type=\"divider.default\">\n\t\t\t\t<div class=\"elementor-widget-container\">\n\t\t\t\t\t\t\t<div class=\"elementor-divider\">\n\t\t\t<span class=\"elementor-divider-separator\">\n\t\t\t\t\t\t<\/span>\n\t\t<\/div>\n\t\t\t\t\t\t<\/div>\n\t\t\t\t<\/div>\n\t\t\t\t<\/div>\n\t\t<div class=\"elementor-element elementor-element-762b7aa e-con-full e-flex e-con e-child\" data-id=\"762b7aa\" data-element_type=\"container\" data-e-type=\"container\">\n\t\t\t\t<div class=\"elementor-element elementor-element-317aacb elementor-widget elementor-widget-vsb_hover_image_widget\" data-id=\"317aacb\" data-element_type=\"widget\" data-e-type=\"widget\" data-widget_type=\"vsb_hover_image_widget.default\">\n\t\t\t\t<div class=\"elementor-widget-container\">\n\t\t\t\t\t\t\t<div class=\"vsb_hover_image\">\n\t\t\t<div class=\"vsb_hover_image__item\">\n\t\t\t\t<img decoding=\"async\" src=\"https:\/\/vsb-info.ch\/wp-content\/uploads\/2023\/03\/logo_nomite_de.png\"\/>\n\t\t\t\t<div class=\"vsb_hover_image__name\">\n\t\t\t\t\tNomite\t\t\t\t<\/div>\n\t\t\t\t<div class=\"vsb_hover_image__panel\">\n\t\t\t\t\t<p>Gli articoli da letto con <strong>l\u2019etichetta Nomite<\/strong> sono dotati di tessuti compatti che formano una <strong>barriera naturale contro gli acari<\/strong>. Sono quindi perfetti per le <a href=\"https:\/\/vsb-info.ch\/it\/consigli-per-le-allergie\/\" rel=\"noopener\"><strong>persone allergiche<\/strong><\/a>.<\/p>\n\t\t\t\t<\/div>\n\t\t\t<\/div>\n\t\t<\/div>\n\t\t\t\t\t\t<\/div>\n\t\t\t\t<\/div>\n\t\t\t\t<\/div>\n\t\t<div class=\"elementor-element elementor-element-03c51f5 elementor-hidden-desktop elementor-hidden-laptop elementor-hidden-tablet_extra elementor-hidden-tablet e-flex e-con-boxed e-con e-child\" data-id=\"03c51f5\" data-element_type=\"container\" data-e-type=\"container\">\n\t\t\t\t\t<div class=\"e-con-inner\">\n\t\t\t\t<div class=\"elementor-element elementor-element-ac84157 elementor-widget__width-initial elementor-widget-divider--view-line elementor-widget elementor-widget-divider\" data-id=\"ac84157\" data-element_type=\"widget\" data-e-type=\"widget\" data-widget_type=\"divider.default\">\n\t\t\t\t<div class=\"elementor-widget-container\">\n\t\t\t\t\t\t\t<div class=\"elementor-divider\">\n\t\t\t<span class=\"elementor-divider-separator\">\n\t\t\t\t\t\t<\/span>\n\t\t<\/div>\n\t\t\t\t\t\t<\/div>\n\t\t\t\t<\/div>\n\t\t\t\t\t<\/div>\n\t\t\t\t<\/div>\n\t\t<div class=\"elementor-element elementor-element-c315374 e-con-full e-flex e-con e-child\" data-id=\"c315374\" data-element_type=\"container\" data-e-type=\"container\">\n\t\t\t\t<div class=\"elementor-element elementor-element-d1f2fb6 elementor-widget elementor-widget-vsb_hover_image_widget\" data-id=\"d1f2fb6\" data-element_type=\"widget\" data-e-type=\"widget\" data-widget_type=\"vsb_hover_image_widget.default\">\n\t\t\t\t<div class=\"elementor-widget-container\">\n\t\t\t\t\t\t\t<div class=\"vsb_hover_image\">\n\t\t\t<div class=\"vsb_hover_image__item\">\n\t\t\t\t<img decoding=\"async\" src=\"https:\/\/vsb-info.ch\/wp-content\/uploads\/2023\/08\/warranty_crop.png\"\/>\n\t\t\t\t<div class=\"vsb_hover_image__name\">\n\t\t\t\t\tSwiss Made\t\t\t\t<\/div>\n\t\t\t\t<div class=\"vsb_hover_image__panel\">\n\t\t\t\t\t<p>Gli articoli da letto con il sigillo di qualit\u00e0 VSB vengono prodotti in <strong>Svizzera e nel Liechtenstein<\/strong>. Essi soddisfano requisiti molto severi e sono adattati alle <strong>esigenze svizzere<\/strong>.<\/p>\n\t\t\t\t<\/div>\n\t\t\t<\/div>\n\t\t<\/div>\n\t\t\t\t\t\t<\/div>\n\t\t\t\t<\/div>\n\t\t\t\t<\/div>\n\t\t\t\t\t<\/div>\n\t\t\t\t<\/div>\n\t\t\t\t<\/div>\n\t\t","protected":false},"excerpt":{"rendered":"<p>Quando fate un acquisto nel negozio come potete sapere se la qualit\u00e0 del cuscino o del piumino \u00e8 buona? Con il sigillo di qualit\u00e0 \u00abSWISS QUALITY DOWN\u00bb potete essere certi: il piumino \u00e8 sostenibile, rispettoso degli animali ed \u00e8 prodotto secondo le rigorose norme svizzere. La qualit\u00e0 dei vostri articoli da letto \u00e8 nascosta in&#8230;<\/p>\n","protected":false},"author":1,"featured_media":0,"parent":0,"menu_order":0,"comment_status":"closed","ping_status":"closed","template":"","meta":{"_acf_changed":false,"footnotes":""},"class_list":["post-3785","page","type-page","status-publish","hentry"],"acf":[],"_links":{"self":[{"href":"https:\/\/vsb-info.ch\/it\/wp-json\/wp\/v2\/pages\/3785","targetHints":{"allow":["GET"]}}],"collection":[{"href":"https:\/\/vsb-info.ch\/it\/wp-json\/wp\/v2\/pages"}],"about":[{"href":"https:\/\/vsb-info.ch\/it\/wp-json\/wp\/v2\/types\/page"}],"author":[{"embeddable":true,"href":"https:\/\/vsb-info.ch\/it\/wp-json\/wp\/v2\/users\/1"}],"replies":[{"embeddable":true,"href":"https:\/\/vsb-info.ch\/it\/wp-json\/wp\/v2\/comments?post=3785"}],"version-history":[{"count":61,"href":"https:\/\/vsb-info.ch\/it\/wp-json\/wp\/v2\/pages\/3785\/revisions"}],"predecessor-version":[{"id":5705,"href":"https:\/\/vsb-info.ch\/it\/wp-json\/wp\/v2\/pages\/3785\/revisions\/5705"}],"wp:attachment":[{"href":"https:\/\/vsb-info.ch\/it\/wp-json\/wp\/v2\/media?parent=3785"}],"curies":[{"name":"wp","href":"https:\/\/api.w.org\/{rel}","templated":true}]}}