{"id":3742,"date":"2023-02-21T19:02:33","date_gmt":"2023-02-21T18:02:33","guid":{"rendered":"https:\/\/vsb-info.kommpass-staging.ch\/membri\/"},"modified":"2023-12-19T08:04:28","modified_gmt":"2023-12-19T07:04:28","slug":"membri","status":"publish","type":"page","link":"https:\/\/vsb-info.ch\/it\/membri\/","title":{"rendered":"Membri"},"content":{"rendered":"\t\t<div data-elementor-type=\"wp-page\" data-elementor-id=\"3742\" class=\"elementor elementor-3742 elementor-150\" data-elementor-post-type=\"page\">\n\t\t\t\t<div class=\"elementor-element elementor-element-2361805a e-flex e-con-boxed e-con e-parent\" data-id=\"2361805a\" data-element_type=\"container\" data-e-type=\"container\" data-settings=\"{&quot;background_background&quot;:&quot;classic&quot;,&quot;shape_divider_bottom&quot;:&quot;curve&quot;}\">\n\t\t\t\t\t<div class=\"e-con-inner\">\n\t\t\t\t<div class=\"elementor-shape elementor-shape-bottom\" aria-hidden=\"true\" data-negative=\"false\">\n\t\t\t<svg xmlns=\"http:\/\/www.w3.org\/2000\/svg\" viewBox=\"0 0 1000 100\" preserveAspectRatio=\"none\">\n    <path class=\"elementor-shape-fill\" d=\"M1000,4.3V0H0v4.3C0.9,23.1,126.7,99.2,500,100S1000,22.7,1000,4.3z\"\/>\n<\/svg>\t\t<\/div>\n\t\t<div class=\"elementor-element elementor-element-f874539 e-con-full e-flex e-con e-parent\" data-id=\"f874539\" data-element_type=\"container\" data-e-type=\"container\">\n\t\t\t\t<div class=\"elementor-element elementor-element-19fdeb0 elementor-widget elementor-widget-heading\" data-id=\"19fdeb0\" data-element_type=\"widget\" data-e-type=\"widget\" data-widget_type=\"heading.default\">\n\t\t\t\t<div class=\"elementor-widget-container\">\n\t\t\t\t\t<h1 class=\"elementor-heading-title elementor-size-default\">Membri<\/h1>\t\t\t\t<\/div>\n\t\t\t\t<\/div>\n\t\t\t\t<div class=\"elementor-element elementor-element-5e172e14 elementor-widget elementor-widget-text-editor\" data-id=\"5e172e14\" data-element_type=\"widget\" data-e-type=\"widget\" data-widget_type=\"text-editor.default\">\n\t\t\t\t<div class=\"elementor-widget-container\">\n\t\t\t\t\t\t\t\t\t<p>L\u2019Associazione svizzera dei produttori di articoli da letto (VSB) comprende i seguenti membri e rappresenta oltre <a href=\"https:\/\/vsb-info.ch\/it\/ricerca-rivenditori\/\" rel=\"noopener\">1.000 rivenditori<\/a>.<\/p>\n\t\t\t\t\t\t\t\t<\/div>\n\t\t\t\t<\/div>\n\t\t\t\t<\/div>\n\t\t\t\t\t<\/div>\n\t\t\t\t<\/div>\n\t\t<div class=\"elementor-element elementor-element-7324e3ea e-flex e-con-boxed e-con e-parent\" data-id=\"7324e3ea\" data-element_type=\"container\" data-e-type=\"container\">\n\t\t\t\t\t<div class=\"e-con-inner\">\n\t\t<div class=\"elementor-element elementor-element-25e27a74 e-con-full vsb_border_right e-flex e-con e-parent\" data-id=\"25e27a74\" data-element_type=\"container\" data-e-type=\"container\">\n\t\t\t\t<div class=\"elementor-element elementor-element-6815234c elementor-widget elementor-widget-heading\" data-id=\"6815234c\" data-element_type=\"widget\" data-e-type=\"widget\" data-widget_type=\"heading.default\">\n\t\t\t\t<div class=\"elementor-widget-container\">\n\t\t\t\t\t<div class=\"elementor-heading-title elementor-size-default\">Membri<\/div>\t\t\t\t<\/div>\n\t\t\t\t<\/div>\n\t\t\t\t<\/div>\n\t\t<div class=\"elementor-element elementor-element-09f8b66 e-con-full e-flex e-con e-parent\" data-id=\"09f8b66\" data-element_type=\"container\" data-e-type=\"container\">\n\t\t<div class=\"elementor-element elementor-element-568e5f3b e-flex e-con-boxed e-con e-parent\" data-id=\"568e5f3b\" data-element_type=\"container\" data-e-type=\"container\">\n\t\t\t\t\t<div class=\"e-con-inner\">\n\t\t\t\t<div class=\"elementor-element elementor-element-c49e7c5 elementor-widget elementor-widget-image\" data-id=\"c49e7c5\" data-element_type=\"widget\" data-e-type=\"widget\" data-widget_type=\"image.default\">\n\t\t\t\t<div class=\"elementor-widget-container\">\n\t\t\t\t\t\t\t\t\t\t\t\t\t\t\t\t<a href=\"https:\/\/www.albis.ch\/\" target=\"_blank\" rel=\"noopener\">\n\t\t\t\t\t\t\t<img decoding=\"async\" src=\"https:\/\/vsb-info.ch\/wp-content\/uploads\/2023\/03\/albis_logo.webp\" title=\"albis_logo\" alt=\"albis_logo\" loading=\"lazy\" \/>\t\t\t\t\t\t\t\t<\/a>\n\t\t\t\t\t\t\t\t\t\t\t\t\t\t\t<\/div>\n\t\t\t\t<\/div>\n\t\t\t\t<div class=\"elementor-element elementor-element-41096d9 elementor-widget elementor-widget-text-editor\" data-id=\"41096d9\" data-element_type=\"widget\" data-e-type=\"widget\" data-widget_type=\"text-editor.default\">\n\t\t\t\t<div class=\"elementor-widget-container\">\n\t\t\t\t\t\t\t\t\t<p><a href=\"https:\/\/www.albis.ch\/\" target=\"_blank\" rel=\"noopener\"><strong>Albis Bettwarenfabrik AG<\/strong><\/a><br \/>Alte Obfelderstrasse 69, 8910 Affoltern am Albis<\/p>\n\t\t\t\t\t\t\t\t<\/div>\n\t\t\t\t<\/div>\n\t\t\t\t\t<\/div>\n\t\t\t\t<\/div>\n\t\t<div class=\"elementor-element elementor-element-96861f1 e-flex e-con-boxed e-con e-parent\" data-id=\"96861f1\" data-element_type=\"container\" data-e-type=\"container\">\n\t\t\t\t\t<div class=\"e-con-inner\">\n\t\t\t\t<div class=\"elementor-element elementor-element-03a19cc elementor-widget elementor-widget-image\" data-id=\"03a19cc\" data-element_type=\"widget\" data-e-type=\"widget\" data-widget_type=\"image.default\">\n\t\t\t\t<div class=\"elementor-widget-container\">\n\t\t\t\t\t\t\t\t\t\t\t\t\t\t\t\t<a href=\"http:\/\/www.billerbeck.ch\/de\/home.html\" target=\"_blank\" rel=\"noopener\">\n\t\t\t\t\t\t\t<img decoding=\"async\" src=\"https:\/\/vsb-info.ch\/wp-content\/uploads\/2023\/03\/billerbeck_logo.webp\" title=\"billerbeck_logo\" alt=\"billerbeck_logo\" loading=\"lazy\" \/>\t\t\t\t\t\t\t\t<\/a>\n\t\t\t\t\t\t\t\t\t\t\t\t\t\t\t<\/div>\n\t\t\t\t<\/div>\n\t\t\t\t<div class=\"elementor-element elementor-element-39f8af5 elementor-widget elementor-widget-text-editor\" data-id=\"39f8af5\" data-element_type=\"widget\" data-e-type=\"widget\" data-widget_type=\"text-editor.default\">\n\t\t\t\t<div class=\"elementor-widget-container\">\n\t\t\t\t\t\t\t\t\t<p><a href=\"http:\/\/www.billerbeck.ch\/de\/home.html\" target=\"_blank\" rel=\"noopener\"><strong>billerbeck Schweiz AG<\/strong><\/a><br \/>Br\u00fchlmattenstrasse 10, 5525 Fischbach-G\u00f6slikon<\/p>\n\t\t\t\t\t\t\t\t<\/div>\n\t\t\t\t<\/div>\n\t\t\t\t\t<\/div>\n\t\t\t\t<\/div>\n\t\t<div class=\"elementor-element elementor-element-e26caf2 e-flex e-con-boxed e-con e-parent\" data-id=\"e26caf2\" data-element_type=\"container\" data-e-type=\"container\">\n\t\t\t\t\t<div class=\"e-con-inner\">\n\t\t\t\t<div class=\"elementor-element elementor-element-13f027e elementor-widget elementor-widget-image\" data-id=\"13f027e\" data-element_type=\"widget\" data-e-type=\"widget\" data-widget_type=\"image.default\">\n\t\t\t\t<div class=\"elementor-widget-container\">\n\t\t\t\t\t\t\t\t\t\t\t\t\t\t\t\t<a href=\"https:\/\/www.dorbena.com\/\" target=\"_blank\" rel=\"noopener\">\n\t\t\t\t\t\t\t<img decoding=\"async\" src=\"https:\/\/vsb-info.ch\/wp-content\/uploads\/2023\/03\/dorbena_logo.webp\" title=\"dorbena_logo\" alt=\"dorbena_logo\" loading=\"lazy\" \/>\t\t\t\t\t\t\t\t<\/a>\n\t\t\t\t\t\t\t\t\t\t\t\t\t\t\t<\/div>\n\t\t\t\t<\/div>\n\t\t\t\t<div class=\"elementor-element elementor-element-be7d709 elementor-widget elementor-widget-text-editor\" data-id=\"be7d709\" data-element_type=\"widget\" data-e-type=\"widget\" data-widget_type=\"text-editor.default\">\n\t\t\t\t<div class=\"elementor-widget-container\">\n\t\t\t\t\t\t\t\t\t<p><a href=\"https:\/\/www.dorbena.com\/\" target=\"_blank\" rel=\"noopener\"><strong>Dorbena Bettwaren AG<\/strong><\/a><br \/>Im M\u00fchleholz 8, FL-9494 Schaan<\/p>\n\t\t\t\t\t\t\t\t<\/div>\n\t\t\t\t<\/div>\n\t\t\t\t\t<\/div>\n\t\t\t\t<\/div>\n\t\t<div class=\"elementor-element elementor-element-bd3ced5 e-flex e-con-boxed e-con e-parent\" data-id=\"bd3ced5\" data-element_type=\"container\" data-e-type=\"container\">\n\t\t\t\t\t<div class=\"e-con-inner\">\n\t\t\t\t<div class=\"elementor-element elementor-element-1748a00 elementor-widget elementor-widget-image\" data-id=\"1748a00\" data-element_type=\"widget\" data-e-type=\"widget\" data-widget_type=\"image.default\">\n\t\t\t\t<div class=\"elementor-widget-container\">\n\t\t\t\t\t\t\t\t\t\t\t\t\t\t\t\t<a href=\"https:\/\/www.kyburz-bfb.ch\/\" target=\"_blank\" rel=\"noopener\">\n\t\t\t\t\t\t\t<img decoding=\"async\" src=\"https:\/\/vsb-info.ch\/wp-content\/uploads\/2023\/03\/kyburz_logo.webp\" title=\"kyburz_logo\" alt=\"kyburz_logo\" loading=\"lazy\" \/>\t\t\t\t\t\t\t\t<\/a>\n\t\t\t\t\t\t\t\t\t\t\t\t\t\t\t<\/div>\n\t\t\t\t<\/div>\n\t\t\t\t<div class=\"elementor-element elementor-element-b3d3c63 elementor-widget elementor-widget-text-editor\" data-id=\"b3d3c63\" data-element_type=\"widget\" data-e-type=\"widget\" data-widget_type=\"text-editor.default\">\n\t\t\t\t<div class=\"elementor-widget-container\">\n\t\t\t\t\t\t\t\t\t<p><a href=\"https:\/\/www.kyburz-bfb.ch\/\" target=\"_blank\" rel=\"noopener\"><strong>Kyburz Bettwarenfabrik AG<\/strong><\/a> <br \/>Bernstrasse 19, 3122 Kehrsatz<\/p>\n\t\t\t\t\t\t\t\t<\/div>\n\t\t\t\t<\/div>\n\t\t\t\t\t<\/div>\n\t\t\t\t<\/div>\n\t\t\t\t<\/div>\n\t\t\t\t\t<\/div>\n\t\t\t\t<\/div>\n\t\t<div class=\"elementor-element elementor-element-dfa61d4 e-flex e-con-boxed e-con e-parent\" data-id=\"dfa61d4\" data-element_type=\"container\" data-e-type=\"container\">\n\t\t\t\t\t<div class=\"e-con-inner\">\n\t\t<div class=\"elementor-element elementor-element-7c99e42 e-con-full vsb_border_right e-flex e-con e-parent\" data-id=\"7c99e42\" data-element_type=\"container\" data-e-type=\"container\">\n\t\t\t\t<div class=\"elementor-element elementor-element-7b6affb elementor-widget elementor-widget-heading\" data-id=\"7b6affb\" data-element_type=\"widget\" data-e-type=\"widget\" data-widget_type=\"heading.default\">\n\t\t\t\t<div class=\"elementor-widget-container\">\n\t\t\t\t\t<div class=\"elementor-heading-title elementor-size-default\">Partner<\/div>\t\t\t\t<\/div>\n\t\t\t\t<\/div>\n\t\t\t\t<\/div>\n\t\t<div class=\"elementor-element elementor-element-e60e01c e-flex e-con-boxed e-con e-parent\" data-id=\"e60e01c\" data-element_type=\"container\" data-e-type=\"container\">\n\t\t\t\t\t<div class=\"e-con-inner\">\n\t\t\t\t<div class=\"elementor-element elementor-element-2404579 elementor-widget elementor-widget-heading\" data-id=\"2404579\" data-element_type=\"widget\" data-e-type=\"widget\" data-widget_type=\"heading.default\">\n\t\t\t\t<div class=\"elementor-widget-container\">\n\t\t\t\t\t<div class=\"elementor-heading-title elementor-size-default\">Siamo membri di:<\/div>\t\t\t\t<\/div>\n\t\t\t\t<\/div>\n\t\t\t\t<div class=\"elementor-element elementor-element-1a26140 elementor-widget elementor-widget-text-editor\" data-id=\"1a26140\" data-element_type=\"widget\" data-e-type=\"widget\" data-widget_type=\"text-editor.default\">\n\t\t\t\t<div class=\"elementor-widget-container\">\n\t\t\t\t\t\t\t\t\t<p><a href=\"https:\/\/edfa.eu\/de\/\" target=\"_blank\" rel=\"noopener\"><strong>EDFA<\/strong><\/a> \u2013 Associazione dell&#8217;industria delle piume e degli articoli da letto<\/p><p><a href=\"https:\/\/idfb.net\/\" target=\"_blank\" rel=\"noopener\"><strong>IDFB<\/strong><\/a> \u2013 International Down and Feather Bureau<\/p><p><a href=\"https:\/\/www.ginetex.ch\/it\/ginetex-switzerland\/\" target=\"_blank\" rel=\"noopener\"><strong>GINETEX<\/strong><\/a> \u2013 Organizzazione svizzera per l&#8217;etichettatura tessile<\/p><p><a href=\"https:\/\/www.sgv-usam.ch\/\" target=\"_blank\" rel=\"noopener\"><strong>USAM<\/strong><\/a> \u2013 Unione svizzera delle arti e mestieri<\/p><p><a href=\"https:\/\/www.snv.ch\/de\/\" target=\"_blank\" rel=\"noopener\"><strong>SNV<\/strong><\/a> \u2013 Associazione svizzera di normalizzazione<\/p><p><strong><a href=\"https:\/\/www.downpass.com\/de\/startseite\/\" target=\"_blank\" rel=\"noopener\">DOWNPASS<\/a><\/strong> \u2013 Etichetta che certifica la corretta tutela degli animali<\/p>\t\t\t\t\t\t\t\t<\/div>\n\t\t\t\t<\/div>\n\t\t\t\t\t<\/div>\n\t\t\t\t<\/div>\n\t\t\t\t\t<\/div>\n\t\t\t\t<\/div>\n\t\t\t\t<\/div>\n\t\t","protected":false},"excerpt":{"rendered":"<p>L\u2019Associazione svizzera dei produttori di articoli da letto (VSB) comprende i seguenti membri e rappresenta oltre 1.000 rivenditori. Membri Albis Bettwarenfabrik AGAlte Obfelderstrasse 69, 8910 Affoltern am Albis billerbeck Schweiz AGBr\u00fchlmattenstrasse 10, 5525 Fischbach-G\u00f6slikon Dorbena Bettwaren AGIm M\u00fchleholz 8, FL-9494 Schaan Kyburz Bettwarenfabrik AG Bernstrasse 19, 3122 Kehrsatz Partner Siamo membri di: EDFA \u2013 Associazione&#8230;<\/p>\n","protected":false},"author":1,"featured_media":0,"parent":0,"menu_order":0,"comment_status":"closed","ping_status":"closed","template":"","meta":{"_acf_changed":false,"footnotes":""},"class_list":["post-3742","page","type-page","status-publish","hentry"],"acf":[],"_links":{"self":[{"href":"https:\/\/vsb-info.ch\/it\/wp-json\/wp\/v2\/pages\/3742","targetHints":{"allow":["GET"]}}],"collection":[{"href":"https:\/\/vsb-info.ch\/it\/wp-json\/wp\/v2\/pages"}],"about":[{"href":"https:\/\/vsb-info.ch\/it\/wp-json\/wp\/v2\/types\/page"}],"author":[{"embeddable":true,"href":"https:\/\/vsb-info.ch\/it\/wp-json\/wp\/v2\/users\/1"}],"replies":[{"embeddable":true,"href":"https:\/\/vsb-info.ch\/it\/wp-json\/wp\/v2\/comments?post=3742"}],"version-history":[{"count":8,"href":"https:\/\/vsb-info.ch\/it\/wp-json\/wp\/v2\/pages\/3742\/revisions"}],"predecessor-version":[{"id":4650,"href":"https:\/\/vsb-info.ch\/it\/wp-json\/wp\/v2\/pages\/3742\/revisions\/4650"}],"wp:attachment":[{"href":"https:\/\/vsb-info.ch\/it\/wp-json\/wp\/v2\/media?parent=3742"}],"curies":[{"name":"wp","href":"https:\/\/api.w.org\/{rel}","templated":true}]}}