{"id":3736,"date":"2023-03-05T17:15:25","date_gmt":"2023-03-05T16:15:25","guid":{"rendered":"https:\/\/vsb-info.kommpass-staging.ch\/sostenibilita-e-riciclaggio\/"},"modified":"2024-09-17T16:37:00","modified_gmt":"2024-09-17T14:37:00","slug":"sostenibilita-e-riciclaggio","status":"publish","type":"page","link":"https:\/\/vsb-info.ch\/it\/sostenibilita-e-riciclaggio\/","title":{"rendered":"Sostenibilit\u00e0 e riciclaggio"},"content":{"rendered":"\t\t<div data-elementor-type=\"wp-page\" data-elementor-id=\"3736\" class=\"elementor elementor-3736 elementor-430\" data-elementor-post-type=\"page\">\n\t\t\t\t<div class=\"elementor-element elementor-element-20ef2c01 e-flex e-con-boxed e-con e-parent\" data-id=\"20ef2c01\" data-element_type=\"container\" data-e-type=\"container\" data-settings=\"{&quot;background_background&quot;:&quot;classic&quot;,&quot;shape_divider_bottom&quot;:&quot;curve&quot;}\">\n\t\t\t\t\t<div class=\"e-con-inner\">\n\t\t\t\t<div class=\"elementor-shape elementor-shape-bottom\" aria-hidden=\"true\" data-negative=\"false\">\n\t\t\t<svg xmlns=\"http:\/\/www.w3.org\/2000\/svg\" viewBox=\"0 0 1000 100\" preserveAspectRatio=\"none\">\n    <path class=\"elementor-shape-fill\" d=\"M1000,4.3V0H0v4.3C0.9,23.1,126.7,99.2,500,100S1000,22.7,1000,4.3z\"\/>\n<\/svg>\t\t<\/div>\n\t\t<div class=\"elementor-element elementor-element-3c5c6864 e-con-full e-flex e-con e-child\" data-id=\"3c5c6864\" data-element_type=\"container\" data-e-type=\"container\">\n\t\t\t\t<div class=\"elementor-element elementor-element-7a9c4b1f elementor-widget elementor-widget-heading\" data-id=\"7a9c4b1f\" data-element_type=\"widget\" data-e-type=\"widget\" data-widget_type=\"heading.default\">\n\t\t\t\t<div class=\"elementor-widget-container\">\n\t\t\t\t\t<h1 class=\"elementor-heading-title elementor-size-default\">Sostenibilit\u00e0 e riciclaggio<\/h1>\t\t\t\t<\/div>\n\t\t\t\t<\/div>\n\t\t\t\t<div class=\"elementor-element elementor-element-14dd9a1f elementor-widget elementor-widget-text-editor\" data-id=\"14dd9a1f\" data-element_type=\"widget\" data-e-type=\"widget\" data-widget_type=\"text-editor.default\">\n\t\t\t\t<div class=\"elementor-widget-container\">\n\t\t\t\t\t\t\t\t\t<p>Perch\u00e9 i <strong>piumini<\/strong> e i <strong>cuscini in piuma<\/strong> sono cos\u00ec <strong>sostenibili<\/strong> rispetto agli articoli da letto sintetici? Come \u00e8 possibile <strong>smaltire vecchi articoli da letto<\/strong> e che cosa succede con questi?<\/p>\n\t\t\t\t\t\t\t\t<\/div>\n\t\t\t\t<\/div>\n\t\t\t\t<\/div>\n\t\t\t\t\t<\/div>\n\t\t\t\t<\/div>\n\t\t<div class=\"elementor-element elementor-element-b62f054 e-flex e-con-boxed e-con e-parent\" data-id=\"b62f054\" data-element_type=\"container\" data-e-type=\"container\">\n\t\t\t\t\t<div class=\"e-con-inner\">\n\t\t<div class=\"elementor-element elementor-element-a1ed862 e-con-full e-flex e-con e-child\" data-id=\"a1ed862\" data-element_type=\"container\" data-e-type=\"container\">\n\t\t\t\t<div class=\"elementor-element elementor-element-5c56809 elementor-widget elementor-widget-image\" data-id=\"5c56809\" data-element_type=\"widget\" data-e-type=\"widget\" data-widget_type=\"image.default\">\n\t\t\t\t<div class=\"elementor-widget-container\">\n\t\t\t\t\t\t\t\t\t\t\t\t\t\t\t\t<a href=\"https:\/\/vsb-info.ch\/wp-content\/uploads\/2023\/08\/fullaterial-daune-scaled-new-scaled.jpg\" data-elementor-open-lightbox=\"yes\" data-elementor-lightbox-title=\"fullaterial-daune-scaled-new\" data-e-action-hash=\"#elementor-action%3Aaction%3Dlightbox%26settings%3DeyJpZCI6MTg4MCwidXJsIjoiaHR0cHM6XC9cL3ZzYi1pbmZvLmNoXC93cC1jb250ZW50XC91cGxvYWRzXC8yMDIzXC8wOFwvZnVsbGF0ZXJpYWwtZGF1bmUtc2NhbGVkLW5ldy1zY2FsZWQuanBnIn0%3D\">\n\t\t\t\t\t\t\t<img fetchpriority=\"high\" decoding=\"async\" width=\"580\" height=\"381\" src=\"https:\/\/vsb-info.ch\/wp-content\/uploads\/2023\/08\/fullaterial-daune-scaled-new-1024x673.jpg\" class=\"attachment-large size-large wp-image-1880\" alt=\"\" srcset=\"https:\/\/vsb-info.ch\/wp-content\/uploads\/2023\/08\/fullaterial-daune-scaled-new-1024x673.jpg 1024w, https:\/\/vsb-info.ch\/wp-content\/uploads\/2023\/08\/fullaterial-daune-scaled-new-300x197.jpg 300w, https:\/\/vsb-info.ch\/wp-content\/uploads\/2023\/08\/fullaterial-daune-scaled-new-768x505.jpg 768w, https:\/\/vsb-info.ch\/wp-content\/uploads\/2023\/08\/fullaterial-daune-scaled-new-1536x1009.jpg 1536w, https:\/\/vsb-info.ch\/wp-content\/uploads\/2023\/08\/fullaterial-daune-scaled-new-2048x1346.jpg 2048w, https:\/\/vsb-info.ch\/wp-content\/uploads\/2023\/08\/fullaterial-daune-scaled-new-1200x789.jpg 1200w, https:\/\/vsb-info.ch\/wp-content\/uploads\/2023\/08\/fullaterial-daune-scaled-new-1980x1301.jpg 1980w\" sizes=\"(max-width: 580px) 100vw, 580px\" \/>\t\t\t\t\t\t\t\t<\/a>\n\t\t\t\t\t\t\t\t\t\t\t\t\t\t\t<\/div>\n\t\t\t\t<\/div>\n\t\t\t\t<\/div>\n\t\t<div class=\"elementor-element elementor-element-00ef05f e-con-full e-flex e-con e-child\" data-id=\"00ef05f\" data-element_type=\"container\" data-e-type=\"container\">\n\t\t\t\t<div class=\"elementor-element elementor-element-a08a86f elementor-widget elementor-widget-text-editor\" data-id=\"a08a86f\" data-element_type=\"widget\" data-e-type=\"widget\" data-widget_type=\"text-editor.default\">\n\t\t\t\t<div class=\"elementor-widget-container\">\n\t\t\t\t\t\t\t\t\t<p>La <strong>sostenibilit\u00e0<\/strong> \u00e8 un tema sempre pi\u00f9 importante anche per gli <strong>articoli da letto<\/strong>. Le consumatrici e i consumatori desiderano avere <strong>piumini e cuscini<\/strong> con il minor impatto possibile sul nostro ambiente. Ma <strong>quanto sostenibili ed ecologici sono i piumini e i cuscini in piuma<\/strong>?<\/p>\n<p>La risposta a questa domanda emerge da uno <strong>studio<\/strong> condotto dall\u2019organizzazione indipendente Long Trail Sustainability, che ha confrontato il <strong>ciclo di vita di piumini e imbottiture sintetiche<\/strong> (poliestere). Il bilancio \u00e8 chiaro: <strong>i prodotti in piumini sono 33 volte pi\u00f9 sostenibili di quelli sintetici<\/strong>.<\/p>\n\t\t\t\t\t\t\t\t<\/div>\n\t\t\t\t<\/div>\n\t\t\t\t<div class=\"elementor-element elementor-element-6a61326 elementor-widget elementor-widget-heading\" data-id=\"6a61326\" data-element_type=\"widget\" data-e-type=\"widget\" data-widget_type=\"heading.default\">\n\t\t\t\t<div class=\"elementor-widget-container\">\n\t\t\t\t\t<h2 class=\"elementor-heading-title elementor-size-default\">Quanto sostenibili ed ecologici sono i piumini?<\/h2>\t\t\t\t<\/div>\n\t\t\t\t<\/div>\n\t\t\t\t<div class=\"elementor-element elementor-element-1241b2f elementor-widget elementor-widget-text-editor\" data-id=\"1241b2f\" data-element_type=\"widget\" data-e-type=\"widget\" data-widget_type=\"text-editor.default\">\n\t\t\t\t<div class=\"elementor-widget-container\">\n\t\t\t\t\t\t\t\t\t<p>Lo studio ha esaminato con attenzione le <strong>materie prime<\/strong> utilizzate e il <strong>processo di produzione delle imbottiture<\/strong> e ne ha analizzato l\u2019influsso su <strong>diversi fattori di sostenibilit\u00e0<\/strong>:<\/p>\n<ul>\n<li>Cambiamento climatico<\/li>\n<li>Risorse naturali<\/li>\n<li>Ecosistemi<\/li>\n<li>Salute umana<\/li>\n<li>Consumo di energia<\/li>\n<\/ul>\n<p>Il risultato: <strong>l\u2019impatto ambientale<\/strong> \u2013 la cosiddetta <strong>impronta ecologica<\/strong> \u2013 con i piumini \u00e8 <strong>dall\u201985% al 97%<\/strong> inferiore di quello del materiale di imbottitura prodotto in modo sintetico.<\/p>\n\t\t\t\t\t\t\t\t<\/div>\n\t\t\t\t<\/div>\n\t\t\t\t<\/div>\n\t\t\t\t\t<\/div>\n\t\t\t\t<\/div>\n\t\t<div class=\"elementor-element elementor-element-3c4fcb9 e-con-full e-flex e-con e-parent\" data-id=\"3c4fcb9\" data-element_type=\"container\" data-e-type=\"container\">\n\t\t\t\t<div class=\"elementor-element elementor-element-08f85d4 elementor-widget elementor-widget-kp_themenblock\" data-id=\"08f85d4\" data-element_type=\"widget\" data-e-type=\"widget\" data-widget_type=\"kp_themenblock.default\">\n\t\t\t\t<div class=\"elementor-widget-container\">\n\t\t\t\t\t\n        <div class=\"vsb-related\">\n\n            \n                <div id=\"vsb-rel-w-0\" class=\"vsb-related-wrap vsb-even\"><div id=\"vsb-rel-color-0\" class=\"vsb-related-one-blue\"><\/div><div id=\"vsb-rel-0\" class=\"vsb-related-one\"><div class=\"vsb-related-content-wrap\"><div class=\"vsb-related-content\"><h3>Perch\u00e9 i piumini sono sostenibili?<\/h3><div class=\"vsb-related-text\"><p>Lo studio non lascia alcun dubbio: chi d\u00e0 importanza a <strong>materiali ecologici e a basso impatto ambientale<\/strong> sceglie un piumino. Ma <strong>perch\u00e9 i prodotti in piuma sono cos\u00ec sostenibili<\/strong>?<\/p>\n<p>La risposta \u00e8 semplice: <strong>piumini e piume sono materiali naturali<\/strong>, che si presentano come sottoprodotto della produzione della carne. <strong>Materie prime gi\u00e0 disponibili<\/strong> acquisiscono quindi un\u2019ulteriore destinazione d\u2019uso.<\/p>\n<p>Questo non \u00e8 solo sostenibile, ma anche <strong>rispettoso degli animali<\/strong>: i membri dell\u2019associazione svizzera dei produttori di articoli da letto si sono infatti impegnati gi\u00e0 da alcuni anni a non utilizzare <strong>piumini e piume provenienti da animali vivi<\/strong>. Inoltre, i piumini e i cuscini in piume possono essere <strong>smaltiti con un basso impatto ambientale<\/strong>.<\/p>\n<\/div><\/div><\/div><div class=\"vsb-related-slider-wrap\"><div id=\"vsb-slider-0\" class=\"vsb-related-slider\"><div class=\"vsb-related-slide\" style=\"background-image: url('https:\/\/vsb-info.ch\/wp-content\/uploads\/2023\/08\/iStock-1157143450.jpg');\"><\/div><\/div><\/div>                        <script>\n                            jQuery( document ).ready(function() {\n                                jQuery('#vsb-slider-0').slick({\n                                    slidesToShow: 1,\n                                    slidesToScroll: 1,\n                                    dots: false,\n                                    arrows: true,\n                                    responsive: [\n                                        {\n                                        breakpoint: 991,\n                                        settings: {\n                                            dots: true,\n                                            arrows: false,\n                                            }\n                                        }\n                                    ]\n                                });\n                            });\n                        <\/script>\n                        <\/div><\/div>                <script>\n                    jQuery( document ).ready(function() {\n                        \n                        calcRelatedHeight(0);\n\n                        jQuery(window).resize(function(){\n                            calcRelatedHeight(0);\n                        })\n\n                    });\n                <\/script>\n                \n            \n        <\/div>\n\n        \t\t\t\t<\/div>\n\t\t\t\t<\/div>\n\t\t\t\t<\/div>\n\t\t<div class=\"elementor-element elementor-element-14f5eb2c e-flex e-con-boxed e-con e-parent\" data-id=\"14f5eb2c\" data-element_type=\"container\" data-e-type=\"container\">\n\t\t\t\t\t<div class=\"e-con-inner\">\n\t\t\t\t<div class=\"elementor-element elementor-element-6a396496 elementor-widget elementor-widget-heading\" data-id=\"6a396496\" data-element_type=\"widget\" data-e-type=\"widget\" data-widget_type=\"heading.default\">\n\t\t\t\t<div class=\"elementor-widget-container\">\n\t\t\t\t\t<h2 class=\"elementor-heading-title elementor-size-default\">Piumini e riciclaggio<\/h2>\t\t\t\t<\/div>\n\t\t\t\t<\/div>\n\t\t\t\t<div class=\"elementor-element elementor-element-749641a2 elementor-widget elementor-widget-text-editor\" data-id=\"749641a2\" data-element_type=\"widget\" data-e-type=\"widget\" data-widget_type=\"text-editor.default\">\n\t\t\t\t<div class=\"elementor-widget-container\">\n\t\t\t\t\t\t\t\t\t<p>Come abbiamo visto sopra, i piumini sono a rigore di termini una <strong>materia prima gi\u00e0 riciclata<\/strong>. Ma come <strong>si smaltiscono<\/strong> <strong>a regola d\u2019arte<\/strong> i piumini e i cuscini in piume scartati e che cosa succede poi con questi?<\/p>\n<p>Diversamente dai prodotti sintetici o di pelo naturale, gli articoli da letto in piumino e piuma possono essere consegnati nella maggior parte dei <strong>comuni contenitori di raccolta<\/strong> o nel <strong>sito di raccolta stradale<\/strong> pi\u00f9 vicino per il <strong>riciclaggio<\/strong>. L\u2019imbottitura viene poi <strong>trattata<\/strong> secondo le norme igieniche e riutilizzata, ad esempio in giacche invernali o sacchi a pelo.<\/p>\n<p>I piumini e le piume non pi\u00f9 adatti per il riutilizzo vengono <strong>trasformati in compost<\/strong> \u2013 come prodotto naturale sono <strong>biodegradabili<\/strong>. L\u2019uso di <strong>piumini riciclati per gli articoli da letto<\/strong> \u00e8 giustificata, ma non raggiunge lo stesso livello di qualit\u00e0.&nbsp;<span style=\"text-align: var(--text-align);\">il materiale riciclato giusto non \u00e8 disponibile in quantit\u00e0 sufficienti.<\/span><\/p>\t\t\t\t\t\t\t\t<\/div>\n\t\t\t\t<\/div>\n\t\t\t\t\t<\/div>\n\t\t\t\t<\/div>\n\t\t\t\t<\/div>\n\t\t","protected":false},"excerpt":{"rendered":"<p>Perch\u00e9 i piumini e i cuscini in piuma sono cos\u00ec sostenibili rispetto agli articoli da letto sintetici? Come \u00e8 possibile smaltire vecchi articoli da letto e che cosa succede con questi? La sostenibilit\u00e0 \u00e8 un tema sempre pi\u00f9 importante anche per gli articoli da letto. Le consumatrici e i consumatori desiderano avere piumini e cuscini&#8230;<\/p>\n","protected":false},"author":1,"featured_media":0,"parent":0,"menu_order":0,"comment_status":"closed","ping_status":"closed","template":"","meta":{"_acf_changed":false,"footnotes":""},"class_list":["post-3736","page","type-page","status-publish","hentry"],"acf":[],"_links":{"self":[{"href":"https:\/\/vsb-info.ch\/it\/wp-json\/wp\/v2\/pages\/3736","targetHints":{"allow":["GET"]}}],"collection":[{"href":"https:\/\/vsb-info.ch\/it\/wp-json\/wp\/v2\/pages"}],"about":[{"href":"https:\/\/vsb-info.ch\/it\/wp-json\/wp\/v2\/types\/page"}],"author":[{"embeddable":true,"href":"https:\/\/vsb-info.ch\/it\/wp-json\/wp\/v2\/users\/1"}],"replies":[{"embeddable":true,"href":"https:\/\/vsb-info.ch\/it\/wp-json\/wp\/v2\/comments?post=3736"}],"version-history":[{"count":6,"href":"https:\/\/vsb-info.ch\/it\/wp-json\/wp\/v2\/pages\/3736\/revisions"}],"predecessor-version":[{"id":4840,"href":"https:\/\/vsb-info.ch\/it\/wp-json\/wp\/v2\/pages\/3736\/revisions\/4840"}],"wp:attachment":[{"href":"https:\/\/vsb-info.ch\/it\/wp-json\/wp\/v2\/media?parent=3736"}],"curies":[{"name":"wp","href":"https:\/\/api.w.org\/{rel}","templated":true}]}}