{"id":3704,"date":"2023-03-05T17:18:10","date_gmt":"2023-03-05T16:18:10","guid":{"rendered":"https:\/\/vsb-info.kommpass-staging.ch\/la-qualita-si-ripaga-da-se\/"},"modified":"2026-02-18T11:29:32","modified_gmt":"2026-02-18T10:29:32","slug":"la-qualita-si-ripaga-da-se","status":"publish","type":"page","link":"https:\/\/vsb-info.ch\/it\/la-qualita-si-ripaga-da-se\/","title":{"rendered":"La qualit\u00e0 si ripaga da s\u00e9"},"content":{"rendered":"\t\t<div data-elementor-type=\"wp-page\" data-elementor-id=\"3704\" class=\"elementor elementor-3704 elementor-438\" data-elementor-post-type=\"page\">\n\t\t\t\t<div class=\"elementor-element elementor-element-310ac563 e-flex e-con-boxed e-con e-parent\" data-id=\"310ac563\" data-element_type=\"container\" data-e-type=\"container\" data-settings=\"{&quot;background_background&quot;:&quot;classic&quot;,&quot;shape_divider_bottom&quot;:&quot;curve&quot;}\">\n\t\t\t\t\t<div class=\"e-con-inner\">\n\t\t\t\t<div class=\"elementor-shape elementor-shape-bottom\" aria-hidden=\"true\" data-negative=\"false\">\n\t\t\t<svg xmlns=\"http:\/\/www.w3.org\/2000\/svg\" viewBox=\"0 0 1000 100\" preserveAspectRatio=\"none\">\n    <path class=\"elementor-shape-fill\" d=\"M1000,4.3V0H0v4.3C0.9,23.1,126.7,99.2,500,100S1000,22.7,1000,4.3z\"\/>\n<\/svg>\t\t<\/div>\n\t\t<div class=\"elementor-element elementor-element-7a97f635 e-con-full e-flex e-con e-child\" data-id=\"7a97f635\" data-element_type=\"container\" data-e-type=\"container\">\n\t\t\t\t<div class=\"elementor-element elementor-element-5acc77a elementor-widget elementor-widget-heading\" data-id=\"5acc77a\" data-element_type=\"widget\" data-e-type=\"widget\" data-widget_type=\"heading.default\">\n\t\t\t\t<div class=\"elementor-widget-container\">\n\t\t\t\t\t<h1 class=\"elementor-heading-title elementor-size-default\">La qualit\u00e0 si ripaga da s\u00e9<\/h1>\t\t\t\t<\/div>\n\t\t\t\t<\/div>\n\t\t\t\t<div class=\"elementor-element elementor-element-792ce379 elementor-widget elementor-widget-text-editor\" data-id=\"792ce379\" data-element_type=\"widget\" data-e-type=\"widget\" data-widget_type=\"text-editor.default\">\n\t\t\t\t<div class=\"elementor-widget-container\">\n\t\t\t\t\t\t\t\t\t<p>La <strong>qualit\u00e0 di cuscini e piumini<\/strong> svolge un ruolo chiave per un sonno riposante e sano e quindi per il <strong>benessere<\/strong> della persona. Il sigillo di qualit\u00e0 \u00abSWISS QUALITY DOWN\u00bb vi offre <strong>trasparenza e sicurezza<\/strong> nella scelta e nell\u2019acquisto di articoli da letto.<\/p>\t\t\t\t\t\t\t\t<\/div>\n\t\t\t\t<\/div>\n\t\t\t\t<\/div>\n\t\t\t\t\t<\/div>\n\t\t\t\t<\/div>\n\t\t<div class=\"elementor-element elementor-element-0884240 e-flex e-con-boxed e-con e-parent\" data-id=\"0884240\" data-element_type=\"container\" data-e-type=\"container\">\n\t\t\t\t\t<div class=\"e-con-inner\">\n\t\t<div class=\"elementor-element elementor-element-2eff22b e-flex e-con-boxed e-con e-child\" data-id=\"2eff22b\" data-element_type=\"container\" data-e-type=\"container\">\n\t\t\t\t\t<div class=\"e-con-inner\">\n\t\t<div class=\"elementor-element elementor-element-7d7feb9 e-con-full e-flex e-con e-child\" data-id=\"7d7feb9\" data-element_type=\"container\" data-e-type=\"container\">\n\t\t\t\t<div class=\"elementor-element elementor-element-be485dd elementor-widget elementor-widget-image\" data-id=\"be485dd\" data-element_type=\"widget\" data-e-type=\"widget\" data-widget_type=\"image.default\">\n\t\t\t\t<div class=\"elementor-widget-container\">\n\t\t\t\t\t\t\t\t\t\t\t\t\t\t\t<img fetchpriority=\"high\" decoding=\"async\" width=\"580\" height=\"387\" src=\"https:\/\/vsb-info.ch\/wp-content\/uploads\/2023\/03\/purple_img-1024x683.jpg\" class=\"attachment-large size-large wp-image-329\" alt=\"\" srcset=\"https:\/\/vsb-info.ch\/wp-content\/uploads\/2023\/03\/purple_img-1024x683.jpg 1024w, https:\/\/vsb-info.ch\/wp-content\/uploads\/2023\/03\/purple_img-300x200.jpg 300w, https:\/\/vsb-info.ch\/wp-content\/uploads\/2023\/03\/purple_img-768x512.jpg 768w, https:\/\/vsb-info.ch\/wp-content\/uploads\/2023\/03\/purple_img-1536x1025.jpg 1536w, https:\/\/vsb-info.ch\/wp-content\/uploads\/2023\/03\/purple_img-1200x801.jpg 1200w, https:\/\/vsb-info.ch\/wp-content\/uploads\/2023\/03\/purple_img.jpg 1920w\" sizes=\"(max-width: 580px) 100vw, 580px\" \/>\t\t\t\t\t\t\t\t\t\t\t\t\t\t\t<\/div>\n\t\t\t\t<\/div>\n\t\t\t\t<\/div>\n\t\t<div class=\"elementor-element elementor-element-790e5f7 e-con-full e-flex e-con e-child\" data-id=\"790e5f7\" data-element_type=\"container\" data-e-type=\"container\">\n\t\t\t\t<div class=\"elementor-element elementor-element-3b389bf elementor-widget elementor-widget-heading\" data-id=\"3b389bf\" data-element_type=\"widget\" data-e-type=\"widget\" data-widget_type=\"heading.default\">\n\t\t\t\t<div class=\"elementor-widget-container\">\n\t\t\t\t\t<h2 class=\"elementor-heading-title elementor-size-default\">Qualit\u00e0 degli articoli da letto e sonno tranquillo<\/h2>\t\t\t\t<\/div>\n\t\t\t\t<\/div>\n\t\t\t\t<div class=\"elementor-element elementor-element-271ee2c elementor-widget elementor-widget-text-editor\" data-id=\"271ee2c\" data-element_type=\"widget\" data-e-type=\"widget\" data-widget_type=\"text-editor.default\">\n\t\t\t\t<div class=\"elementor-widget-container\">\n\t\t\t\t\t\t\t\t\t<p>La qualit\u00e0 di un piumino viene determinata dalla <strong>percentuale<\/strong>, dalle dimensioni e quindi dalla capacit\u00e0 di <strong>riempimento dei piumini<\/strong>. In caso di fiocchi di uguali dimensioni non vi sono differenze di qualit\u00e0 tra piumini d\u2019oca e d\u2019anatra. I piumini europei sono per natura leggermente pi\u00f9 grandi di quelli asiatici e <strong>i piumini a fiocchi grandi isolano e climatizzano meglio<\/strong> di quelli a fiocchi piccoli. Di conseguenza sono anche pi\u00f9 costosi, ma offrono anche un comfort migliore e una maggiore durata.<\/p><p>Le piume vengono utilizzate per i <strong>cuscini grazie alla resistenza dei loro calami<\/strong>. Per i cuscini pi\u00f9 rigidi sono adatte le piume d\u2019oca, per quelli pi\u00f9 morbidi le piume d\u2019anatra o la combinazione di <strong>piume d\u2019oca e d\u2019anatra<\/strong>. Per un sonno sano e buono \u00e8 importante che la testa non solo sia appoggiata sul morbido, ma che abbia anche un <strong>sostegno ottimale<\/strong> in modo da scaricare la cervicale.<\/p><p>Negli articoli da letto contrassegnati con il <a href=\"https:\/\/vsb-info.ch\/it\/swiss-guaranty-vsb\/\" rel=\"noopener\"><strong>sigillo di qualit\u00e0 \u00abSWISS QUALITY DOWN\u00bb<\/strong><\/a> trovate la migliore qualit\u00e0 secondo criteri trasparenti e chiaramente definiti.<\/p>\t\t\t\t\t\t\t\t<\/div>\n\t\t\t\t<\/div>\n\t\t\t\t<\/div>\n\t\t\t\t\t<\/div>\n\t\t\t\t<\/div>\n\t\t\t\t\t<\/div>\n\t\t\t\t<\/div>\n\t\t<div class=\"elementor-element elementor-element-2709a00 e-con-full e-flex e-con e-parent\" data-id=\"2709a00\" data-element_type=\"container\" data-e-type=\"container\">\n\t\t\t\t<div class=\"elementor-element elementor-element-5750959 elementor-widget elementor-widget-kp_themenblock\" data-id=\"5750959\" data-element_type=\"widget\" data-e-type=\"widget\" data-widget_type=\"kp_themenblock.default\">\n\t\t\t\t<div class=\"elementor-widget-container\">\n\t\t\t\t\t\n        <div class=\"vsb-related\">\n\n            \n                <div id=\"vsb-rel-w-0\" class=\"vsb-related-wrap vsb-even\"><div id=\"vsb-rel-color-0\" class=\"vsb-related-one-blue\"><\/div><div id=\"vsb-rel-0\" class=\"vsb-related-one\"><div class=\"vsb-related-content-wrap\"><div class=\"vsb-related-content\"><h3>Che cosa distingue le piume dai piumini?<\/h3><div class=\"vsb-related-text\"><p>I <strong>piumini<\/strong> hanno l\u2019aspetto di leggeri fiocchi di neve e assicurano nei piumini un bilanciamento <strong>ottimale tra caldo e umidit\u00e0<\/strong> (clima del sonno). In tal senso sono gradevolmente leggeri ed estremamente sollecitabili.<\/p>\n<p>Le <strong>piume<\/strong>, diversamente dai piumini, hanno un calamo allungato e curvo, che dona loro una certa <strong>stabilit\u00e0<\/strong>, ma che grazie alla sua enorme flessibilit\u00e0 \u00e8 responsabile anche del loro <strong>effetto \u201celastico\u201d<\/strong>. Esse sono quindi perfettamente adatte come <strong>materiali di imbottitura<\/strong> per i cuscini, all\u2019interno dei quali sostengono la testa in modo confortevole, ma allo stesso tempo donano anche la stabilit\u00e0 desiderata alla nuca.<\/p>\n<\/div><\/div><\/div><div class=\"vsb-related-slider-wrap\"><div id=\"vsb-slider-0\" class=\"vsb-related-slider\"><div class=\"vsb-related-slide\" style=\"background-image: url('https:\/\/vsb-info.ch\/wp-content\/uploads\/2023\/08\/IMG_04949-Fuellung-Imperial-DP100-scaled.jpg');\"><\/div><div class=\"vsb-related-slide\" style=\"background-image: url('https:\/\/vsb-info.ch\/wp-content\/uploads\/2023\/08\/IMG_04906-HG-dblau2-Kopie-scaled.jpg');\"><\/div><\/div><\/div>                        <script>\n                            jQuery( document ).ready(function() {\n                                jQuery('#vsb-slider-0').slick({\n                                    slidesToShow: 1,\n                                    slidesToScroll: 1,\n                                    dots: false,\n                                    arrows: true,\n                                    responsive: [\n                                        {\n                                        breakpoint: 991,\n                                        settings: {\n                                            dots: true,\n                                            arrows: false,\n                                            }\n                                        }\n                                    ]\n                                });\n                            });\n                        <\/script>\n                        <\/div><\/div>                <script>\n                    jQuery( document ).ready(function() {\n                        \n                        calcRelatedHeight(0);\n\n                        jQuery(window).resize(function(){\n                            calcRelatedHeight(0);\n                        })\n\n                    });\n                <\/script>\n                \n            \n        <\/div>\n\n        \t\t\t\t<\/div>\n\t\t\t\t<\/div>\n\t\t\t\t<\/div>\n\t\t<div class=\"elementor-element elementor-element-fcdbf07 e-flex e-con-boxed e-con e-parent\" data-id=\"fcdbf07\" data-element_type=\"container\" data-e-type=\"container\">\n\t\t\t\t\t<div class=\"e-con-inner\">\n\t\t<div class=\"elementor-element elementor-element-25a31fd e-flex e-con-boxed e-con e-child\" data-id=\"25a31fd\" data-element_type=\"container\" data-e-type=\"container\">\n\t\t\t\t\t<div class=\"e-con-inner\">\n\t\t<div class=\"elementor-element elementor-element-f781245 e-con-full e-flex e-con e-child\" data-id=\"f781245\" data-element_type=\"container\" data-e-type=\"container\">\n\t\t\t\t<div class=\"elementor-element elementor-element-ee279c7 elementor-widget elementor-widget-image\" data-id=\"ee279c7\" data-element_type=\"widget\" data-e-type=\"widget\" data-widget_type=\"image.default\">\n\t\t\t\t<div class=\"elementor-widget-container\">\n\t\t\t\t\t\t\t\t\t\t\t\t\t\t\t<img decoding=\"async\" width=\"580\" height=\"580\" src=\"https:\/\/vsb-info.ch\/wp-content\/uploads\/2023\/08\/2209-Kissen-1024x1024.jpg\" class=\"attachment-large size-large wp-image-1894\" alt=\"\" srcset=\"https:\/\/vsb-info.ch\/wp-content\/uploads\/2023\/08\/2209-Kissen-1024x1024.jpg 1024w, https:\/\/vsb-info.ch\/wp-content\/uploads\/2023\/08\/2209-Kissen-300x300.jpg 300w, https:\/\/vsb-info.ch\/wp-content\/uploads\/2023\/08\/2209-Kissen-150x150.jpg 150w, https:\/\/vsb-info.ch\/wp-content\/uploads\/2023\/08\/2209-Kissen-768x768.jpg 768w, https:\/\/vsb-info.ch\/wp-content\/uploads\/2023\/08\/2209-Kissen.jpg 1080w\" sizes=\"(max-width: 580px) 100vw, 580px\" \/>\t\t\t\t\t\t\t\t\t\t\t\t\t\t\t<\/div>\n\t\t\t\t<\/div>\n\t\t\t\t<\/div>\n\t\t<div class=\"elementor-element elementor-element-d4539d9 e-con-full e-flex e-con e-child\" data-id=\"d4539d9\" data-element_type=\"container\" data-e-type=\"container\">\n\t\t\t\t<div class=\"elementor-element elementor-element-cca6f3e elementor-widget elementor-widget-heading\" data-id=\"cca6f3e\" data-element_type=\"widget\" data-e-type=\"widget\" data-widget_type=\"heading.default\">\n\t\t\t\t<div class=\"elementor-widget-container\">\n\t\t\t\t\t<h2 class=\"elementor-heading-title elementor-size-default\">Piumini e piume per la migliore qualit\u00e0 del sonno<\/h2>\t\t\t\t<\/div>\n\t\t\t\t<\/div>\n\t\t\t\t<div class=\"elementor-element elementor-element-e8eeb5e elementor-widget elementor-widget-text-editor\" data-id=\"e8eeb5e\" data-element_type=\"widget\" data-e-type=\"widget\" data-widget_type=\"text-editor.default\">\n\t\t\t\t<div class=\"elementor-widget-container\">\n\t\t\t\t\t\t\t\t\t<p>Piume e piumini naturali sono tra i migliori e pi\u00f9 apprezzati materiali di imbottitura per gli articoli da letto. Questo non deve stupirci. Finora non \u00e8 stato riscontrato un sistema di climatizzazione migliore rispetto alle sottili ramificazioni di piume e piumini con i loro milioni di camere d\u2019aria.<\/p>\n<p>Durante il sonno il piumino con piumini naturali assorbe l\u2019umidit\u00e0 rilasciata dal corpo (fino a mezzo litro di liquidi) e la restituisce all&#8217;aria al mattino. Trattiene inoltre il calore nel letto, evitando che si accumuli il calore. Questo \u00e8 necessario, ma durante il sonno riduce la temperatura corporea di circa mezzo grado.<\/p>\n\t\t\t\t\t\t\t\t<\/div>\n\t\t\t\t<\/div>\n\t\t\t\t<\/div>\n\t\t\t\t\t<\/div>\n\t\t\t\t<\/div>\n\t\t\t\t\t<\/div>\n\t\t\t\t<\/div>\n\t\t\t\t<\/div>\n\t\t","protected":false},"excerpt":{"rendered":"<p>La qualit\u00e0 si ripaga da s\u00e9 La qualit\u00e0 di cuscini e piumini svolge un ruolo chiave per un sonno riposante e sano e quindi per il benessere della persona. Il sigillo di qualit\u00e0 \u00abSWISS QUALITY DOWN\u00bb vi offre trasparenza e sicurezza nella scelta e nell\u2019acquisto di articoli da letto. Qualit\u00e0 degli articoli da letto e&#8230;<\/p>\n","protected":false},"author":1,"featured_media":0,"parent":0,"menu_order":0,"comment_status":"closed","ping_status":"closed","template":"","meta":{"_acf_changed":false,"footnotes":""},"class_list":["post-3704","page","type-page","status-publish","hentry"],"acf":[],"_links":{"self":[{"href":"https:\/\/vsb-info.ch\/it\/wp-json\/wp\/v2\/pages\/3704","targetHints":{"allow":["GET"]}}],"collection":[{"href":"https:\/\/vsb-info.ch\/it\/wp-json\/wp\/v2\/pages"}],"about":[{"href":"https:\/\/vsb-info.ch\/it\/wp-json\/wp\/v2\/types\/page"}],"author":[{"embeddable":true,"href":"https:\/\/vsb-info.ch\/it\/wp-json\/wp\/v2\/users\/1"}],"replies":[{"embeddable":true,"href":"https:\/\/vsb-info.ch\/it\/wp-json\/wp\/v2\/comments?post=3704"}],"version-history":[{"count":9,"href":"https:\/\/vsb-info.ch\/it\/wp-json\/wp\/v2\/pages\/3704\/revisions"}],"predecessor-version":[{"id":5284,"href":"https:\/\/vsb-info.ch\/it\/wp-json\/wp\/v2\/pages\/3704\/revisions\/5284"}],"wp:attachment":[{"href":"https:\/\/vsb-info.ch\/it\/wp-json\/wp\/v2\/media?parent=3704"}],"curies":[{"name":"wp","href":"https:\/\/api.w.org\/{rel}","templated":true}]}}