{"id":3700,"date":"2023-02-21T19:35:46","date_gmt":"2023-02-21T18:35:46","guid":{"rendered":"https:\/\/vsb-info.kommpass-staging.ch\/consigli-per-la-cura\/"},"modified":"2026-03-12T16:42:18","modified_gmt":"2026-03-12T15:42:18","slug":"consigli-per-la-cura","status":"publish","type":"page","link":"https:\/\/vsb-info.ch\/it\/consigli-per-la-cura\/","title":{"rendered":"Consigli per la cura"},"content":{"rendered":"\t\t<div data-elementor-type=\"wp-page\" data-elementor-id=\"3700\" class=\"elementor elementor-3700 elementor-159\" data-elementor-post-type=\"page\">\n\t\t\t\t<div class=\"elementor-element elementor-element-196b19ec e-flex e-con-boxed e-con e-parent\" data-id=\"196b19ec\" data-element_type=\"container\" data-e-type=\"container\" data-settings=\"{&quot;background_background&quot;:&quot;classic&quot;,&quot;shape_divider_bottom&quot;:&quot;curve&quot;}\">\n\t\t\t\t\t<div class=\"e-con-inner\">\n\t\t\t\t<div class=\"elementor-shape elementor-shape-bottom\" aria-hidden=\"true\" data-negative=\"false\">\n\t\t\t<svg xmlns=\"http:\/\/www.w3.org\/2000\/svg\" viewBox=\"0 0 1000 100\" preserveAspectRatio=\"none\">\n    <path class=\"elementor-shape-fill\" d=\"M1000,4.3V0H0v4.3C0.9,23.1,126.7,99.2,500,100S1000,22.7,1000,4.3z\"\/>\n<\/svg>\t\t<\/div>\n\t\t<div class=\"elementor-element elementor-element-6a425e44 e-con-full e-flex e-con e-child\" data-id=\"6a425e44\" data-element_type=\"container\" data-e-type=\"container\">\n\t\t\t\t<div class=\"elementor-element elementor-element-7ff75e30 elementor-widget elementor-widget-heading\" data-id=\"7ff75e30\" data-element_type=\"widget\" data-e-type=\"widget\" data-widget_type=\"heading.default\">\n\t\t\t\t<div class=\"elementor-widget-container\">\n\t\t\t\t\t<h1 class=\"elementor-heading-title elementor-size-default\">Lavare e curare i piumini<\/h1>\t\t\t\t<\/div>\n\t\t\t\t<\/div>\n\t\t\t\t<div class=\"elementor-element elementor-element-ad55358 elementor-widget elementor-widget-text-editor\" data-id=\"ad55358\" data-element_type=\"widget\" data-e-type=\"widget\" data-widget_type=\"text-editor.default\">\n\t\t\t\t<div class=\"elementor-widget-container\">\n\t\t\t\t\t\t\t\t\t<p>Di che tipo di <strong>manutenzione<\/strong> necessitano i <strong>piumini e i cuscini in piuma<\/strong>? Dopo quanto tempo \u00e8 necessario <strong>sostituire<\/strong> un piumino o un cuscino in piuma?<\/p>\n\t\t\t\t\t\t\t\t<\/div>\n\t\t\t\t<\/div>\n\t\t\t\t<\/div>\n\t\t\t\t\t<\/div>\n\t\t\t\t<\/div>\n\t\t<div class=\"elementor-element elementor-element-249e277 e-flex e-con-boxed e-con e-parent\" data-id=\"249e277\" data-element_type=\"container\" data-e-type=\"container\">\n\t\t\t\t\t<div class=\"e-con-inner\">\n\t\t<div class=\"elementor-element elementor-element-5030020 e-con-full e-flex e-con e-child\" data-id=\"5030020\" data-element_type=\"container\" data-e-type=\"container\">\n\t\t\t\t<div class=\"elementor-element elementor-element-9c30b9d elementor-widget elementor-widget-image\" data-id=\"9c30b9d\" data-element_type=\"widget\" data-e-type=\"widget\" data-widget_type=\"image.default\">\n\t\t\t\t<div class=\"elementor-widget-container\">\n\t\t\t\t\t\t\t\t\t\t\t\t\t\t\t<img fetchpriority=\"high\" decoding=\"async\" width=\"580\" height=\"330\" src=\"https:\/\/vsb-info.ch\/wp-content\/uploads\/2023\/02\/Bildschirmfoto-2022-09-08-um-14.27.34@2x.jpg\" class=\"attachment-large size-large wp-image-231\" alt=\"\" srcset=\"https:\/\/vsb-info.ch\/wp-content\/uploads\/2023\/02\/Bildschirmfoto-2022-09-08-um-14.27.34@2x.jpg 894w, https:\/\/vsb-info.ch\/wp-content\/uploads\/2023\/02\/Bildschirmfoto-2022-09-08-um-14.27.34@2x-300x170.jpg 300w, https:\/\/vsb-info.ch\/wp-content\/uploads\/2023\/02\/Bildschirmfoto-2022-09-08-um-14.27.34@2x-768x436.jpg 768w\" sizes=\"(max-width: 580px) 100vw, 580px\" \/>\t\t\t\t\t\t\t\t\t\t\t\t\t\t\t<\/div>\n\t\t\t\t<\/div>\n\t\t\t\t<\/div>\n\t\t<div class=\"elementor-element elementor-element-70c8b37 e-con-full e-flex e-con e-child\" data-id=\"70c8b37\" data-element_type=\"container\" data-e-type=\"container\">\n\t\t\t\t<div class=\"elementor-element elementor-element-6187d1ed elementor-widget elementor-widget-text-editor\" data-id=\"6187d1ed\" data-element_type=\"widget\" data-e-type=\"widget\" data-widget_type=\"text-editor.default\">\n\t\t\t\t<div class=\"elementor-widget-container\">\n\t\t\t\t\t\t\t\t\t<p>Quanto pi\u00f9 \u00e8 accurata la manutenzione dei <strong>piumini<\/strong> e dei <strong>cuscini<\/strong>, tanto pi\u00f9 a lungo questi prodotti soddisferanno le esigenze di comfort, garantendo una maggiore <strong>igiene a letto<\/strong>.<\/p>\n<p>Al mattino gli articoli da letto necessitano di molta <strong>aria fresca<\/strong> per <strong>eliminare l\u2019umidit\u00e0<\/strong> assorbita durante il nostro sonno. Aprite la finestra della camera da letto e scuoteteli leggermente. Per determinati piumini (<strong>del tipo a cassettoni<\/strong>), capita che l&#8217;imbottitura si sposti tutta su un lato. In tal caso, i piumini dovranno essere di tanto in tanto ridistribuiti a mano. Proteggete gli articoli da letto dai raggi del sole diretti ed evitate l&#8217;uso di battipanni e aspirapolvere.<\/p>\n\t\t\t\t\t\t\t\t<\/div>\n\t\t\t\t<\/div>\n\t\t\t\t<div class=\"elementor-element elementor-element-2a4dfbc4 elementor-widget elementor-widget-heading\" data-id=\"2a4dfbc4\" data-element_type=\"widget\" data-e-type=\"widget\" data-widget_type=\"heading.default\">\n\t\t\t\t<div class=\"elementor-widget-container\">\n\t\t\t\t\t<h2 class=\"elementor-heading-title elementor-size-default\">Lavare cuscini e piumini<\/h2>\t\t\t\t<\/div>\n\t\t\t\t<\/div>\n\t\t\t\t<div class=\"elementor-element elementor-element-2f8ab12 elementor-widget elementor-widget-text-editor\" data-id=\"2f8ab12\" data-element_type=\"widget\" data-e-type=\"widget\" data-widget_type=\"text-editor.default\">\n\t\t\t\t<div class=\"elementor-widget-container\">\n\t\t\t\t\t\t\t\t\t<p>Cuscini e piumini lavabili con i corrispondenti <strong>simboli di lavaggio riportati sull\u2019etichetta di manutenzione<\/strong> possono essere lavati a massimo 60\u00b0C. I piumini e cuscini che <strong>non sono espressamente indicati come lavabili<\/strong> non vanno mai lavati autonomamente. Ciascun piumino non lavabile dovrebbe essere fatto <strong>rigenerare in modo professionale dopo 3-5 anni massimo<\/strong>.<\/p>\n<p>In questo caso, il piumino viene svuotato, il contenuto lavato professionalmente, asciugato in modo asettico, disinfettato, arricchito con nuova imbottitura e inserito in un nuovo involucro. Dopo la pulizia, avrete quindi un <strong>piumino praticamente nuovo<\/strong>.<\/p>\n<p>Portate il piumino in un <a href=\"https:\/\/vsb-info.ch\/it\/ricerca-rivenditori\/\" rel=\"noopener\"><strong>negozio specializzato<\/strong><\/a> o inviatelo a un <a href=\"https:\/\/vsb-info.ch\/it\/membri\/\" rel=\"noopener\"><strong>membro VSB<\/strong><\/a>. Riceverete poi un preventivo gratuito. Non vale la pena <strong>lavare il cuscino<\/strong>, \u00e8 pi\u00f9 conveniente acquistarne uno nuovo. L&#8217;usura dei cuscini \u00e8 molto pi\u00f9 frequente, per cui vanno <strong>sostituiti ogni 3 anni<\/strong>.<\/p>\n\t\t\t\t\t\t\t\t<\/div>\n\t\t\t\t<\/div>\n\t\t\t\t<div class=\"elementor-element elementor-element-c09622f elementor-widget elementor-widget-heading\" data-id=\"c09622f\" data-element_type=\"widget\" data-e-type=\"widget\" id=\"istruzioni-di-lavaggio\" data-widget_type=\"heading.default\">\n\t\t\t\t<div class=\"elementor-widget-container\">\n\t\t\t\t\t<h2 class=\"elementor-heading-title elementor-size-default\">Istruzioni di lavaggio per piumini e cuscini in piuma<\/h2>\t\t\t\t<\/div>\n\t\t\t\t<\/div>\n\t\t\t\t<div class=\"elementor-element elementor-element-4c635b4 elementor-widget elementor-widget-text-editor\" data-id=\"4c635b4\" data-element_type=\"widget\" data-e-type=\"widget\" data-widget_type=\"text-editor.default\">\n\t\t\t\t<div class=\"elementor-widget-container\">\n\t\t\t\t\t\t\t\t\t<p>Se non diversamente indicato, i <strong>piumini e i cuscini in piuma lavabili<\/strong> secondo i simboli di lavaggio riportati sull\u2019etichetta di manutenzione possono essere <strong>lavati a massimo 60\u00b0C<\/strong>. Inoltre, \u00e8 necessario usare un <strong>detersivo liquido per capi delicati a pH neutro<\/strong>. Detersivi specifici sono disponibili nei negozi specializzati.<\/p>\n<ul>\n<li>Lavare piumini e cuscini <strong>separatamente<\/strong>.<\/li>\n<li>Si consiglia un programma di lavaggio con <strong>centrifuga<\/strong>.<\/li>\n<li>\u00c8 necessario <strong>ripetere<\/strong> la <strong>centrifuga<\/strong> poich\u00e9 i piumini e le piume assorbono una quantit\u00e0 di acqua pari a molte volte il loro peso proprio.<\/li>\n<li>Piumini e cuscini vanno <strong>asciugati<\/strong> nell&#8217;asciugatrice a 100\u00b0C.<\/li>\n<li><strong>Sprimacciateli<\/strong> ogni 30 minuti circa per ridurre il tempo di asciugatura, che varia da 60 a 120 minuti a seconda delle dimensioni dell\u2019asciugatrice.<\/li>\n<\/ul>\n\t\t\t\t\t\t\t\t<\/div>\n\t\t\t\t<\/div>\n\t\t<div class=\"elementor-element elementor-element-c4a3e7c e-flex e-con-boxed e-con e-child\" data-id=\"c4a3e7c\" data-element_type=\"container\" data-e-type=\"container\" data-settings=\"{&quot;background_background&quot;:&quot;classic&quot;}\">\n\t\t\t\t\t<div class=\"e-con-inner\">\n\t\t\t\t<div class=\"elementor-element elementor-element-0da8ced elementor-absolute elementor-widget elementor-widget-image\" data-id=\"0da8ced\" data-element_type=\"widget\" data-e-type=\"widget\" data-settings=\"{&quot;_position&quot;:&quot;absolute&quot;}\" data-widget_type=\"image.default\">\n\t\t\t\t<div class=\"elementor-widget-container\">\n\t\t\t\t\t\t\t\t\t\t\t\t\t\t\t<img decoding=\"async\" width=\"96\" height=\"96\" src=\"https:\/\/vsb-info.ch\/wp-content\/uploads\/2023\/03\/info_icon.svg\" class=\"attachment-full size-full wp-image-691\" alt=\"\" \/>\t\t\t\t\t\t\t\t\t\t\t\t\t\t\t<\/div>\n\t\t\t\t<\/div>\n\t\t\t\t<div class=\"elementor-element elementor-element-a22f667 elementor-widget elementor-widget-heading\" data-id=\"a22f667\" data-element_type=\"widget\" data-e-type=\"widget\" data-widget_type=\"heading.default\">\n\t\t\t\t<div class=\"elementor-widget-container\">\n\t\t\t\t\t<h2 class=\"elementor-heading-title elementor-size-default\">Importante:<\/h2>\t\t\t\t<\/div>\n\t\t\t\t<\/div>\n\t\t\t\t<div class=\"elementor-element elementor-element-125a360 elementor-widget elementor-widget-text-editor\" data-id=\"125a360\" data-element_type=\"widget\" data-e-type=\"widget\" data-widget_type=\"text-editor.default\">\n\t\t\t\t<div class=\"elementor-widget-container\">\n\t\t\t\t\t\t\t\t\t<div class=\"detailSections\">\n<div class=\"withPadding\">\n<div class=\"sidebarSection contentSection\">\n<ul>\n<li><strong>mai utilizzare ammorbidenti<\/strong><\/li>\n<li>Seguire sempre anche le <strong>istruzioni di lavaggio<\/strong> riportate sul piumino<\/li>\n<\/ul><\/div>\n<\/p><\/div>\n<\/p><\/div>\n\t\t\t\t\t\t\t\t<\/div>\n\t\t\t\t<\/div>\n\t\t\t\t\t<\/div>\n\t\t\t\t<\/div>\n\t\t\t\t<\/div>\n\t\t\t\t\t<\/div>\n\t\t\t\t<\/div>\n\t\t<div class=\"elementor-element elementor-element-5ac5f9a e-con-full e-flex e-con e-parent\" data-id=\"5ac5f9a\" data-element_type=\"container\" data-e-type=\"container\">\n\t\t\t\t<div class=\"elementor-element elementor-element-e83904d elementor-widget elementor-widget-kp_themenblock\" data-id=\"e83904d\" data-element_type=\"widget\" data-e-type=\"widget\" data-widget_type=\"kp_themenblock.default\">\n\t\t\t\t<div class=\"elementor-widget-container\">\n\t\t\t\t\t\n        <div class=\"vsb-related\">\n\n            \n                <div id=\"vsb-rel-w-0\" class=\"vsb-related-wrap vsb-even\"><div id=\"vsb-rel-color-0\" class=\"vsb-related-one-blue\"><\/div><div id=\"vsb-rel-0\" class=\"vsb-related-one\"><div class=\"vsb-related-content-wrap\"><div class=\"vsb-related-content\"><h3>Sostituzione di piumini e cuscini in piuma<\/h3><div class=\"vsb-related-text\"><p>A seconda delle loro condizioni, i <strong>piumini<\/strong> vanno sostituiti all\u2019incirca ogni 10 anni. I <strong>cuscini<\/strong> vanno sostituiti al pi\u00f9 tardi dopo 3 anni, in quanto le piume perdono rapidamente la loro capacit\u00e0 di sostegno. Piumini o cuscini dismessi possono essere restituiti al produttore o presso organizzazioni umanitarie per un <a href=\"https:\/\/vsb-info.ch\/it\/sostenibilita-e-riciclaggio\/\" rel=\"noopener\">riciclaggio ecologico<\/a>.<\/p>\n<p>Quando <strong>acquistate nuovi piumini e cuscini in piuma<\/strong> verificate la presenza del <a href=\"https:\/\/vsb-info.ch\/it\/swiss-guaranty-vsb\/\" rel=\"noopener\">sigillo di qualit\u00e0 VSB<\/a>, che garantisce la <strong>massima qualit\u00e0 svizzera<\/strong>. Avete ancora domande sulla cura e la pulizia degli articoli da letto? <a href=\"https:\/\/vsb-info.ch\/it\/kontakt\/\" rel=\"noopener\">Contattateci o<\/a> fatevi consigliare da un <strong><a href=\"https:\/\/vsb-info.ch\/it\/ricerca-rivenditori\/\" rel=\"noopener\">rivenditore VSB nelle vostre vicinanze<\/a><\/strong>!<\/p>\n<\/div><a class=\"vsb-related-link\" href=\"https:\/\/vsb-info.ch\/it\/ricerca-rivenditori\/\" target=\"_self\" rel=\"\">Trovate un rivenditore<\/a><\/div><\/div><div class=\"vsb-related-slider-wrap\"><div id=\"vsb-slider-0\" class=\"vsb-related-slider\"><div class=\"vsb-related-slide\" style=\"background-image: url('https:\/\/vsb-info.ch\/wp-content\/uploads\/2023\/03\/hero_img_yellow_mobile.jpg');\"><\/div><\/div><\/div>                        <script>\n                            jQuery( document ).ready(function() {\n                                jQuery('#vsb-slider-0').slick({\n                                    slidesToShow: 1,\n                                    slidesToScroll: 1,\n                                    dots: false,\n                                    arrows: true,\n                                    responsive: [\n                                        {\n                                        breakpoint: 991,\n                                        settings: {\n                                            dots: true,\n                                            arrows: false,\n                                            }\n                                        }\n                                    ]\n                                });\n                            });\n                        <\/script>\n                        <\/div><\/div>                <script>\n                    jQuery( document ).ready(function() {\n                        \n                        calcRelatedHeight(0);\n\n                        jQuery(window).resize(function(){\n                            calcRelatedHeight(0);\n                        })\n\n                    });\n                <\/script>\n                \n            \n        <\/div>\n\n        \t\t\t\t<\/div>\n\t\t\t\t<\/div>\n\t\t\t\t<\/div>\n\t\t\t\t<\/div>\n\t\t","protected":false},"excerpt":{"rendered":"<p>Lavare e curare i piumini Di che tipo di manutenzione necessitano i piumini e i cuscini in piuma? Dopo quanto tempo \u00e8 necessario sostituire un piumino o un cuscino in piuma? Quanto pi\u00f9 \u00e8 accurata la manutenzione dei piumini e dei cuscini, tanto pi\u00f9 a lungo questi prodotti soddisferanno le esigenze di comfort, garantendo una&#8230;<\/p>\n","protected":false},"author":1,"featured_media":0,"parent":0,"menu_order":0,"comment_status":"closed","ping_status":"closed","template":"","meta":{"_acf_changed":false,"footnotes":""},"class_list":["post-3700","page","type-page","status-publish","hentry"],"acf":[],"_links":{"self":[{"href":"https:\/\/vsb-info.ch\/it\/wp-json\/wp\/v2\/pages\/3700","targetHints":{"allow":["GET"]}}],"collection":[{"href":"https:\/\/vsb-info.ch\/it\/wp-json\/wp\/v2\/pages"}],"about":[{"href":"https:\/\/vsb-info.ch\/it\/wp-json\/wp\/v2\/types\/page"}],"author":[{"embeddable":true,"href":"https:\/\/vsb-info.ch\/it\/wp-json\/wp\/v2\/users\/1"}],"replies":[{"embeddable":true,"href":"https:\/\/vsb-info.ch\/it\/wp-json\/wp\/v2\/comments?post=3700"}],"version-history":[{"count":12,"href":"https:\/\/vsb-info.ch\/it\/wp-json\/wp\/v2\/pages\/3700\/revisions"}],"predecessor-version":[{"id":5640,"href":"https:\/\/vsb-info.ch\/it\/wp-json\/wp\/v2\/pages\/3700\/revisions\/5640"}],"wp:attachment":[{"href":"https:\/\/vsb-info.ch\/it\/wp-json\/wp\/v2\/media?parent=3700"}],"curies":[{"name":"wp","href":"https:\/\/api.w.org\/{rel}","templated":true}]}}