{"id":3698,"date":"2023-03-05T17:15:08","date_gmt":"2023-03-05T16:15:08","guid":{"rendered":"https:\/\/vsb-info.kommpass-staging.ch\/consigli-per-le-allergie\/"},"modified":"2026-03-12T16:37:26","modified_gmt":"2026-03-12T15:37:26","slug":"consigli-per-le-allergie","status":"publish","type":"page","link":"https:\/\/vsb-info.ch\/it\/consigli-per-le-allergie\/","title":{"rendered":"Consigli per le allergie"},"content":{"rendered":"\t\t<div data-elementor-type=\"wp-page\" data-elementor-id=\"3698\" class=\"elementor elementor-3698 elementor-428\" data-elementor-post-type=\"page\">\n\t\t\t\t<div class=\"elementor-element elementor-element-13d0cb40 e-flex e-con-boxed e-con e-parent\" data-id=\"13d0cb40\" data-element_type=\"container\" data-e-type=\"container\" data-settings=\"{&quot;background_background&quot;:&quot;classic&quot;,&quot;shape_divider_bottom&quot;:&quot;curve&quot;}\">\n\t\t\t\t\t<div class=\"e-con-inner\">\n\t\t\t\t<div class=\"elementor-shape elementor-shape-bottom\" aria-hidden=\"true\" data-negative=\"false\">\n\t\t\t<svg xmlns=\"http:\/\/www.w3.org\/2000\/svg\" viewBox=\"0 0 1000 100\" preserveAspectRatio=\"none\">\n    <path class=\"elementor-shape-fill\" d=\"M1000,4.3V0H0v4.3C0.9,23.1,126.7,99.2,500,100S1000,22.7,1000,4.3z\"\/>\n<\/svg>\t\t<\/div>\n\t\t<div class=\"elementor-element elementor-element-77e11165 e-con-full e-flex e-con e-child\" data-id=\"77e11165\" data-element_type=\"container\" data-e-type=\"container\">\n\t\t\t\t<div class=\"elementor-element elementor-element-51aec078 elementor-widget elementor-widget-heading\" data-id=\"51aec078\" data-element_type=\"widget\" data-e-type=\"widget\" data-widget_type=\"heading.default\">\n\t\t\t\t<div class=\"elementor-widget-container\">\n\t\t\t\t\t<h1 class=\"elementor-heading-title elementor-size-default\">Piumini per soggetti allergici<\/h1>\t\t\t\t<\/div>\n\t\t\t\t<\/div>\n\t\t\t\t<div class=\"elementor-element elementor-element-46368507 elementor-widget elementor-widget-text-editor\" data-id=\"46368507\" data-element_type=\"widget\" data-e-type=\"widget\" data-widget_type=\"text-editor.default\">\n\t\t\t\t<div class=\"elementor-widget-container\">\n\t\t\t\t\t\t\t\t\t<p>Chi <strong>soffre di allergia agli acari<\/strong> non deve rinunciare <strong>a piumini e cuscini<\/strong> <strong>in piuma naturali<\/strong>! Con gli <strong>articoli da letto<\/strong> che recano l&#8217;etichetta <strong>\u00abSWISS QUALITY DOWN\u00bb<\/strong> potete contare su articoli da letto di qualit\u00e0, un sonno sano e profondo e una <strong>protezione ottimale dagli acari<\/strong>.<\/p>\t\t\t\t\t\t\t\t<\/div>\n\t\t\t\t<\/div>\n\t\t\t\t<\/div>\n\t\t\t\t\t<\/div>\n\t\t\t\t<\/div>\n\t\t<div class=\"elementor-element elementor-element-fbef980 e-flex e-con-boxed e-con e-parent\" data-id=\"fbef980\" data-element_type=\"container\" data-e-type=\"container\">\n\t\t\t\t\t<div class=\"e-con-inner\">\n\t\t<div class=\"elementor-element elementor-element-b9810c9 e-con-full e-flex e-con e-child\" data-id=\"b9810c9\" data-element_type=\"container\" data-e-type=\"container\">\n\t\t\t\t<div class=\"elementor-element elementor-element-6cda65a elementor-widget elementor-widget-image\" data-id=\"6cda65a\" data-element_type=\"widget\" data-e-type=\"widget\" data-widget_type=\"image.default\">\n\t\t\t\t<div class=\"elementor-widget-container\">\n\t\t\t\t\t\t\t\t\t\t\t\t\t\t\t<img fetchpriority=\"high\" decoding=\"async\" width=\"580\" height=\"580\" src=\"https:\/\/vsb-info.ch\/wp-content\/uploads\/2023\/08\/Receycling-1-1024x1024.jpg\" class=\"attachment-large size-large wp-image-1872\" alt=\"\" srcset=\"https:\/\/vsb-info.ch\/wp-content\/uploads\/2023\/08\/Receycling-1-1024x1024.jpg 1024w, https:\/\/vsb-info.ch\/wp-content\/uploads\/2023\/08\/Receycling-1-300x300.jpg 300w, https:\/\/vsb-info.ch\/wp-content\/uploads\/2023\/08\/Receycling-1-150x150.jpg 150w, https:\/\/vsb-info.ch\/wp-content\/uploads\/2023\/08\/Receycling-1-768x768.jpg 768w, https:\/\/vsb-info.ch\/wp-content\/uploads\/2023\/08\/Receycling-1-1536x1536.jpg 1536w, https:\/\/vsb-info.ch\/wp-content\/uploads\/2023\/08\/Receycling-1-2048x2048.jpg 2048w, https:\/\/vsb-info.ch\/wp-content\/uploads\/2023\/08\/Receycling-1-1200x1200.jpg 1200w, https:\/\/vsb-info.ch\/wp-content\/uploads\/2023\/08\/Receycling-1-1980x1980.jpg 1980w\" sizes=\"(max-width: 580px) 100vw, 580px\" \/>\t\t\t\t\t\t\t\t\t\t\t\t\t\t\t<\/div>\n\t\t\t\t<\/div>\n\t\t\t\t<\/div>\n\t\t<div class=\"elementor-element elementor-element-9e4967b e-con-full e-flex e-con e-child\" data-id=\"9e4967b\" data-element_type=\"container\" data-e-type=\"container\">\n\t\t\t\t<div class=\"elementor-element elementor-element-2c34b2d elementor-widget elementor-widget-text-editor\" data-id=\"2c34b2d\" data-element_type=\"widget\" data-e-type=\"widget\" data-widget_type=\"text-editor.default\">\n\t\t\t\t<div class=\"elementor-widget-container\">\n\t\t\t\t\t\t\t\t\t<p><strong>I piumini e i cuscini in piuma proteggono<\/strong> dagli acari, come mostra uno studio della Neue Universit\u00e4t Kiel. Viene confutata quindi una vecchia credenza, secondo cui questi tipi di <strong>articoli da letto non sarebbero idonei per i soggetti allergici<\/strong>.<\/p>\n\t\t\t\t\t\t\t\t<\/div>\n\t\t\t\t<\/div>\n\t\t\t\t<div class=\"elementor-element elementor-element-1166760 elementor-widget elementor-widget-heading\" data-id=\"1166760\" data-element_type=\"widget\" data-e-type=\"widget\" data-widget_type=\"heading.default\">\n\t\t\t\t<div class=\"elementor-widget-container\">\n\t\t\t\t\t<h2 class=\"elementor-heading-title elementor-size-default\">Trovate un rivenditore<\/h2>\t\t\t\t<\/div>\n\t\t\t\t<\/div>\n\t\t\t\t<div class=\"elementor-element elementor-element-b442911 elementor-widget elementor-widget-text-editor\" data-id=\"b442911\" data-element_type=\"widget\" data-e-type=\"widget\" data-widget_type=\"text-editor.default\">\n\t\t\t\t<div class=\"elementor-widget-container\">\n\t\t\t\t\t\t\t\t\t<p>Come mostra lo studio, \u00e8 esattamente il contrario: \u00e8 stato accertato che i bambini che dormono con un piumino, soffrono pi\u00f9 raramente di <strong>allergia agli acari<\/strong> e che i bambini gi\u00e0 allergici lamentano con minore frequenza problemi respiratori gravi. Alla luce di queste conoscenze, gli <strong>articoli da letto imbottiti di piumini e piume<\/strong> vengono oggi consigliati anche ai soggetti allergici agli acari.<\/p><p>Per le persone allergiche agli acari \u00e8 consigliabile preferire <strong>articoli da letto lavabili<\/strong> e lavarli regolarmente. Nei piumini premiati con il <a href=\"https:\/\/vsb-info.ch\/it\/swiss-guaranty-vsb\/\" rel=\"noopener\">sigillo di qualit\u00e0 <strong>\u00abSWISS QUALITY DOWN\u00bb<\/strong><\/a> vengono utilizzati materiali che creano una barriera insuperabile per gli acari. L\u2019imbottitura \u00e8 priva di <strong>acari, germi e batteri<\/strong>, grazie all\u2019asciugatura a oltre 100\u00b0C.<\/p>\t\t\t\t\t\t\t\t<\/div>\n\t\t\t\t<\/div>\n\t\t\t\t<div class=\"elementor-element elementor-element-7b91a64 download_pdf elementor-widget elementor-widget-button\" data-id=\"7b91a64\" data-element_type=\"widget\" data-e-type=\"widget\" data-widget_type=\"button.default\">\n\t\t\t\t<div class=\"elementor-widget-container\">\n\t\t\t\t\t\t\t\t\t<div class=\"elementor-button-wrapper\">\n\t\t\t\t\t<a class=\"elementor-button elementor-button-link elementor-size-md\" href=\"https:\/\/vsb-info.ch\/wp-content\/uploads\/2023\/11\/200928-fachinfo-5-k6_-_it_web.pdf\" target=\"_blank\">\n\t\t\t\t\t\t<span class=\"elementor-button-content-wrapper\">\n\t\t\t\t\t\t<span class=\"elementor-button-icon\">\n\t\t\t\t<svg xmlns=\"http:\/\/www.w3.org\/2000\/svg\" width=\"96\" height=\"96\" viewBox=\"0 0 96 96\"><circle data-name=\"Ellipse 27\" cx=\"48\" cy=\"48\" r=\"48\" style=\"fill:#0091D2\"><\/circle><path data-name=\"Path 237\" d=\"M257.346 393.558h24.82L269.571 381.2l2.785-2.254 16.456 16.529-16.679 16.559-1.976-2.31 12.238-12.06-.251-.474h-24.8z\" transform=\"rotate(90 344.191 98.841)\" style=\"fill:#fff\"><\/path><text transform=\"translate(14 44)\" style=\"font-size:30px;font-family:Lato-Bold,Lato;font-weight:700;fill:#fff\"><tspan x=\"4.818\" y=\"30\">PDF<\/tspan><\/text><\/svg>\t\t\t<\/span>\n\t\t\t\t\t\t\t\t\t<span class=\"elementor-button-text\">Download informazioni tecniche \u00abSonno rigenerante anche per chi soffre di allergia\u00bb<\/span>\n\t\t\t\t\t<\/span>\n\t\t\t\t\t<\/a>\n\t\t\t\t<\/div>\n\t\t\t\t\t\t\t\t<\/div>\n\t\t\t\t<\/div>\n\t\t\t\t<div class=\"elementor-element elementor-element-58d5b10 elementor-widget elementor-widget-text-editor\" data-id=\"58d5b10\" data-element_type=\"widget\" data-e-type=\"widget\" data-widget_type=\"text-editor.default\">\n\t\t\t\t<div class=\"elementor-widget-container\">\n\t\t\t\t\t\t\t\t\t<p>Avete ancora <strong>domande sugli articoli da letto per soggetti allergici<\/strong>? <a href=\"https:\/\/vsb-info.ch\/it\/kontakt\/\" rel=\"noopener\">Contattateci<\/a> o chiedete in un <strong><a href=\"https:\/\/vsb-info.ch\/it\/ricerca-rivenditori\/\" rel=\"noopener\">negozio specializzato<\/a><\/strong> vicino a voi piumini e cuscini con il <a href=\"https:\/\/vsb-info.ch\/it\/swiss-guaranty-vsb\/\" rel=\"noopener\">sigillo di qualit\u00e0 VSB<\/a>!<\/p>\t\t\t\t\t\t\t\t<\/div>\n\t\t\t\t<\/div>\n\t\t\t\t<div class=\"elementor-element elementor-element-2b8bbb8 elementor-align-left elementor-widget elementor-widget-button\" data-id=\"2b8bbb8\" data-element_type=\"widget\" data-e-type=\"widget\" data-widget_type=\"button.default\">\n\t\t\t\t<div class=\"elementor-widget-container\">\n\t\t\t\t\t\t\t\t\t<div class=\"elementor-button-wrapper\">\n\t\t\t\t\t<a class=\"elementor-button elementor-button-link elementor-size-md\" href=\"https:\/\/vsb-info.ch\/it\/ricerca-rivenditori\/\">\n\t\t\t\t\t\t<span class=\"elementor-button-content-wrapper\">\n\t\t\t\t\t\t\t\t\t<span class=\"elementor-button-text\">Trova un negozio specializzato<\/span>\n\t\t\t\t\t<\/span>\n\t\t\t\t\t<\/a>\n\t\t\t\t<\/div>\n\t\t\t\t\t\t\t\t<\/div>\n\t\t\t\t<\/div>\n\t\t\t\t<\/div>\n\t\t\t\t\t<\/div>\n\t\t\t\t<\/div>\n\t\t\t\t<\/div>\n\t\t","protected":false},"excerpt":{"rendered":"<p>Piumini per soggetti allergici Chi soffre di allergia agli acari non deve rinunciare a piumini e cuscini in piuma naturali! Con gli articoli da letto che recano l&#8217;etichetta \u00abSWISS QUALITY DOWN\u00bb potete contare su articoli da letto di qualit\u00e0, un sonno sano e profondo e una protezione ottimale dagli acari. I piumini e i cuscini&#8230;<\/p>\n","protected":false},"author":1,"featured_media":0,"parent":0,"menu_order":0,"comment_status":"closed","ping_status":"closed","template":"","meta":{"_acf_changed":false,"footnotes":""},"class_list":["post-3698","page","type-page","status-publish","hentry"],"acf":[],"_links":{"self":[{"href":"https:\/\/vsb-info.ch\/it\/wp-json\/wp\/v2\/pages\/3698","targetHints":{"allow":["GET"]}}],"collection":[{"href":"https:\/\/vsb-info.ch\/it\/wp-json\/wp\/v2\/pages"}],"about":[{"href":"https:\/\/vsb-info.ch\/it\/wp-json\/wp\/v2\/types\/page"}],"author":[{"embeddable":true,"href":"https:\/\/vsb-info.ch\/it\/wp-json\/wp\/v2\/users\/1"}],"replies":[{"embeddable":true,"href":"https:\/\/vsb-info.ch\/it\/wp-json\/wp\/v2\/comments?post=3698"}],"version-history":[{"count":25,"href":"https:\/\/vsb-info.ch\/it\/wp-json\/wp\/v2\/pages\/3698\/revisions"}],"predecessor-version":[{"id":5628,"href":"https:\/\/vsb-info.ch\/it\/wp-json\/wp\/v2\/pages\/3698\/revisions\/5628"}],"wp:attachment":[{"href":"https:\/\/vsb-info.ch\/it\/wp-json\/wp\/v2\/media?parent=3698"}],"curies":[{"name":"wp","href":"https:\/\/api.w.org\/{rel}","templated":true}]}}