{"id":3781,"date":"2023-02-26T08:17:30","date_gmt":"2023-02-26T07:17:30","guid":{"rendered":"https:\/\/vsb-info.kommpass-staging.ch\/swiss-guaranty-vsb\/"},"modified":"2026-03-18T09:16:59","modified_gmt":"2026-03-18T08:16:59","slug":"swiss-guaranty-vsb","status":"publish","type":"page","link":"https:\/\/vsb-info.ch\/fr\/swiss-guaranty-vsb\/","title":{"rendered":"SWISS QUALITY DOWN"},"content":{"rendered":"\t\t<div data-elementor-type=\"wp-page\" data-elementor-id=\"3781\" class=\"elementor elementor-3781 elementor-217\" data-elementor-post-type=\"page\">\n\t\t\t\t<div class=\"elementor-element elementor-element-4ca43e04 e-flex e-con-boxed e-con e-parent\" data-id=\"4ca43e04\" data-element_type=\"container\" data-e-type=\"container\" data-settings=\"{&quot;background_background&quot;:&quot;classic&quot;,&quot;shape_divider_bottom&quot;:&quot;curve&quot;}\">\n\t\t\t\t\t<div class=\"e-con-inner\">\n\t\t\t\t<div class=\"elementor-shape elementor-shape-bottom\" aria-hidden=\"true\" data-negative=\"false\">\n\t\t\t<svg xmlns=\"http:\/\/www.w3.org\/2000\/svg\" viewBox=\"0 0 1000 100\" preserveAspectRatio=\"none\">\n    <path class=\"elementor-shape-fill\" d=\"M1000,4.3V0H0v4.3C0.9,23.1,126.7,99.2,500,100S1000,22.7,1000,4.3z\"\/>\n<\/svg>\t\t<\/div>\n\t\t<div class=\"elementor-element elementor-element-60c80f8a e-con-full e-flex e-con e-child\" data-id=\"60c80f8a\" data-element_type=\"container\" data-e-type=\"container\">\n\t\t\t\t<div class=\"elementor-element elementor-element-4996821f elementor-widget elementor-widget-heading\" data-id=\"4996821f\" data-element_type=\"widget\" data-e-type=\"widget\" data-widget_type=\"heading.default\">\n\t\t\t\t<div class=\"elementor-widget-container\">\n\t\t\t\t\t<h1 class=\"elementor-heading-title elementor-size-default\">SWISS QUALITY DOWN<\/h1>\t\t\t\t<\/div>\n\t\t\t\t<\/div>\n\t\t\t\t<div class=\"elementor-element elementor-element-32e90c75 elementor-widget elementor-widget-text-editor\" data-id=\"32e90c75\" data-element_type=\"widget\" data-e-type=\"widget\" data-widget_type=\"text-editor.default\">\n\t\t\t\t<div class=\"elementor-widget-container\">\n\t\t\t\t\t\t\t\t\t<p>Au moment de l\u2019achat en magasin, comment \u00eatre s\u00fbr de pouvoir se fier \u00e0 la <strong>qualit\u00e9 de l\u2019oreiller ou du duvet<\/strong> ? Le <strong>label de qualit\u00e9 \u00ab SWISS QUALITY DOWN \u00bb<\/strong> vous garantit que : Votre duvet en flocons de duvet est <strong>\u00e9cologique, respecte le bien-\u00eatre animal<\/strong> et qu\u2019il est fabriqu\u00e9 conform\u00e9ment aux <strong>rigoureuses normes suisses<\/strong>.<\/p>\t\t\t\t\t\t\t\t<\/div>\n\t\t\t\t<\/div>\n\t\t\t\t<\/div>\n\t\t\t\t\t<\/div>\n\t\t\t\t<\/div>\n\t\t<div class=\"elementor-element elementor-element-827761f e-flex e-con-boxed e-con e-parent\" data-id=\"827761f\" data-element_type=\"container\" data-e-type=\"container\">\n\t\t\t\t\t<div class=\"e-con-inner\">\n\t\t\t\t<div class=\"elementor-element elementor-element-1d675eee elementor-widget elementor-widget-text-editor\" data-id=\"1d675eee\" data-element_type=\"widget\" data-e-type=\"widget\" data-widget_type=\"text-editor.default\">\n\t\t\t\t<div class=\"elementor-widget-container\">\n\t\t\t\t\t\t\t\t\t<p>La <strong>qualit\u00e9 de vos articles de literie<\/strong> est profond\u00e9ment enfouie sous la housse du duvet ou de l\u2019oreiller et ne peut donc \u00eatre que difficilement v\u00e9rifi\u00e9e. Pourtant : <strong>Le contenu conditionne le climat<\/strong> et donc le <strong>bien-\u00eatre<\/strong> de votre sommeil.<\/p><p>C\u2019est pourquoi l\u2019Association suisse des manufactures de literie (VSB) a cr\u00e9\u00e9 le <strong>label de qualit\u00e9 \u00ab SWISS QUALITY DOWN \u00bb<\/strong>. Les avantages : <strong>s\u00e9curit\u00e9<\/strong> du produit que vous avez achet\u00e9, <strong>transparence<\/strong> de ses qualit\u00e9s invisibles \u00e0 l\u2019\u0153il nu. Les duvets en flocons de duvet et les oreillers en plumes dot\u00e9s d\u2019un label \u00ab SWISS QUALITY DOWN \u00bb num\u00e9rot\u00e9 et d\u2019un <strong>livret de garantie<\/strong> remplissent les exigences suivantes :<\/p>\t\t\t\t\t\t\t\t<\/div>\n\t\t\t\t<\/div>\n\t\t\t\t\t<\/div>\n\t\t\t\t<\/div>\n\t\t<div class=\"elementor-element elementor-element-a2fe401 e-flex e-con-boxed e-con e-parent\" data-id=\"a2fe401\" data-element_type=\"container\" data-e-type=\"container\">\n\t\t\t\t\t<div class=\"e-con-inner\">\n\t\t\t\t<div class=\"elementor-element elementor-element-c70660d elementor-widget elementor-widget-vsb_hover_box_widget\" data-id=\"c70660d\" data-element_type=\"widget\" data-e-type=\"widget\" data-widget_type=\"vsb_hover_box_widget.default\">\n\t\t\t\t<div class=\"elementor-widget-container\">\n\t\t\t\t\t\t\t<div class=\"vsb_hover_box\">\n\t\t\t\t\t\t\t<div class=\"vsb_hover_box__item\">\n\t\t\t\t\t<div class=\"vsb_hover_box__name\" data-panel=\"vsb_hover_box_panel_0\">\n\t\t\t\t\t\t<h2>Fabrication<\/h2>\n\t\t\t\t\t\t<img decoding=\"async\" class=\"vsb_mobile_toggle\" src=\"https:\/\/vsb-info.ch\/wp-content\/plugins\/vsb_addon\/assets\/images\/arrow_down.svg\">\n\t\t\t\t\t<\/div>\n\t\t\t\t\t<div class=\"vsb_hover_box__panel\" id=\"vsb_hover_box_panel_0\">\n\t\t\t\t\t\t<p><strong>Fabrication.<\/strong><\/p><p>Les duvets en flocons de duvet et les oreillers en plumes sont fabriqu\u00e9s en Suisse ou au Liechtenstein.<\/p>\t\t\t\t\t<\/div>\n\t\t\t\t<\/div>\n\t\t\t\t\t\t\t<div class=\"vsb_hover_box__item\">\n\t\t\t\t\t<div class=\"vsb_hover_box__name\" data-panel=\"vsb_hover_box_panel_1\">\n\t\t\t\t\t\t<h2>Transparence<\/h2>\n\t\t\t\t\t\t<img decoding=\"async\" class=\"vsb_mobile_toggle\" src=\"https:\/\/vsb-info.ch\/wp-content\/plugins\/vsb_addon\/assets\/images\/arrow_down.svg\">\n\t\t\t\t\t<\/div>\n\t\t\t\t\t<div class=\"vsb_hover_box__panel\" id=\"vsb_hover_box_panel_1\">\n\t\t\t\t\t\t<p><strong>Transparence.<\/strong><\/p><p>Toutes les informations relatives \u00e0 la teneur en plumes et duvets correspondent aux normes suisses rigoureuses.<\/p>\t\t\t\t\t<\/div>\n\t\t\t\t<\/div>\n\t\t\t\t\t\t\t<div class=\"vsb_hover_box__item\">\n\t\t\t\t\t<div class=\"vsb_hover_box__name\" data-panel=\"vsb_hover_box_panel_2\">\n\t\t\t\t\t\t<h2>Respect du bien-\u00eatre animal<\/h2>\n\t\t\t\t\t\t<img decoding=\"async\" class=\"vsb_mobile_toggle\" src=\"https:\/\/vsb-info.ch\/wp-content\/plugins\/vsb_addon\/assets\/images\/arrow_down.svg\">\n\t\t\t\t\t<\/div>\n\t\t\t\t\t<div class=\"vsb_hover_box__panel\" id=\"vsb_hover_box_panel_2\">\n\t\t\t\t\t\t<p><strong>Respect du bien-\u00eatre animal.<\/strong><\/p><p>Les articles de literie VSB n\u2019ont recours qu\u2019\u00e0 des plumes et duvets issus d\u2019une production sans plumaison \u00e0 vif ni gavage. C\u2019est pourquoi tous les membres sont certifi\u00e9s DOWNPASS (<a href=\"http:\/\/www.downpass.com\" target=\"_blank\" rel=\"noopener\">www.downpass.com<\/a>)<\/p>\t\t\t\t\t<\/div>\n\t\t\t\t<\/div>\n\t\t\t\t\t\t\t<div class=\"vsb_hover_box__item\">\n\t\t\t\t\t<div class=\"vsb_hover_box__name\" data-panel=\"vsb_hover_box_panel_3\">\n\t\t\t\t\t\t<h2>Hygi\u00e8ne<\/h2>\n\t\t\t\t\t\t<img decoding=\"async\" class=\"vsb_mobile_toggle\" src=\"https:\/\/vsb-info.ch\/wp-content\/plugins\/vsb_addon\/assets\/images\/arrow_down.svg\">\n\t\t\t\t\t<\/div>\n\t\t\t\t\t<div class=\"vsb_hover_box__panel\" id=\"vsb_hover_box_panel_3\">\n\t\t\t\t\t\t<p><strong>Hygi\u00e8ne.<\/strong><\/p><p>Le duvet et les plumes sont nettoy\u00e9s conform\u00e9ment \u00e0 des prescriptions d\u2019hygi\u00e8ne s\u00e9v\u00e8res, avec des lessives biod\u00e9gradables, puis s\u00e9ch\u00e9s \u00e0 100\u00b0C pour \u00e9liminer tout germe.<\/p>\t\t\t\t\t<\/div>\n\t\t\t\t<\/div>\n\t\t\t\t\t\t\t<div class=\"vsb_hover_box__item\">\n\t\t\t\t\t<div class=\"vsb_hover_box__name\" data-panel=\"vsb_hover_box_panel_4\">\n\t\t\t\t\t\t<h2>Puret\u00e9<\/h2>\n\t\t\t\t\t\t<img decoding=\"async\" class=\"vsb_mobile_toggle\" src=\"https:\/\/vsb-info.ch\/wp-content\/plugins\/vsb_addon\/assets\/images\/arrow_down.svg\">\n\t\t\t\t\t<\/div>\n\t\t\t\t\t<div class=\"vsb_hover_box__panel\" id=\"vsb_hover_box_panel_4\">\n\t\t\t\t\t\t<p><strong>Puret\u00e9.<\/strong><\/p><p>Les duvets et les plumes sont soigneusement lav\u00e9s \u00e0 l\u2019eau propre et fra\u00eeche. ans.<\/p>\t\t\t\t\t<\/div>\n\t\t\t\t<\/div>\n\t\t\t\t\t\t\t<div class=\"vsb_hover_box__item\">\n\t\t\t\t\t<div class=\"vsb_hover_box__name\" data-panel=\"vsb_hover_box_panel_5\">\n\t\t\t\t\t\t<h2>Protection contre les acariens<\/h2>\n\t\t\t\t\t\t<img decoding=\"async\" class=\"vsb_mobile_toggle\" src=\"https:\/\/vsb-info.ch\/wp-content\/plugins\/vsb_addon\/assets\/images\/arrow_down.svg\">\n\t\t\t\t\t<\/div>\n\t\t\t\t\t<div class=\"vsb_hover_box__panel\" id=\"vsb_hover_box_panel_5\">\n\t\t\t\t\t\t<p><strong>Protection contre les acariens.<\/strong><\/p><p>L\u2019\u00e9toffe de la housse du duvet ou de l\u2019oreiller rempli de flocons de duvet est tiss\u00e9e si serr\u00e9 que les acariens ne peuvent pas p\u00e9n\u00e9trer (<a href=\"http:\/\/www.nomite.com\" target=\"_blank\" rel=\"noopener\">www.nomite.com<\/a>).<\/p>\t\t\t\t\t<\/div>\n\t\t\t\t<\/div>\n\t\t\t\t\t\t\t<div class=\"vsb_hover_box__item\">\n\t\t\t\t\t<div class=\"vsb_hover_box__name\" data-panel=\"vsb_hover_box_panel_6\">\n\t\t\t\t\t\t<h2>Respect de l\u2019environnement<\/h2>\n\t\t\t\t\t\t<img decoding=\"async\" class=\"vsb_mobile_toggle\" src=\"https:\/\/vsb-info.ch\/wp-content\/plugins\/vsb_addon\/assets\/images\/arrow_down.svg\">\n\t\t\t\t\t<\/div>\n\t\t\t\t\t<div class=\"vsb_hover_box__panel\" id=\"vsb_hover_box_panel_6\">\n\t\t\t\t\t\t<p><strong>Respect de l\u2019environnement.<\/strong><\/p><p>Les duvets ont une empreinte \u00e9cologique jusqu\u2019\u00e0 dix fois inf\u00e9rieure \u00e0 celle des rembourrages synth\u00e9tiques (<a href=\"http:\/\/www.idfb.net\" target=\"_blank\" rel=\"noopener\">www.idfb.net<\/a>).<\/p>\t\t\t\t\t<\/div>\n\t\t\t\t<\/div>\n\t\t\t\t\t\t\t<div class=\"vsb_hover_box__item\">\n\t\t\t\t\t<div class=\"vsb_hover_box__name\" data-panel=\"vsb_hover_box_panel_7\">\n\t\t\t\t\t\t<h2>Recyclage<\/h2>\n\t\t\t\t\t\t<img decoding=\"async\" class=\"vsb_mobile_toggle\" src=\"https:\/\/vsb-info.ch\/wp-content\/plugins\/vsb_addon\/assets\/images\/arrow_down.svg\">\n\t\t\t\t\t<\/div>\n\t\t\t\t\t<div class=\"vsb_hover_box__panel\" id=\"vsb_hover_box_panel_7\">\n\t\t\t\t\t\t<p><strong>Recyclage.<\/strong><\/p><p>Les duvets et les oreillers remplis de flocons de duvet et de plumes peuvent \u00eatre d\u00e9pos\u00e9s dans les conteneurs de collecte ou aupr\u00e8s du fabricant. Les articles de literie sont ainsi recycl\u00e9s dans le respect de l\u2019environnement.<\/p>\t\t\t\t\t<\/div>\n\t\t\t\t<\/div>\n\t\t\t\t\t\t\t<div class=\"vsb_hover_box__item\">\n\t\t\t\t\t<div class=\"vsb_hover_box__name\" data-panel=\"vsb_hover_box_panel_8\">\n\t\t\t\t\t\t<h2>Protection<\/h2>\n\t\t\t\t\t\t<img decoding=\"async\" class=\"vsb_mobile_toggle\" src=\"https:\/\/vsb-info.ch\/wp-content\/plugins\/vsb_addon\/assets\/images\/arrow_down.svg\">\n\t\t\t\t\t<\/div>\n\t\t\t\t\t<div class=\"vsb_hover_box__panel\" id=\"vsb_hover_box_panel_8\">\n\t\t\t\t\t\t<p><strong>Protection.<\/strong><\/p><p>L\u2019office de conciliation de la VSB intervient si les consommateurs ou consommatrices ont des r\u00e9serves \u00e0 \u00e9mettre sur la qualit\u00e9 promise.<\/p>\t\t\t\t\t<\/div>\n\t\t\t\t<\/div>\n\t\t\t\t\t<\/div>\n\t\t\t\t\t\t<\/div>\n\t\t\t\t<\/div>\n\t\t\t\t\t<\/div>\n\t\t\t\t<\/div>\n\t\t<div class=\"elementor-element elementor-element-2ebb5b0 e-flex e-con-boxed e-con e-parent\" data-id=\"2ebb5b0\" data-element_type=\"container\" data-e-type=\"container\">\n\t\t\t\t\t<div class=\"e-con-inner\">\n\t\t\t\t<div class=\"elementor-element elementor-element-96b9eab elementor-widget elementor-widget-video\" data-id=\"96b9eab\" data-element_type=\"widget\" data-e-type=\"widget\" data-settings=\"{&quot;video_type&quot;:&quot;hosted&quot;,&quot;controls&quot;:&quot;yes&quot;}\" data-widget_type=\"video.default\">\n\t\t\t\t<div class=\"elementor-widget-container\">\n\t\t\t\t\t\t\t<div class=\"e-hosted-video elementor-wrapper elementor-open-inline\">\n\t\t\t\t\t<video class=\"elementor-video\" src=\"https:\/\/vsb-info.ch\/wp-content\/themes\/vsb\/assets\/videos\/230503_vsbfilm_story_F_k7.mp4\" controls=\"\" preload=\"metadata\" controlsList=\"nodownload\"><\/video>\n\t\t\t\t<\/div>\n\t\t\t\t\t\t<\/div>\n\t\t\t\t<\/div>\n\t\t\t\t\t<\/div>\n\t\t\t\t<\/div>\n\t\t<div class=\"elementor-element elementor-element-35115fd e-flex e-con-boxed e-con e-parent\" data-id=\"35115fd\" data-element_type=\"container\" data-e-type=\"container\">\n\t\t\t\t\t<div class=\"e-con-inner\">\n\t\t\t\t<div class=\"elementor-element elementor-element-234d71e elementor-widget elementor-widget-heading\" data-id=\"234d71e\" data-element_type=\"widget\" data-e-type=\"widget\" data-widget_type=\"heading.default\">\n\t\t\t\t<div class=\"elementor-widget-container\">\n\t\t\t\t\t<h2 class=\"elementor-heading-title elementor-size-default\">Downpass, Nomite et Swiss \/ Liechtenstein made<\/h2>\t\t\t\t<\/div>\n\t\t\t\t<\/div>\n\t\t\t\t<div class=\"elementor-element elementor-element-865abb2 elementor-widget elementor-widget-text-editor\" data-id=\"865abb2\" data-element_type=\"widget\" data-e-type=\"widget\" data-widget_type=\"text-editor.default\">\n\t\t\t\t<div class=\"elementor-widget-container\">\n\t\t\t\t\t\t\t\t\t<p>Les articles de literie \u00ab SWISS QUALITY DOWN \u00bb r\u00e9pondent aux <strong>normes internationales<\/strong> les plus hautes et offrent la <strong>qualit\u00e9 suisse<\/strong>. Toute la literie VSB a \u00e9galement la <strong>certification Downpass et Nomite<\/strong> et elle est fabriqu\u00e9e en Suisse ou au Liechtenstein :<\/p>\t\t\t\t\t\t\t\t<\/div>\n\t\t\t\t<\/div>\n\t\t\t\t\t<\/div>\n\t\t\t\t<\/div>\n\t\t<div class=\"elementor-element elementor-element-0d41215 vsb-w-row-1 e-flex e-con-boxed e-con e-parent\" data-id=\"0d41215\" data-element_type=\"container\" data-e-type=\"container\">\n\t\t\t\t\t<div class=\"e-con-inner\">\n\t\t<div class=\"elementor-element elementor-element-401a970 e-con-full elementor-hidden-mobile e-flex e-con e-child\" data-id=\"401a970\" data-element_type=\"container\" data-e-type=\"container\">\n\t\t\t\t<div class=\"elementor-element elementor-element-069ed82 elementor-widget__width-initial elementor-widget-divider--view-line elementor-widget elementor-widget-divider\" data-id=\"069ed82\" data-element_type=\"widget\" data-e-type=\"widget\" data-widget_type=\"divider.default\">\n\t\t\t\t<div class=\"elementor-widget-container\">\n\t\t\t\t\t\t\t<div class=\"elementor-divider\">\n\t\t\t<span class=\"elementor-divider-separator\">\n\t\t\t\t\t\t<\/span>\n\t\t<\/div>\n\t\t\t\t\t\t<\/div>\n\t\t\t\t<\/div>\n\t\t\t\t<div class=\"elementor-element elementor-element-43e33a1 elementor-widget__width-initial elementor-absolute vsb-vertical-half elementor-widget-divider--view-line elementor-widget elementor-widget-divider\" data-id=\"43e33a1\" data-element_type=\"widget\" data-e-type=\"widget\" data-settings=\"{&quot;_position&quot;:&quot;absolute&quot;}\" data-widget_type=\"divider.default\">\n\t\t\t\t<div class=\"elementor-widget-container\">\n\t\t\t\t\t\t\t<div class=\"elementor-divider\">\n\t\t\t<span class=\"elementor-divider-separator\">\n\t\t\t\t\t\t<\/span>\n\t\t<\/div>\n\t\t\t\t\t\t<\/div>\n\t\t\t\t<\/div>\n\t\t\t\t<\/div>\n\t\t<div class=\"elementor-element elementor-element-342757f e-con-full e-flex e-con e-child\" data-id=\"342757f\" data-element_type=\"container\" data-e-type=\"container\">\n\t\t\t\t<div class=\"elementor-element elementor-element-0043598 vsb-swiss-guaranty elementor-widget elementor-widget-image\" data-id=\"0043598\" data-element_type=\"widget\" data-e-type=\"widget\" data-widget_type=\"image.default\">\n\t\t\t\t<div class=\"elementor-widget-container\">\n\t\t\t\t\t\t\t\t\t\t\t\t\t\t\t<img decoding=\"async\" src=\"https:\/\/vsb-info.ch\/wp-content\/uploads\/2025\/12\/vsb-qualitydown-label-RGB.svg\" title=\"vsb-qualitydown-label-RGB\" alt=\"vsb-qualitydown-label-RGB\" loading=\"lazy\" \/>\t\t\t\t\t\t\t\t\t\t\t\t\t\t\t<\/div>\n\t\t\t\t<\/div>\n\t\t\t\t<div class=\"elementor-element elementor-element-cd4b55c elementor-absolute elementor-hidden-mobile elementor-widget-divider--view-line elementor-widget elementor-widget-divider\" data-id=\"cd4b55c\" data-element_type=\"widget\" data-e-type=\"widget\" data-settings=\"{&quot;_position&quot;:&quot;absolute&quot;}\" data-widget_type=\"divider.default\">\n\t\t\t\t<div class=\"elementor-widget-container\">\n\t\t\t\t\t\t\t<div class=\"elementor-divider\">\n\t\t\t<span class=\"elementor-divider-separator\">\n\t\t\t\t\t\t<\/span>\n\t\t<\/div>\n\t\t\t\t\t\t<\/div>\n\t\t\t\t<\/div>\n\t\t\t\t<\/div>\n\t\t<div class=\"elementor-element elementor-element-8f1947f e-con-full elementor-hidden-mobile e-flex e-con e-child\" data-id=\"8f1947f\" data-element_type=\"container\" data-e-type=\"container\">\n\t\t\t\t<div class=\"elementor-element elementor-element-b7fc872 elementor-widget__width-initial elementor-widget-divider--view-line elementor-widget elementor-widget-divider\" data-id=\"b7fc872\" data-element_type=\"widget\" data-e-type=\"widget\" data-widget_type=\"divider.default\">\n\t\t\t\t<div class=\"elementor-widget-container\">\n\t\t\t\t\t\t\t<div class=\"elementor-divider\">\n\t\t\t<span class=\"elementor-divider-separator\">\n\t\t\t\t\t\t<\/span>\n\t\t<\/div>\n\t\t\t\t\t\t<\/div>\n\t\t\t\t<\/div>\n\t\t\t\t<div class=\"elementor-element elementor-element-2d45f36 elementor-widget__width-initial elementor-absolute vsb-vertical-half elementor-widget-divider--view-line elementor-widget elementor-widget-divider\" data-id=\"2d45f36\" data-element_type=\"widget\" data-e-type=\"widget\" data-settings=\"{&quot;_position&quot;:&quot;absolute&quot;}\" data-widget_type=\"divider.default\">\n\t\t\t\t<div class=\"elementor-widget-container\">\n\t\t\t\t\t\t\t<div class=\"elementor-divider\">\n\t\t\t<span class=\"elementor-divider-separator\">\n\t\t\t\t\t\t<\/span>\n\t\t<\/div>\n\t\t\t\t\t\t<\/div>\n\t\t\t\t<\/div>\n\t\t\t\t<\/div>\n\t\t\t\t\t<\/div>\n\t\t\t\t<\/div>\n\t\t<div class=\"elementor-element elementor-element-051c5c6 vsb-w-row-2 e-flex e-con-boxed e-con e-parent\" data-id=\"051c5c6\" data-element_type=\"container\" data-e-type=\"container\">\n\t\t\t\t\t<div class=\"e-con-inner\">\n\t\t<div class=\"elementor-element elementor-element-d18a941 e-con-full elementor-hidden-mobile e-flex e-con e-child\" data-id=\"d18a941\" data-element_type=\"container\" data-e-type=\"container\">\n\t\t\t\t<div class=\"elementor-element elementor-element-fd446a4 elementor-widget__width-initial elementor-widget-divider--view-line elementor-widget elementor-widget-divider\" data-id=\"fd446a4\" data-element_type=\"widget\" data-e-type=\"widget\" data-widget_type=\"divider.default\">\n\t\t\t\t<div class=\"elementor-widget-container\">\n\t\t\t\t\t\t\t<div class=\"elementor-divider\">\n\t\t\t<span class=\"elementor-divider-separator\">\n\t\t\t\t\t\t<\/span>\n\t\t<\/div>\n\t\t\t\t\t\t<\/div>\n\t\t\t\t<\/div>\n\t\t\t\t<\/div>\n\t\t<div class=\"elementor-element elementor-element-236c148 e-con-full e-flex e-con e-child\" data-id=\"236c148\" data-element_type=\"container\" data-e-type=\"container\">\n\t\t\t\t<div class=\"elementor-element elementor-element-c837a3e elementor-widget__width-initial elementor-widget-divider--view-line elementor-widget elementor-widget-divider\" data-id=\"c837a3e\" data-element_type=\"widget\" data-e-type=\"widget\" data-widget_type=\"divider.default\">\n\t\t\t\t<div class=\"elementor-widget-container\">\n\t\t\t\t\t\t\t<div class=\"elementor-divider\">\n\t\t\t<span class=\"elementor-divider-separator\">\n\t\t\t\t\t\t<\/span>\n\t\t<\/div>\n\t\t\t\t\t\t<\/div>\n\t\t\t\t<\/div>\n\t\t\t\t<\/div>\n\t\t<div class=\"elementor-element elementor-element-ecfecd5 e-con-full elementor-hidden-mobile e-flex e-con e-child\" data-id=\"ecfecd5\" data-element_type=\"container\" data-e-type=\"container\">\n\t\t\t\t<div class=\"elementor-element elementor-element-1b824b6 elementor-widget__width-initial elementor-widget-divider--view-line elementor-widget elementor-widget-divider\" data-id=\"1b824b6\" data-element_type=\"widget\" data-e-type=\"widget\" data-widget_type=\"divider.default\">\n\t\t\t\t<div class=\"elementor-widget-container\">\n\t\t\t\t\t\t\t<div class=\"elementor-divider\">\n\t\t\t<span class=\"elementor-divider-separator\">\n\t\t\t\t\t\t<\/span>\n\t\t<\/div>\n\t\t\t\t\t\t<\/div>\n\t\t\t\t<\/div>\n\t\t\t\t<\/div>\n\t\t\t\t\t<\/div>\n\t\t\t\t<\/div>\n\t\t<div class=\"elementor-element elementor-element-869354f e-flex e-con-boxed e-con e-parent\" data-id=\"869354f\" data-element_type=\"container\" data-e-type=\"container\">\n\t\t\t\t\t<div class=\"e-con-inner\">\n\t\t<div class=\"elementor-element elementor-element-68d4fbb e-con-full e-flex e-con e-child\" data-id=\"68d4fbb\" data-element_type=\"container\" data-e-type=\"container\">\n\t\t\t\t<div class=\"elementor-element elementor-element-60e9b10 elementor-widget elementor-widget-vsb_hover_image_widget\" data-id=\"60e9b10\" data-element_type=\"widget\" data-e-type=\"widget\" data-widget_type=\"vsb_hover_image_widget.default\">\n\t\t\t\t<div class=\"elementor-widget-container\">\n\t\t\t\t\t\t\t<div class=\"vsb_hover_image\">\n\t\t\t<div class=\"vsb_hover_image__item\">\n\t\t\t\t<img decoding=\"async\" src=\"https:\/\/vsb-info.ch\/wp-content\/uploads\/2023\/03\/logo_downpass_nl.png\"\/>\n\t\t\t\t<div class=\"vsb_hover_image__name\">\n\t\t\t\t\tDownpass\t\t\t\t<\/div>\n\t\t\t\t<div class=\"vsb_hover_image__panel\">\n\t\t\t\t\t<p>La norme internationale <strong><a href=\"https:\/\/www.downpass.com\/en\/homepage\/\" target=\"_blank\" rel=\"noopener\">Downpass<\/a><\/strong> garantit que le duvet et les plumes utilis\u00e9s dans la literie VSB n<strong>e sont pas obtenus par plumaison \u00e0 vif<\/strong> et que la <strong>cha\u00eene d\u2018approvisionnement peut \u00eatre trac\u00e9e<\/strong>.<\/p>\t\t\t\t<\/div>\n\t\t\t<\/div>\n\t\t<\/div>\n\t\t\t\t\t\t<\/div>\n\t\t\t\t<\/div>\n\t\t\t\t<\/div>\n\t\t<div class=\"elementor-element elementor-element-167dccb e-con-full elementor-hidden-desktop elementor-hidden-laptop elementor-hidden-tablet_extra elementor-hidden-tablet e-flex e-con e-child\" data-id=\"167dccb\" data-element_type=\"container\" data-e-type=\"container\">\n\t\t\t\t<div class=\"elementor-element elementor-element-2e8fe9c elementor-widget__width-initial elementor-widget-divider--view-line elementor-widget elementor-widget-divider\" data-id=\"2e8fe9c\" data-element_type=\"widget\" data-e-type=\"widget\" data-widget_type=\"divider.default\">\n\t\t\t\t<div class=\"elementor-widget-container\">\n\t\t\t\t\t\t\t<div class=\"elementor-divider\">\n\t\t\t<span class=\"elementor-divider-separator\">\n\t\t\t\t\t\t<\/span>\n\t\t<\/div>\n\t\t\t\t\t\t<\/div>\n\t\t\t\t<\/div>\n\t\t\t\t<\/div>\n\t\t<div class=\"elementor-element elementor-element-762b7aa e-con-full e-flex e-con e-child\" data-id=\"762b7aa\" data-element_type=\"container\" data-e-type=\"container\">\n\t\t\t\t<div class=\"elementor-element elementor-element-317aacb elementor-widget elementor-widget-vsb_hover_image_widget\" data-id=\"317aacb\" data-element_type=\"widget\" data-e-type=\"widget\" data-widget_type=\"vsb_hover_image_widget.default\">\n\t\t\t\t<div class=\"elementor-widget-container\">\n\t\t\t\t\t\t\t<div class=\"vsb_hover_image\">\n\t\t\t<div class=\"vsb_hover_image__item\">\n\t\t\t\t<img decoding=\"async\" src=\"https:\/\/vsb-info.ch\/wp-content\/uploads\/2023\/03\/logo_nomite_de.png\"\/>\n\t\t\t\t<div class=\"vsb_hover_image__name\">\n\t\t\t\t\tNomite\t\t\t\t<\/div>\n\t\t\t\t<div class=\"vsb_hover_image__panel\">\n\t\t\t\t\t<p>Les articles de literie <strong>lab\u00e9lis\u00e9s Nomite<\/strong> pr\u00e9sentent une densit\u00e9 de tissu qui forme une <strong>barri\u00e8re anti-acariens naturelle<\/strong>. Ils sont donc tout \u00e0 fait indiqu\u00e9s pour les <a href=\"https:\/\/vsb-info.ch\/fr\/conseils-en-cas-dallergies\/\" rel=\"noopener\"><strong>personnes allergiques<\/strong><\/a>.<\/p>\n\t\t\t\t<\/div>\n\t\t\t<\/div>\n\t\t<\/div>\n\t\t\t\t\t\t<\/div>\n\t\t\t\t<\/div>\n\t\t\t\t<\/div>\n\t\t<div class=\"elementor-element elementor-element-03c51f5 elementor-hidden-desktop elementor-hidden-laptop elementor-hidden-tablet_extra elementor-hidden-tablet e-flex e-con-boxed e-con e-child\" data-id=\"03c51f5\" data-element_type=\"container\" data-e-type=\"container\">\n\t\t\t\t\t<div class=\"e-con-inner\">\n\t\t\t\t<div class=\"elementor-element elementor-element-ac84157 elementor-widget__width-initial elementor-widget-divider--view-line elementor-widget elementor-widget-divider\" data-id=\"ac84157\" data-element_type=\"widget\" data-e-type=\"widget\" data-widget_type=\"divider.default\">\n\t\t\t\t<div class=\"elementor-widget-container\">\n\t\t\t\t\t\t\t<div class=\"elementor-divider\">\n\t\t\t<span class=\"elementor-divider-separator\">\n\t\t\t\t\t\t<\/span>\n\t\t<\/div>\n\t\t\t\t\t\t<\/div>\n\t\t\t\t<\/div>\n\t\t\t\t\t<\/div>\n\t\t\t\t<\/div>\n\t\t<div class=\"elementor-element elementor-element-c315374 e-con-full e-flex e-con e-child\" data-id=\"c315374\" data-element_type=\"container\" data-e-type=\"container\">\n\t\t\t\t<div class=\"elementor-element elementor-element-d1f2fb6 elementor-widget elementor-widget-vsb_hover_image_widget\" data-id=\"d1f2fb6\" data-element_type=\"widget\" data-e-type=\"widget\" data-widget_type=\"vsb_hover_image_widget.default\">\n\t\t\t\t<div class=\"elementor-widget-container\">\n\t\t\t\t\t\t\t<div class=\"vsb_hover_image\">\n\t\t\t<div class=\"vsb_hover_image__item\">\n\t\t\t\t<img decoding=\"async\" src=\"https:\/\/vsb-info.ch\/wp-content\/uploads\/2023\/08\/warranty_crop.png\"\/>\n\t\t\t\t<div class=\"vsb_hover_image__name\">\n\t\t\t\t\tSwiss Made\t\t\t\t<\/div>\n\t\t\t\t<div class=\"vsb_hover_image__panel\">\n\t\t\t\t\t<p>Les articles de literie portant le label de qualit\u00e9 VSB sont fabriqu\u00e9s en <strong>Suisse ou au Liechtenstein<\/strong>. Ils remplissent des exigences tr\u00e8s strictes et sont adapt\u00e9s aux <strong>particularit\u00e9s suisses<\/strong>.<\/p>\n\t\t\t\t<\/div>\n\t\t\t<\/div>\n\t\t<\/div>\n\t\t\t\t\t\t<\/div>\n\t\t\t\t<\/div>\n\t\t\t\t<\/div>\n\t\t\t\t\t<\/div>\n\t\t\t\t<\/div>\n\t\t\t\t<\/div>\n\t\t","protected":false},"excerpt":{"rendered":"<p>Au moment de l\u2019achat en magasin, comment \u00eatre s\u00fbr de pouvoir se fier \u00e0 la qualit\u00e9 de l\u2019oreiller ou du duvet ? Le label de qualit\u00e9 \u00ab SWISS QUALITY DOWN \u00bb vous garantit que : Votre duvet en flocons de duvet est \u00e9cologique, respecte le bien-\u00eatre animal et qu\u2019il est fabriqu\u00e9 conform\u00e9ment aux rigoureuses normes&#8230;<\/p>\n","protected":false},"author":1,"featured_media":0,"parent":0,"menu_order":0,"comment_status":"closed","ping_status":"closed","template":"","meta":{"_acf_changed":false,"footnotes":""},"class_list":["post-3781","page","type-page","status-publish","hentry"],"acf":[],"_links":{"self":[{"href":"https:\/\/vsb-info.ch\/fr\/wp-json\/wp\/v2\/pages\/3781","targetHints":{"allow":["GET"]}}],"collection":[{"href":"https:\/\/vsb-info.ch\/fr\/wp-json\/wp\/v2\/pages"}],"about":[{"href":"https:\/\/vsb-info.ch\/fr\/wp-json\/wp\/v2\/types\/page"}],"author":[{"embeddable":true,"href":"https:\/\/vsb-info.ch\/fr\/wp-json\/wp\/v2\/users\/1"}],"replies":[{"embeddable":true,"href":"https:\/\/vsb-info.ch\/fr\/wp-json\/wp\/v2\/comments?post=3781"}],"version-history":[{"count":83,"href":"https:\/\/vsb-info.ch\/fr\/wp-json\/wp\/v2\/pages\/3781\/revisions"}],"predecessor-version":[{"id":5702,"href":"https:\/\/vsb-info.ch\/fr\/wp-json\/wp\/v2\/pages\/3781\/revisions\/5702"}],"wp:attachment":[{"href":"https:\/\/vsb-info.ch\/fr\/wp-json\/wp\/v2\/media?parent=3781"}],"curies":[{"name":"wp","href":"https:\/\/api.w.org\/{rel}","templated":true}]}}