{"id":3694,"date":"2023-03-05T17:21:14","date_gmt":"2023-03-05T16:21:14","guid":{"rendered":"https:\/\/vsb-info.kommpass-staging.ch\/association\/"},"modified":"2026-03-17T15:11:11","modified_gmt":"2026-03-17T14:11:11","slug":"association","status":"publish","type":"page","link":"https:\/\/vsb-info.ch\/fr\/association\/","title":{"rendered":"Association"},"content":{"rendered":"\t\t<div data-elementor-type=\"wp-page\" data-elementor-id=\"3694\" class=\"elementor elementor-3694 elementor-455\" data-elementor-post-type=\"page\">\n\t\t\t\t<div class=\"elementor-element elementor-element-616fda4b e-flex e-con-boxed e-con e-parent\" data-id=\"616fda4b\" data-element_type=\"container\" data-e-type=\"container\" data-settings=\"{&quot;background_background&quot;:&quot;classic&quot;,&quot;shape_divider_bottom&quot;:&quot;curve&quot;}\">\n\t\t\t\t\t<div class=\"e-con-inner\">\n\t\t\t\t<div class=\"elementor-shape elementor-shape-bottom\" aria-hidden=\"true\" data-negative=\"false\">\n\t\t\t<svg xmlns=\"http:\/\/www.w3.org\/2000\/svg\" viewBox=\"0 0 1000 100\" preserveAspectRatio=\"none\">\n    <path class=\"elementor-shape-fill\" d=\"M1000,4.3V0H0v4.3C0.9,23.1,126.7,99.2,500,100S1000,22.7,1000,4.3z\"\/>\n<\/svg>\t\t<\/div>\n\t\t<div class=\"elementor-element elementor-element-55dd34a1 e-con-full e-flex e-con e-child\" data-id=\"55dd34a1\" data-element_type=\"container\" data-e-type=\"container\">\n\t\t\t\t<div class=\"elementor-element elementor-element-26dfb07b elementor-widget elementor-widget-heading\" data-id=\"26dfb07b\" data-element_type=\"widget\" data-e-type=\"widget\" data-widget_type=\"heading.default\">\n\t\t\t\t<div class=\"elementor-widget-container\">\n\t\t\t\t\t<h1 class=\"elementor-heading-title elementor-size-default\">Association suisse des manufactures de literie<\/h1>\t\t\t\t<\/div>\n\t\t\t\t<\/div>\n\t\t\t\t<div class=\"elementor-element elementor-element-5be03d4a elementor-widget elementor-widget-text-editor\" data-id=\"5be03d4a\" data-element_type=\"widget\" data-e-type=\"widget\" data-widget_type=\"text-editor.default\">\n\t\t\t\t<div class=\"elementor-widget-container\">\n\t\t\t\t\t\t\t\t\t<p>L\u2019Association suisse des manufactures de literie (VSB) r\u00e9unit les principaux <strong>fabricants suisses de duvets en flocons de duvet et d\u2019oreillers en plumes<\/strong>. Avec le label de qualit\u00e9 <a href=\"https:\/\/vsb-info.ch\/fr\/swiss-guaranty-vsb\/\" rel=\"noopener\"><strong>\u00ab SWISS QUALITY DOWN \u00bb<\/strong><\/a>, les membres de la VSB offrent transparence et s\u00e9curit\u00e9 lors de l\u2019achat d\u2019articles de literie. Ils respectent en outre des <strong>prescriptions strictes de qualit\u00e9, d\u2019hygi\u00e8ne et de bien-\u00eatre animal<\/strong>, et garantissent un traitement irr\u00e9prochable des duvets et oreillers.<\/p>\t\t\t\t\t\t\t\t<\/div>\n\t\t\t\t<\/div>\n\t\t\t\t<\/div>\n\t\t\t\t\t<\/div>\n\t\t\t\t<\/div>\n\t\t<div class=\"elementor-element elementor-element-6145b92 e-flex e-con-boxed e-con e-parent\" data-id=\"6145b92\" data-element_type=\"container\" data-e-type=\"container\">\n\t\t\t\t\t<div class=\"e-con-inner\">\n\t\t<div class=\"elementor-element elementor-element-a0f5c5a e-con-full e-flex e-con e-child\" data-id=\"a0f5c5a\" data-element_type=\"container\" data-e-type=\"container\">\n\t\t\t\t<div class=\"elementor-element elementor-element-fc6e7c7 elementor-widget__width-initial elementor-widget elementor-widget-image\" data-id=\"fc6e7c7\" data-element_type=\"widget\" data-e-type=\"widget\" data-widget_type=\"image.default\">\n\t\t\t\t<div class=\"elementor-widget-container\">\n\t\t\t\t\t\t\t\t\t\t\t\t\t\t\t<img fetchpriority=\"high\" decoding=\"async\" width=\"266\" height=\"266\" src=\"https:\/\/vsb-info.ch\/wp-content\/uploads\/2025\/12\/vsb-qualitydown-label-RGB.svg\" class=\"attachment-large size-large wp-image-5016\" alt=\"\" \/>\t\t\t\t\t\t\t\t\t\t\t\t\t\t\t<\/div>\n\t\t\t\t<\/div>\n\t\t\t\t<\/div>\n\t\t<div class=\"elementor-element elementor-element-9a4dc38 e-con-full e-flex e-con e-child\" data-id=\"9a4dc38\" data-element_type=\"container\" data-e-type=\"container\">\n\t\t\t\t<div class=\"elementor-element elementor-element-027df0c elementor-widget elementor-widget-text-editor\" data-id=\"027df0c\" data-element_type=\"widget\" data-e-type=\"widget\" data-widget_type=\"text-editor.default\">\n\t\t\t\t<div class=\"elementor-widget-container\">\n\t\t\t\t\t\t\t\t\t<p>L\u2019Association suisse des manufactures de literie est au <strong>service des clients et clientes<\/strong> et a \u00e9t\u00e9 fond\u00e9e en 1968 par les plus grands fabricants suisses de duvets et d\u2019oreillers garnis de flocons de duvet et de plumes. Depuis 2001, la VSB d\u00e9livre aux articles de literie de haute qualit\u00e9 le <a href=\"https:\/\/vsb-info.ch\/fr\/swiss-guaranty-vsb\/\" rel=\"noopener\"><strong>label de qualit\u00e9 \u00ab SWISS QUALITY DOWN \u00bb<\/strong><\/a>.<\/p><p>Ce label de qualit\u00e9 remplace la distinction <strong>\u00ab plumarex \u00bb<\/strong> utilis\u00e9e par le pass\u00e9 et son utilisation est exclusivement r\u00e9serv\u00e9e aux manufactures membres de \u00ab l\u2019Association suisse des manufactures de literie \u00bb qui s\u2019engagent \u00e0 <strong>respecter les normes de qualit\u00e9<\/strong>.<\/p><p>L\u2019Association suisse des manufactures de literie compte actuellement <a href=\"https:\/\/vsb-info.ch\/fr\/membres\/\" rel=\"noopener\"><strong>quatre membres<\/strong><\/a> et repr\u00e9sente plus de <a href=\"https:\/\/vsb-info.ch\/fr\/recherche-de-commercants\/\" rel=\"noopener\"><strong>1 000 commer\u00e7ants<\/strong><\/a>.<\/p>\t\t\t\t\t\t\t\t<\/div>\n\t\t\t\t<\/div>\n\t\t\t\t<\/div>\n\t\t\t\t\t<\/div>\n\t\t\t\t<\/div>\n\t\t<div class=\"elementor-element elementor-element-1d606bb e-flex e-con-boxed e-con e-parent\" data-id=\"1d606bb\" data-element_type=\"container\" data-e-type=\"container\" id=\"vsb-image-film\">\n\t\t\t\t\t<div class=\"e-con-inner\">\n\t\t\t\t<div class=\"elementor-element elementor-element-98a07a8 elementor-widget elementor-widget-video\" data-id=\"98a07a8\" data-element_type=\"widget\" data-e-type=\"widget\" data-settings=\"{&quot;video_type&quot;:&quot;hosted&quot;,&quot;controls&quot;:&quot;yes&quot;}\" data-widget_type=\"video.default\">\n\t\t\t\t<div class=\"elementor-widget-container\">\n\t\t\t\t\t\t\t<div class=\"e-hosted-video elementor-wrapper elementor-open-inline\">\n\t\t\t\t\t<video class=\"elementor-video\" src=\"https:\/\/vsb-info.ch\/wp-content\/themes\/vsb\/assets\/videos\/230503_vsbfilm_story_F_k7.mp4\" controls=\"\" preload=\"metadata\" controlsList=\"nodownload\"><\/video>\n\t\t\t\t<\/div>\n\t\t\t\t\t\t<\/div>\n\t\t\t\t<\/div>\n\t\t\t\t\t<\/div>\n\t\t\t\t<\/div>\n\t\t\t\t<\/div>\n\t\t","protected":false},"excerpt":{"rendered":"<p>Association suisse des manufactures de literie L\u2019Association suisse des manufactures de literie (VSB) r\u00e9unit les principaux fabricants suisses de duvets en flocons de duvet et d\u2019oreillers en plumes. Avec le label de qualit\u00e9 \u00ab SWISS QUALITY DOWN \u00bb, les membres de la VSB offrent transparence et s\u00e9curit\u00e9 lors de l\u2019achat d\u2019articles de literie. Ils respectent&#8230;<\/p>\n","protected":false},"author":1,"featured_media":0,"parent":0,"menu_order":0,"comment_status":"closed","ping_status":"closed","template":"","meta":{"_acf_changed":false,"footnotes":""},"class_list":["post-3694","page","type-page","status-publish","hentry"],"acf":[],"_links":{"self":[{"href":"https:\/\/vsb-info.ch\/fr\/wp-json\/wp\/v2\/pages\/3694","targetHints":{"allow":["GET"]}}],"collection":[{"href":"https:\/\/vsb-info.ch\/fr\/wp-json\/wp\/v2\/pages"}],"about":[{"href":"https:\/\/vsb-info.ch\/fr\/wp-json\/wp\/v2\/types\/page"}],"author":[{"embeddable":true,"href":"https:\/\/vsb-info.ch\/fr\/wp-json\/wp\/v2\/users\/1"}],"replies":[{"embeddable":true,"href":"https:\/\/vsb-info.ch\/fr\/wp-json\/wp\/v2\/comments?post=3694"}],"version-history":[{"count":23,"href":"https:\/\/vsb-info.ch\/fr\/wp-json\/wp\/v2\/pages\/3694\/revisions"}],"predecessor-version":[{"id":5693,"href":"https:\/\/vsb-info.ch\/fr\/wp-json\/wp\/v2\/pages\/3694\/revisions\/5693"}],"wp:attachment":[{"href":"https:\/\/vsb-info.ch\/fr\/wp-json\/wp\/v2\/media?parent=3694"}],"curies":[{"name":"wp","href":"https:\/\/api.w.org\/{rel}","templated":true}]}}