{"id":3686,"date":"2023-03-05T17:18:26","date_gmt":"2023-03-05T16:18:26","guid":{"rendered":"https:\/\/vsb-info.kommpass-staging.ch\/bien-etre-animal\/"},"modified":"2026-03-12T16:45:43","modified_gmt":"2026-03-12T15:45:43","slug":"bien-etre-animal","status":"publish","type":"page","link":"https:\/\/vsb-info.ch\/fr\/bien-etre-animal\/","title":{"rendered":"Bien-\u00eatre animal"},"content":{"rendered":"\t\t<div data-elementor-type=\"wp-page\" data-elementor-id=\"3686\" class=\"elementor elementor-3686 elementor-442\" data-elementor-post-type=\"page\">\n\t\t\t\t<div class=\"elementor-element elementor-element-9723610 e-flex e-con-boxed e-con e-parent\" data-id=\"9723610\" data-element_type=\"container\" data-e-type=\"container\" data-settings=\"{&quot;background_background&quot;:&quot;classic&quot;,&quot;shape_divider_bottom&quot;:&quot;curve&quot;}\">\n\t\t\t\t\t<div class=\"e-con-inner\">\n\t\t\t\t<div class=\"elementor-shape elementor-shape-bottom\" aria-hidden=\"true\" data-negative=\"false\">\n\t\t\t<svg xmlns=\"http:\/\/www.w3.org\/2000\/svg\" viewBox=\"0 0 1000 100\" preserveAspectRatio=\"none\">\n    <path class=\"elementor-shape-fill\" d=\"M1000,4.3V0H0v4.3C0.9,23.1,126.7,99.2,500,100S1000,22.7,1000,4.3z\"\/>\n<\/svg>\t\t<\/div>\n\t\t<div class=\"elementor-element elementor-element-2b14b9bc e-con-full e-flex e-con e-child\" data-id=\"2b14b9bc\" data-element_type=\"container\" data-e-type=\"container\">\n\t\t\t\t<div class=\"elementor-element elementor-element-375b4c48 elementor-widget elementor-widget-heading\" data-id=\"375b4c48\" data-element_type=\"widget\" data-e-type=\"widget\" data-widget_type=\"heading.default\">\n\t\t\t\t<div class=\"elementor-widget-container\">\n\t\t\t\t\t<h1 class=\"elementor-heading-title elementor-size-default\">Protection animale et duvets en flocons de duvet<\/h1>\t\t\t\t<\/div>\n\t\t\t\t<\/div>\n\t\t\t\t<div class=\"elementor-element elementor-element-6ed8e9aa elementor-widget elementor-widget-text-editor\" data-id=\"6ed8e9aa\" data-element_type=\"widget\" data-e-type=\"widget\" data-widget_type=\"text-editor.default\">\n\t\t\t\t<div class=\"elementor-widget-container\">\n\t\t\t\t\t\t\t\t\t<p>Seuls des duvets et plumes <strong>certifi\u00e9s Downpass<\/strong>, issus d\u2019animaux n\u2019ayant subi ni plumaison \u00e0 vif ni gavage, entrent dans la fabrication des articles de literie portant le <a href=\"https:\/\/vsb-info.ch\/fr\/swiss-guaranty-vsb\/\" rel=\"noopener\"><strong>label de qualit\u00e9 \u00ab SWISS QUALITY DOWN \u00bb<\/strong><\/a>. En sa qualit\u00e9 de <strong>sous-produits<\/strong> issus d\u2019autres productions, cette mati\u00e8re premi\u00e8re pr\u00e9existante trouve une <strong>r\u00e9utilisation pertinente<\/strong> dans les duvets et oreillers.<\/p>\t\t\t\t\t\t\t\t<\/div>\n\t\t\t\t<\/div>\n\t\t\t\t<\/div>\n\t\t\t\t\t<\/div>\n\t\t\t\t<\/div>\n\t\t<div class=\"elementor-element elementor-element-3945555 e-flex e-con-boxed e-con e-parent\" data-id=\"3945555\" data-element_type=\"container\" data-e-type=\"container\">\n\t\t\t\t\t<div class=\"e-con-inner\">\n\t\t<div class=\"elementor-element elementor-element-5bf7d38 e-con-full e-flex e-con e-child\" data-id=\"5bf7d38\" data-element_type=\"container\" data-e-type=\"container\">\n\t\t\t\t<div class=\"elementor-element elementor-element-4514bc4 elementor-widget elementor-widget-image\" data-id=\"4514bc4\" data-element_type=\"widget\" data-e-type=\"widget\" data-widget_type=\"image.default\">\n\t\t\t\t<div class=\"elementor-widget-container\">\n\t\t\t\t\t\t\t\t\t\t\t\t\t\t\t<img fetchpriority=\"high\" decoding=\"async\" width=\"580\" height=\"483\" src=\"https:\/\/vsb-info.ch\/wp-content\/uploads\/2023\/03\/hero_img_yellow_mobile-1024x853.jpg\" class=\"attachment-large size-large wp-image-483\" alt=\"\" srcset=\"https:\/\/vsb-info.ch\/wp-content\/uploads\/2023\/03\/hero_img_yellow_mobile-1024x853.jpg 1024w, https:\/\/vsb-info.ch\/wp-content\/uploads\/2023\/03\/hero_img_yellow_mobile-300x250.jpg 300w, https:\/\/vsb-info.ch\/wp-content\/uploads\/2023\/03\/hero_img_yellow_mobile-768x640.jpg 768w, https:\/\/vsb-info.ch\/wp-content\/uploads\/2023\/03\/hero_img_yellow_mobile.jpg 1170w\" sizes=\"(max-width: 580px) 100vw, 580px\" \/>\t\t\t\t\t\t\t\t\t\t\t\t\t\t\t<\/div>\n\t\t\t\t<\/div>\n\t\t\t\t<\/div>\n\t\t<div class=\"elementor-element elementor-element-6d71c8e e-con-full e-flex e-con e-child\" data-id=\"6d71c8e\" data-element_type=\"container\" data-e-type=\"container\">\n\t\t\t\t<div class=\"elementor-element elementor-element-1afb5a6 elementor-widget elementor-widget-text-editor\" data-id=\"1afb5a6\" data-element_type=\"widget\" data-e-type=\"widget\" data-widget_type=\"text-editor.default\">\n\t\t\t\t<div class=\"elementor-widget-container\">\n\t\t\t\t\t\t\t\t\t<p><strong>Plumes et flocons de duvets<\/strong> ont d\u2019exceptionnelles propri\u00e9t\u00e9s d\u2019isolation et de soutien \u2013 cela fait des milliers d\u2019ann\u00e9es que nous tirons parti de ce <strong>produit naturel<\/strong> en raison de sa <strong>r\u00e9sistance<\/strong>, de sa <strong>respirabilit\u00e9<\/strong> et de sa capacit\u00e9 <strong>\u00e0 accumuler la chaleur<\/strong>. Les articles de literie garnis de plumes et duvets sont donc toujours un excellent choix \u2013 et avec le <a href=\"https:\/\/vsb-info.ch\/fr\/swiss-guaranty-vsb\/\" rel=\"noopener\">label de qualit\u00e9 VSB<\/a>, leur fabrication est indiscutablement <strong>respectueuse du bien-\u00eatre<\/strong> animal.<\/p>\t\t\t\t\t\t\t\t<\/div>\n\t\t\t\t<\/div>\n\t\t\t\t<div class=\"elementor-element elementor-element-1b46c0d elementor-widget elementor-widget-heading\" data-id=\"1b46c0d\" data-element_type=\"widget\" data-e-type=\"widget\" data-widget_type=\"heading.default\">\n\t\t\t\t<div class=\"elementor-widget-container\">\n\t\t\t\t\t<h2 class=\"elementor-heading-title elementor-size-default\">Certification Downpass<\/h2>\t\t\t\t<\/div>\n\t\t\t\t<\/div>\n\t\t\t\t<div class=\"elementor-element elementor-element-1715c82 elementor-widget elementor-widget-text-editor\" data-id=\"1715c82\" data-element_type=\"widget\" data-e-type=\"widget\" data-widget_type=\"text-editor.default\">\n\t\t\t\t<div class=\"elementor-widget-container\">\n\t\t\t\t\t\t\t\t\t<p><strong>Le d\u00e9veloppement durable et le bien-\u00eatre animal<\/strong> sont des priorit\u00e9s constantes pour l\u2019Association suisse des manufactures de literie. Afin de garantir une <strong>production respectueuse du bien-\u00eatre animal<\/strong> et d\u2019offrir la transparence \u00e0 leur client\u00e8le, tous les membres de la VSB ont la certification <strong><a href=\"https:\/\/www.downpass.com\/en\/homepage\/\" target=\"_blank\" rel=\"noopener\">internationale Downpass<\/a><\/strong>. Cela signifie que le duvet et les plumes utilis\u00e9s dans la literie produite par des manufactures membres de la VSB <strong>ne sont pas obtenus par plumaison \u00e0 vif ni issus d\u2018animaux<\/strong> <strong>ayant \u00e9t\u00e9 gav\u00e9s<\/strong> et que <strong>la cha\u00eene d\u2018approvisionnement est tra\u00e7able<\/strong> et strictement contr\u00f4l\u00e9e.<\/p><p>\u00c0 travers cette <strong>obligation de certification<\/strong> applicable \u00e0 tous ses membres, la VSB est un pr\u00e9curseur dans son domaine \u00e0 l\u2019\u00e9chelle internationale et souligne ainsi son <strong>engagement contre la plumaison \u00e0 vif et en faveur du bien-\u00eatre animal<\/strong>.<\/p>\t\t\t\t\t\t\t\t<\/div>\n\t\t\t\t<\/div>\n\t\t\t\t<\/div>\n\t\t\t\t\t<\/div>\n\t\t\t\t<\/div>\n\t\t<div class=\"elementor-element elementor-element-ee84c77 e-flex e-con-boxed e-con e-parent\" data-id=\"ee84c77\" data-element_type=\"container\" data-e-type=\"container\">\n\t\t\t\t\t<div class=\"e-con-inner\">\n\t\t\t\t<div class=\"elementor-element elementor-element-ce83e10 download_pdf elementor-widget elementor-widget-button\" data-id=\"ce83e10\" data-element_type=\"widget\" data-e-type=\"widget\" data-widget_type=\"button.default\">\n\t\t\t\t<div class=\"elementor-widget-container\">\n\t\t\t\t\t\t\t\t\t<div class=\"elementor-button-wrapper\">\n\t\t\t\t\t<a class=\"elementor-button elementor-button-link elementor-size-md\" href=\"https:\/\/vsb-info.ch\/wp-content\/uploads\/2023\/08\/Downpass-Standard-2017-Rev.1.pdf\" target=\"_blank\">\n\t\t\t\t\t\t<span class=\"elementor-button-content-wrapper\">\n\t\t\t\t\t\t<span class=\"elementor-button-icon\">\n\t\t\t\t<svg xmlns=\"http:\/\/www.w3.org\/2000\/svg\" width=\"96\" height=\"96\" viewBox=\"0 0 96 96\"><circle data-name=\"Ellipse 27\" cx=\"48\" cy=\"48\" r=\"48\" style=\"fill:#0091D2\"><\/circle><path data-name=\"Path 237\" d=\"M257.346 393.558h24.82L269.571 381.2l2.785-2.254 16.456 16.529-16.679 16.559-1.976-2.31 12.238-12.06-.251-.474h-24.8z\" transform=\"rotate(90 344.191 98.841)\" style=\"fill:#fff\"><\/path><text transform=\"translate(14 44)\" style=\"font-size:30px;font-family:Lato-Bold,Lato;font-weight:700;fill:#fff\"><tspan x=\"4.818\" y=\"30\">PDF<\/tspan><\/text><\/svg>\t\t\t<\/span>\n\t\t\t\t\t\t\t\t\t<span class=\"elementor-button-text\">Downpass Standard 2017 Rev.1<\/span>\n\t\t\t\t\t<\/span>\n\t\t\t\t\t<\/a>\n\t\t\t\t<\/div>\n\t\t\t\t\t\t\t\t<\/div>\n\t\t\t\t<\/div>\n\t\t\t\t\t<\/div>\n\t\t\t\t<\/div>\n\t\t<div class=\"elementor-element elementor-element-13b302f e-flex e-con-boxed e-con e-parent\" data-id=\"13b302f\" data-element_type=\"container\" data-e-type=\"container\">\n\t\t\t\t\t<div class=\"e-con-inner\">\n\t\t\t\t<div class=\"elementor-element elementor-element-177766a download_pdf elementor-widget elementor-widget-button\" data-id=\"177766a\" data-element_type=\"widget\" data-e-type=\"widget\" data-widget_type=\"button.default\">\n\t\t\t\t<div class=\"elementor-widget-container\">\n\t\t\t\t\t\t\t\t\t<div class=\"elementor-button-wrapper\">\n\t\t\t\t\t<a class=\"elementor-button elementor-button-link elementor-size-md\" href=\"https:\/\/vsb-info.ch\/wp-content\/uploads\/2023\/08\/White-Paper-IDFB-2016.pdf\" target=\"_blank\">\n\t\t\t\t\t\t<span class=\"elementor-button-content-wrapper\">\n\t\t\t\t\t\t<span class=\"elementor-button-icon\">\n\t\t\t\t<svg xmlns=\"http:\/\/www.w3.org\/2000\/svg\" width=\"96\" height=\"96\" viewBox=\"0 0 96 96\"><circle data-name=\"Ellipse 27\" cx=\"48\" cy=\"48\" r=\"48\" style=\"fill:#0091D2\"><\/circle><path data-name=\"Path 237\" d=\"M257.346 393.558h24.82L269.571 381.2l2.785-2.254 16.456 16.529-16.679 16.559-1.976-2.31 12.238-12.06-.251-.474h-24.8z\" transform=\"rotate(90 344.191 98.841)\" style=\"fill:#fff\"><\/path><text transform=\"translate(14 44)\" style=\"font-size:30px;font-family:Lato-Bold,Lato;font-weight:700;fill:#fff\"><tspan x=\"4.818\" y=\"30\">PDF<\/tspan><\/text><\/svg>\t\t\t<\/span>\n\t\t\t\t\t\t\t\t\t<span class=\"elementor-button-text\">White Paper IDFB (2016)<\/span>\n\t\t\t\t\t<\/span>\n\t\t\t\t\t<\/a>\n\t\t\t\t<\/div>\n\t\t\t\t\t\t\t\t<\/div>\n\t\t\t\t<\/div>\n\t\t\t\t\t<\/div>\n\t\t\t\t<\/div>\n\t\t<div class=\"elementor-element elementor-element-1beb5cb e-flex e-con-boxed e-con e-parent\" data-id=\"1beb5cb\" data-element_type=\"container\" data-e-type=\"container\">\n\t\t\t\t\t<div class=\"e-con-inner\">\n\t\t\t\t<div class=\"elementor-element elementor-element-c69ab64 download_pdf elementor-widget elementor-widget-button\" data-id=\"c69ab64\" data-element_type=\"widget\" data-e-type=\"widget\" data-widget_type=\"button.default\">\n\t\t\t\t<div class=\"elementor-widget-container\">\n\t\t\t\t\t\t\t\t\t<div class=\"elementor-button-wrapper\">\n\t\t\t\t\t<a class=\"elementor-button elementor-button-link elementor-size-md\" href=\"https:\/\/vsb-info.ch\/wp-content\/uploads\/2023\/11\/vsb_statement_downpass_2017_f.pdf\" target=\"_blank\">\n\t\t\t\t\t\t<span class=\"elementor-button-content-wrapper\">\n\t\t\t\t\t\t<span class=\"elementor-button-icon\">\n\t\t\t\t<svg xmlns=\"http:\/\/www.w3.org\/2000\/svg\" width=\"96\" height=\"96\" viewBox=\"0 0 96 96\"><circle data-name=\"Ellipse 27\" cx=\"48\" cy=\"48\" r=\"48\" style=\"fill:#0091D2\"><\/circle><path data-name=\"Path 237\" d=\"M257.346 393.558h24.82L269.571 381.2l2.785-2.254 16.456 16.529-16.679 16.559-1.976-2.31 12.238-12.06-.251-.474h-24.8z\" transform=\"rotate(90 344.191 98.841)\" style=\"fill:#fff\"><\/path><text transform=\"translate(14 44)\" style=\"font-size:30px;font-family:Lato-Bold,Lato;font-weight:700;fill:#fff\"><tspan x=\"4.818\" y=\"30\">PDF<\/tspan><\/text><\/svg>\t\t\t<\/span>\n\t\t\t\t\t\t\t\t\t<span class=\"elementor-button-text\">Certification Downpass<\/span>\n\t\t\t\t\t<\/span>\n\t\t\t\t\t<\/a>\n\t\t\t\t<\/div>\n\t\t\t\t\t\t\t\t<\/div>\n\t\t\t\t<\/div>\n\t\t\t\t\t<\/div>\n\t\t\t\t<\/div>\n\t\t\t\t<\/div>\n\t\t","protected":false},"excerpt":{"rendered":"<p>Protection animale et duvets en flocons de duvet Seuls des duvets et plumes certifi\u00e9s Downpass, issus d\u2019animaux n\u2019ayant subi ni plumaison \u00e0 vif ni gavage, entrent dans la fabrication des articles de literie portant le label de qualit\u00e9 \u00ab SWISS QUALITY DOWN \u00bb. En sa qualit\u00e9 de sous-produits issus d\u2019autres productions, cette mati\u00e8re premi\u00e8re pr\u00e9existante&#8230;<\/p>\n","protected":false},"author":1,"featured_media":0,"parent":0,"menu_order":0,"comment_status":"closed","ping_status":"closed","template":"","meta":{"_acf_changed":false,"footnotes":""},"class_list":["post-3686","page","type-page","status-publish","hentry"],"acf":[],"_links":{"self":[{"href":"https:\/\/vsb-info.ch\/fr\/wp-json\/wp\/v2\/pages\/3686","targetHints":{"allow":["GET"]}}],"collection":[{"href":"https:\/\/vsb-info.ch\/fr\/wp-json\/wp\/v2\/pages"}],"about":[{"href":"https:\/\/vsb-info.ch\/fr\/wp-json\/wp\/v2\/types\/page"}],"author":[{"embeddable":true,"href":"https:\/\/vsb-info.ch\/fr\/wp-json\/wp\/v2\/users\/1"}],"replies":[{"embeddable":true,"href":"https:\/\/vsb-info.ch\/fr\/wp-json\/wp\/v2\/comments?post=3686"}],"version-history":[{"count":17,"href":"https:\/\/vsb-info.ch\/fr\/wp-json\/wp\/v2\/pages\/3686\/revisions"}],"predecessor-version":[{"id":5652,"href":"https:\/\/vsb-info.ch\/fr\/wp-json\/wp\/v2\/pages\/3686\/revisions\/5652"}],"wp:attachment":[{"href":"https:\/\/vsb-info.ch\/fr\/wp-json\/wp\/v2\/media?parent=3686"}],"curies":[{"name":"wp","href":"https:\/\/api.w.org\/{rel}","templated":true}]}}