{"id":3684,"date":"2023-03-05T17:18:16","date_gmt":"2023-03-05T16:18:16","guid":{"rendered":"https:\/\/vsb-info.kommpass-staging.ch\/swissness\/"},"modified":"2026-02-18T10:46:18","modified_gmt":"2026-02-18T09:46:18","slug":"swissness","status":"publish","type":"page","link":"https:\/\/vsb-info.ch\/fr\/swissness\/","title":{"rendered":"Swissness"},"content":{"rendered":"\t\t<div data-elementor-type=\"wp-page\" data-elementor-id=\"3684\" class=\"elementor elementor-3684 elementor-440\" data-elementor-post-type=\"page\">\n\t\t\t\t<div class=\"elementor-element elementor-element-1f2faa59 e-flex e-con-boxed e-con e-parent\" data-id=\"1f2faa59\" data-element_type=\"container\" data-e-type=\"container\" data-settings=\"{&quot;background_background&quot;:&quot;classic&quot;,&quot;shape_divider_bottom&quot;:&quot;curve&quot;}\">\n\t\t\t\t\t<div class=\"e-con-inner\">\n\t\t\t\t<div class=\"elementor-shape elementor-shape-bottom\" aria-hidden=\"true\" data-negative=\"false\">\n\t\t\t<svg xmlns=\"http:\/\/www.w3.org\/2000\/svg\" viewBox=\"0 0 1000 100\" preserveAspectRatio=\"none\">\n    <path class=\"elementor-shape-fill\" d=\"M1000,4.3V0H0v4.3C0.9,23.1,126.7,99.2,500,100S1000,22.7,1000,4.3z\"\/>\n<\/svg>\t\t<\/div>\n\t\t<div class=\"elementor-element elementor-element-3d0cf3c7 e-con-full e-flex e-con e-child\" data-id=\"3d0cf3c7\" data-element_type=\"container\" data-e-type=\"container\">\n\t\t\t\t<div class=\"elementor-element elementor-element-70c99154 elementor-widget elementor-widget-heading\" data-id=\"70c99154\" data-element_type=\"widget\" data-e-type=\"widget\" data-widget_type=\"heading.default\">\n\t\t\t\t<div class=\"elementor-widget-container\">\n\t\t\t\t\t<h1 class=\"elementor-heading-title elementor-size-default\">Swissness<\/h1>\t\t\t\t<\/div>\n\t\t\t\t<\/div>\n\t\t\t\t<div class=\"elementor-element elementor-element-756b5271 elementor-widget elementor-widget-text-editor\" data-id=\"756b5271\" data-element_type=\"widget\" data-e-type=\"widget\" data-widget_type=\"text-editor.default\">\n\t\t\t\t<div class=\"elementor-widget-container\">\n\t\t\t\t\t\t\t\t\t<p>Les <a href=\"https:\/\/vsb-info.ch\/fr\/membres\/\" rel=\"noopener\">membres de la VSB<\/a> connaissent bien les <strong>besoins des dormeurs et dormeuses suisses<\/strong>. Le <a href=\"https:\/\/vsb-info.ch\/fr\/swiss-guaranty-vsb\/\" rel=\"noopener\">label de qualit\u00e9 VSB<\/a> signifie aussi que les articles de literie sont fabriqu\u00e9s en <strong>Suisse ou au Liechtenstein<\/strong>. La stricte l\u00e9gislation Swissness autorise donc la qualification <strong>\u00ab Swiss made \u00bb<\/strong> pour les articles de literie des membres suisses de la VSB.<\/p>\t\t\t\t\t\t\t\t<\/div>\n\t\t\t\t<\/div>\n\t\t\t\t<\/div>\n\t\t\t\t\t<\/div>\n\t\t\t\t<\/div>\n\t\t<div class=\"elementor-element elementor-element-6b5c881 e-flex e-con-boxed e-con e-parent\" data-id=\"6b5c881\" data-element_type=\"container\" data-e-type=\"container\">\n\t\t\t\t\t<div class=\"e-con-inner\">\n\t\t<div class=\"elementor-element elementor-element-d7640b6 e-con-full e-flex e-con e-child\" data-id=\"d7640b6\" data-element_type=\"container\" data-e-type=\"container\">\n\t\t\t\t<div class=\"elementor-element elementor-element-74d28b9 elementor-widget elementor-widget-image\" data-id=\"74d28b9\" data-element_type=\"widget\" data-e-type=\"widget\" data-widget_type=\"image.default\">\n\t\t\t\t<div class=\"elementor-widget-container\">\n\t\t\t\t\t\t\t\t\t\t\t\t\t\t\t<img fetchpriority=\"high\" decoding=\"async\" width=\"580\" height=\"483\" src=\"https:\/\/vsb-info.ch\/wp-content\/uploads\/2023\/04\/hero_img_teal_mobile-1-1024x853.jpg\" class=\"attachment-large size-large wp-image-1081\" alt=\"\" srcset=\"https:\/\/vsb-info.ch\/wp-content\/uploads\/2023\/04\/hero_img_teal_mobile-1-1024x853.jpg 1024w, https:\/\/vsb-info.ch\/wp-content\/uploads\/2023\/04\/hero_img_teal_mobile-1-300x250.jpg 300w, https:\/\/vsb-info.ch\/wp-content\/uploads\/2023\/04\/hero_img_teal_mobile-1-768x640.jpg 768w, https:\/\/vsb-info.ch\/wp-content\/uploads\/2023\/04\/hero_img_teal_mobile-1.jpg 1170w\" sizes=\"(max-width: 580px) 100vw, 580px\" \/>\t\t\t\t\t\t\t\t\t\t\t\t\t\t\t<\/div>\n\t\t\t\t<\/div>\n\t\t\t\t<\/div>\n\t\t<div class=\"elementor-element elementor-element-8748004 e-con-full e-flex e-con e-child\" data-id=\"8748004\" data-element_type=\"container\" data-e-type=\"container\">\n\t\t\t\t<div class=\"elementor-element elementor-element-1d75167 elementor-widget elementor-widget-text-editor\" data-id=\"1d75167\" data-element_type=\"widget\" data-e-type=\"widget\" data-widget_type=\"text-editor.default\">\n\t\t\t\t<div class=\"elementor-widget-container\">\n\t\t\t\t\t\t\t\t\t<p>Il est important d\u2019avoir un <strong>sommeil sain et r\u00e9cup\u00e9rateur<\/strong> pour \u00eatre en forme et performant la journ\u00e9e. La literie en flocons de duvet haute qualit\u00e9 garantit un tel sommeil. Avec le <a href=\"https:\/\/vsb-info.ch\/fr\/swiss-guaranty-vsb\/\" rel=\"noopener\"><strong>label de qualit\u00e9 \u00ab SWISS QUALITY DOWN \u00bb<\/strong><\/a>, les manufactures suisses de literie respectent non seulement les prescriptions strictes de qualit\u00e9, d\u2019hygi\u00e8ne et de bien-\u00eatre animal, mais elles d\u00e9veloppent et produisent des articles de literie sp\u00e9cialement adapt\u00e9s aux <strong>particularit\u00e9s suisses<\/strong>.<\/p>\t\t\t\t\t\t\t\t<\/div>\n\t\t\t\t<\/div>\n\t\t\t\t<div class=\"elementor-element elementor-element-a24bb8a elementor-widget elementor-widget-heading\" data-id=\"a24bb8a\" data-element_type=\"widget\" data-e-type=\"widget\" data-widget_type=\"heading.default\">\n\t\t\t\t<div class=\"elementor-widget-container\">\n\t\t\t\t\t<h2 class=\"elementor-heading-title elementor-size-default\">Literie de qualit\u00e9 \u00ab made in Switzerland \u00bb<\/h2>\t\t\t\t<\/div>\n\t\t\t\t<\/div>\n\t\t\t\t<div class=\"elementor-element elementor-element-86ce6fb elementor-widget elementor-widget-text-editor\" data-id=\"86ce6fb\" data-element_type=\"widget\" data-e-type=\"widget\" data-widget_type=\"text-editor.default\">\n\t\t\t\t<div class=\"elementor-widget-container\">\n\t\t\t\t\t\t\t\t\t<p>Les articles de literie portant le label de qualit\u00e9 VSB sont fabriqu\u00e9s en <strong>Suisse ou au Liechtenstein<\/strong>. <strong>L\u2019hygi\u00e8ne et la qualit\u00e9<\/strong> des plumes et duvets sont de plus r\u00e9guli\u00e8rement contr\u00f4l\u00e9es, offrant ainsi la garantie que les valeurs de d\u00e9claration figurant sur l\u2019\u00e9tiquette sont bel et bien respect\u00e9es.<\/p>\n<p>Au cours de leur traitement, les plumes et duvets font notamment l\u2019objet d\u2019un processus pr\u00e9cis de <strong>nettoyage et de s\u00e9chage<\/strong> durant lequel leur pouvoir de garnissage, leur pH et leur teneur en oxyg\u00e8ne figurent parmi les aspects contr\u00f4l\u00e9s.<\/p>\n<p>Pour que nos clients et clientes profitent d\u2019un <strong>sommeil sain et profond<\/strong>, et se r\u00e9veillent bien repos\u00e9s le matin, nous produisons des articles de literie adapt\u00e9s aux <strong>besoins des dormeurs et dormeuses suisses<\/strong>. C\u2019est pourquoi nous proposons des <strong>duvets sp\u00e9cifiques pour l\u2019\u00e9t\u00e9 et l\u2019hiver<\/strong> mais \u00e9galement des <strong>duvets quatre saisons<\/strong>.<\/p>\n\t\t\t\t\t\t\t\t<\/div>\n\t\t\t\t<\/div>\n\t\t\t\t<\/div>\n\t\t\t\t\t<\/div>\n\t\t\t\t<\/div>\n\t\t\t\t<\/div>\n\t\t","protected":false},"excerpt":{"rendered":"<p>Les membres de la VSB connaissent bien les besoins des dormeurs et dormeuses suisses. Le label de qualit\u00e9 VSB signifie aussi que les articles de literie sont fabriqu\u00e9s en Suisse ou au Liechtenstein. La stricte l\u00e9gislation Swissness autorise donc la qualification \u00ab Swiss made \u00bb pour les articles de literie des membres suisses de la&#8230;<\/p>\n","protected":false},"author":1,"featured_media":0,"parent":0,"menu_order":0,"comment_status":"closed","ping_status":"closed","template":"","meta":{"_acf_changed":false,"footnotes":""},"class_list":["post-3684","page","type-page","status-publish","hentry"],"acf":[],"_links":{"self":[{"href":"https:\/\/vsb-info.ch\/fr\/wp-json\/wp\/v2\/pages\/3684","targetHints":{"allow":["GET"]}}],"collection":[{"href":"https:\/\/vsb-info.ch\/fr\/wp-json\/wp\/v2\/pages"}],"about":[{"href":"https:\/\/vsb-info.ch\/fr\/wp-json\/wp\/v2\/types\/page"}],"author":[{"embeddable":true,"href":"https:\/\/vsb-info.ch\/fr\/wp-json\/wp\/v2\/users\/1"}],"replies":[{"embeddable":true,"href":"https:\/\/vsb-info.ch\/fr\/wp-json\/wp\/v2\/comments?post=3684"}],"version-history":[{"count":11,"href":"https:\/\/vsb-info.ch\/fr\/wp-json\/wp\/v2\/pages\/3684\/revisions"}],"predecessor-version":[{"id":5220,"href":"https:\/\/vsb-info.ch\/fr\/wp-json\/wp\/v2\/pages\/3684\/revisions\/5220"}],"wp:attachment":[{"href":"https:\/\/vsb-info.ch\/fr\/wp-json\/wp\/v2\/media?parent=3684"}],"curies":[{"name":"wp","href":"https:\/\/api.w.org\/{rel}","templated":true}]}}