{"id":3682,"date":"2023-03-05T17:18:10","date_gmt":"2023-03-05T16:18:10","guid":{"rendered":"https:\/\/vsb-info.kommpass-staging.ch\/la-qualite-un-choix-justifie\/"},"modified":"2026-02-18T10:42:11","modified_gmt":"2026-02-18T09:42:11","slug":"la-qualite-un-choix-justifie","status":"publish","type":"page","link":"https:\/\/vsb-info.ch\/fr\/la-qualite-un-choix-justifie\/","title":{"rendered":"La qualit\u00e9, un choix justifi\u00e9"},"content":{"rendered":"\t\t<div data-elementor-type=\"wp-page\" data-elementor-id=\"3682\" class=\"elementor elementor-3682 elementor-438\" data-elementor-post-type=\"page\">\n\t\t\t\t<div class=\"elementor-element elementor-element-310ac563 e-flex e-con-boxed e-con e-parent\" data-id=\"310ac563\" data-element_type=\"container\" data-e-type=\"container\" data-settings=\"{&quot;background_background&quot;:&quot;classic&quot;,&quot;shape_divider_bottom&quot;:&quot;curve&quot;}\">\n\t\t\t\t\t<div class=\"e-con-inner\">\n\t\t\t\t<div class=\"elementor-shape elementor-shape-bottom\" aria-hidden=\"true\" data-negative=\"false\">\n\t\t\t<svg xmlns=\"http:\/\/www.w3.org\/2000\/svg\" viewBox=\"0 0 1000 100\" preserveAspectRatio=\"none\">\n    <path class=\"elementor-shape-fill\" d=\"M1000,4.3V0H0v4.3C0.9,23.1,126.7,99.2,500,100S1000,22.7,1000,4.3z\"\/>\n<\/svg>\t\t<\/div>\n\t\t<div class=\"elementor-element elementor-element-7a97f635 e-con-full e-flex e-con e-child\" data-id=\"7a97f635\" data-element_type=\"container\" data-e-type=\"container\">\n\t\t\t\t<div class=\"elementor-element elementor-element-5acc77a elementor-widget elementor-widget-heading\" data-id=\"5acc77a\" data-element_type=\"widget\" data-e-type=\"widget\" data-widget_type=\"heading.default\">\n\t\t\t\t<div class=\"elementor-widget-container\">\n\t\t\t\t\t<h1 class=\"elementor-heading-title elementor-size-default\">La qualit\u00e9, un choix justifi\u00e9<\/h1>\t\t\t\t<\/div>\n\t\t\t\t<\/div>\n\t\t\t\t<div class=\"elementor-element elementor-element-792ce379 elementor-widget elementor-widget-text-editor\" data-id=\"792ce379\" data-element_type=\"widget\" data-e-type=\"widget\" data-widget_type=\"text-editor.default\">\n\t\t\t\t<div class=\"elementor-widget-container\">\n\t\t\t\t\t\t\t\t\t<p>La <strong>qualit\u00e9 des oreillers et duvets<\/strong> est un \u00e9l\u00e9ment essentiel d\u2019un sommeil sain et <strong>r\u00e9cup\u00e9rateur<\/strong>, et donc du bien-\u00eatre g\u00e9n\u00e9ral. Le label de qualit\u00e9 \u00ab SWISS QUALITY DOWN \u00bb vous offre <strong>transparence et s\u00e9curit\u00e9<\/strong> lors du choix et de l\u2019achat d\u2019articles de literie.<\/p>\t\t\t\t\t\t\t\t<\/div>\n\t\t\t\t<\/div>\n\t\t\t\t<\/div>\n\t\t\t\t\t<\/div>\n\t\t\t\t<\/div>\n\t\t<div class=\"elementor-element elementor-element-0884240 e-flex e-con-boxed e-con e-parent\" data-id=\"0884240\" data-element_type=\"container\" data-e-type=\"container\">\n\t\t\t\t\t<div class=\"e-con-inner\">\n\t\t<div class=\"elementor-element elementor-element-2eff22b e-flex e-con-boxed e-con e-child\" data-id=\"2eff22b\" data-element_type=\"container\" data-e-type=\"container\">\n\t\t\t\t\t<div class=\"e-con-inner\">\n\t\t<div class=\"elementor-element elementor-element-7d7feb9 e-con-full e-flex e-con e-child\" data-id=\"7d7feb9\" data-element_type=\"container\" data-e-type=\"container\">\n\t\t\t\t<div class=\"elementor-element elementor-element-be485dd elementor-widget elementor-widget-image\" data-id=\"be485dd\" data-element_type=\"widget\" data-e-type=\"widget\" data-widget_type=\"image.default\">\n\t\t\t\t<div class=\"elementor-widget-container\">\n\t\t\t\t\t\t\t\t\t\t\t\t\t\t\t<img fetchpriority=\"high\" decoding=\"async\" width=\"580\" height=\"387\" src=\"https:\/\/vsb-info.ch\/wp-content\/uploads\/2023\/03\/purple_img-1024x683.jpg\" class=\"attachment-large size-large wp-image-328\" alt=\"\" srcset=\"https:\/\/vsb-info.ch\/wp-content\/uploads\/2023\/03\/purple_img-1024x683.jpg 1024w, https:\/\/vsb-info.ch\/wp-content\/uploads\/2023\/03\/purple_img-300x200.jpg 300w, https:\/\/vsb-info.ch\/wp-content\/uploads\/2023\/03\/purple_img-768x512.jpg 768w, https:\/\/vsb-info.ch\/wp-content\/uploads\/2023\/03\/purple_img-1536x1025.jpg 1536w, https:\/\/vsb-info.ch\/wp-content\/uploads\/2023\/03\/purple_img-1200x801.jpg 1200w, https:\/\/vsb-info.ch\/wp-content\/uploads\/2023\/03\/purple_img.jpg 1920w\" sizes=\"(max-width: 580px) 100vw, 580px\" \/>\t\t\t\t\t\t\t\t\t\t\t\t\t\t\t<\/div>\n\t\t\t\t<\/div>\n\t\t\t\t<\/div>\n\t\t<div class=\"elementor-element elementor-element-790e5f7 e-con-full e-flex e-con e-child\" data-id=\"790e5f7\" data-element_type=\"container\" data-e-type=\"container\">\n\t\t\t\t<div class=\"elementor-element elementor-element-3b389bf elementor-widget elementor-widget-heading\" data-id=\"3b389bf\" data-element_type=\"widget\" data-e-type=\"widget\" data-widget_type=\"heading.default\">\n\t\t\t\t<div class=\"elementor-widget-container\">\n\t\t\t\t\t<h2 class=\"elementor-heading-title elementor-size-default\">Qualit\u00e9 de la literie et sommeil sain<\/h2>\t\t\t\t<\/div>\n\t\t\t\t<\/div>\n\t\t\t\t<div class=\"elementor-element elementor-element-271ee2c elementor-widget elementor-widget-text-editor\" data-id=\"271ee2c\" data-element_type=\"widget\" data-e-type=\"widget\" data-widget_type=\"text-editor.default\">\n\t\t\t\t<div class=\"elementor-widget-container\">\n\t\t\t\t\t\t\t\t\t<p>La qualit\u00e9 d\u2019un duvet est d\u00e9termin\u00e9e par le <strong>pourcentage de flocons de duvet<\/strong>, par leur taille et donc par <strong>leur gonflant<\/strong>. \u00c0 taille de flocons \u00e9gale, il n\u2019y a pas de diff\u00e9rence de qualit\u00e9 entre du duvet d\u2018oie et du duvet de canard. Par nature, les flocons de duvets europ\u00e9ens sont g\u00e9n\u00e9ralement un peu plus grands que les asiatiques et les <strong>gros flocons de duvet isolent et climatisent mieux<\/strong> que les petits. Par cons\u00e9quent, ils sont aussi plus chers, mais, en contrepartie, ils offrent un meilleur confort de sommeil pour une dur\u00e9e de vie plus longue.<\/p><p>En raison de <strong>l\u2019\u00e9lasticit\u00e9 de leur tuyau<\/strong>, on pr\u00e9f\u00e8re les plumes pour garnir les oreillers. Un oreiller ferme est garni de plumes d\u2019oies, un oreiller plus moelleux de plumes de canard ou <strong>de plumes d\u2019oies et de canard<\/strong>. Pour un sommeil bon et sain, il est important que la t\u00eate repose non seulement sur une surface moelleuse mais aussi qu\u2019elle ait un <strong>soutien optimal<\/strong>, pour all\u00e9ger le poids sur les vert\u00e8bres cervicales.<\/p><p>Avec les articles de literie lab\u00e9lis\u00e9s <a href=\"https:\/\/vsb-info.ch\/fr\/swiss-guaranty-vsb\/\" rel=\"noopener\"><strong>\u00ab SWISS QUALITY DOWN \u00bb<\/strong><\/a>, vous faites le choix de la meilleure qualit\u00e9 conform\u00e9ment \u00e0 des crit\u00e8res transparents et clairement d\u00e9finis.<\/p>\t\t\t\t\t\t\t\t<\/div>\n\t\t\t\t<\/div>\n\t\t\t\t<\/div>\n\t\t\t\t\t<\/div>\n\t\t\t\t<\/div>\n\t\t\t\t\t<\/div>\n\t\t\t\t<\/div>\n\t\t<div class=\"elementor-element elementor-element-2709a00 e-con-full e-flex e-con e-parent\" data-id=\"2709a00\" data-element_type=\"container\" data-e-type=\"container\">\n\t\t\t\t<div class=\"elementor-element elementor-element-5750959 elementor-widget elementor-widget-kp_themenblock\" data-id=\"5750959\" data-element_type=\"widget\" data-e-type=\"widget\" data-widget_type=\"kp_themenblock.default\">\n\t\t\t\t<div class=\"elementor-widget-container\">\n\t\t\t\t\t\n        <div class=\"vsb-related\">\n\n            \n                <div id=\"vsb-rel-w-0\" class=\"vsb-related-wrap vsb-even\"><div id=\"vsb-rel-color-0\" class=\"vsb-related-one-blue\"><\/div><div id=\"vsb-rel-0\" class=\"vsb-related-one\"><div class=\"vsb-related-content-wrap\"><div class=\"vsb-related-content\"><h3>Quelle est la diff\u00e9rence entre duvet et plumes ?<\/h3><div class=\"vsb-related-text\"><p><strong>Les flocons de duvet<\/strong> ressemblent \u00e0 de d\u00e9licats cristaux de neige et \u00e9tablissent un <strong>\u00e9quilibre optimal de chaleur et d\u2019humidit\u00e9<\/strong> (climat de sommeil) dans les duvets. Ils ont en plus l\u2019avantage d\u2019\u00eatre l\u00e9gers et extr\u00eamement r\u00e9sistants.<\/p>\n<p>Contrairement au <strong>flocon de duvet<\/strong>, la plume poss\u00e8de un tuyau allong\u00e9 et arqu\u00e9. Ce dernier conf\u00e8re \u00e0 la plume une certaine <strong>stabilit\u00e9<\/strong> tout en \u00e9tant responsable de son <strong>effet \u00ab ressort \u00bb<\/strong> gr\u00e2ce \u00e0 son extr\u00eame \u00e9lasticit\u00e9. Les plumes sont par cons\u00e9quent id\u00e9ales pour <strong>rembourrer les oreillers<\/strong> et leur permettre de soutenir agr\u00e9ablement la t\u00eate tout en offrant la stabilit\u00e9 souhait\u00e9e au niveau de la nuque.<\/p>\n<\/div><\/div><\/div><div class=\"vsb-related-slider-wrap\"><div id=\"vsb-slider-0\" class=\"vsb-related-slider\"><div class=\"vsb-related-slide\" style=\"background-image: url('https:\/\/vsb-info.ch\/wp-content\/uploads\/2023\/08\/IMG_04949-Fuellung-Imperial-DP100-scaled.jpg');\"><\/div><div class=\"vsb-related-slide\" style=\"background-image: url('https:\/\/vsb-info.ch\/wp-content\/uploads\/2023\/08\/IMG_04906-HG-dblau2-Kopie-scaled.jpg');\"><\/div><\/div><\/div>                        <script>\n                            jQuery( document ).ready(function() {\n                                jQuery('#vsb-slider-0').slick({\n                                    slidesToShow: 1,\n                                    slidesToScroll: 1,\n                                    dots: false,\n                                    arrows: true,\n                                    responsive: [\n                                        {\n                                        breakpoint: 991,\n                                        settings: {\n                                            dots: true,\n                                            arrows: false,\n                                            }\n                                        }\n                                    ]\n                                });\n                            });\n                        <\/script>\n                        <\/div><\/div>                <script>\n                    jQuery( document ).ready(function() {\n                        \n                        calcRelatedHeight(0);\n\n                        jQuery(window).resize(function(){\n                            calcRelatedHeight(0);\n                        })\n\n                    });\n                <\/script>\n                \n            \n        <\/div>\n\n        \t\t\t\t<\/div>\n\t\t\t\t<\/div>\n\t\t\t\t<\/div>\n\t\t<div class=\"elementor-element elementor-element-fcdbf07 e-flex e-con-boxed e-con e-parent\" data-id=\"fcdbf07\" data-element_type=\"container\" data-e-type=\"container\">\n\t\t\t\t\t<div class=\"e-con-inner\">\n\t\t<div class=\"elementor-element elementor-element-25a31fd e-flex e-con-boxed e-con e-child\" data-id=\"25a31fd\" data-element_type=\"container\" data-e-type=\"container\">\n\t\t\t\t\t<div class=\"e-con-inner\">\n\t\t<div class=\"elementor-element elementor-element-f781245 e-con-full e-flex e-con e-child\" data-id=\"f781245\" data-element_type=\"container\" data-e-type=\"container\">\n\t\t\t\t<div class=\"elementor-element elementor-element-ee279c7 elementor-widget elementor-widget-image\" data-id=\"ee279c7\" data-element_type=\"widget\" data-e-type=\"widget\" data-widget_type=\"image.default\">\n\t\t\t\t<div class=\"elementor-widget-container\">\n\t\t\t\t\t\t\t\t\t\t\t\t\t\t\t<img decoding=\"async\" width=\"580\" height=\"580\" src=\"https:\/\/vsb-info.ch\/wp-content\/uploads\/2023\/08\/2209-Kissen-1024x1024.jpg\" class=\"attachment-large size-large wp-image-1893\" alt=\"\" srcset=\"https:\/\/vsb-info.ch\/wp-content\/uploads\/2023\/08\/2209-Kissen-1024x1024.jpg 1024w, https:\/\/vsb-info.ch\/wp-content\/uploads\/2023\/08\/2209-Kissen-300x300.jpg 300w, https:\/\/vsb-info.ch\/wp-content\/uploads\/2023\/08\/2209-Kissen-150x150.jpg 150w, https:\/\/vsb-info.ch\/wp-content\/uploads\/2023\/08\/2209-Kissen-768x768.jpg 768w, https:\/\/vsb-info.ch\/wp-content\/uploads\/2023\/08\/2209-Kissen.jpg 1080w\" sizes=\"(max-width: 580px) 100vw, 580px\" \/>\t\t\t\t\t\t\t\t\t\t\t\t\t\t\t<\/div>\n\t\t\t\t<\/div>\n\t\t\t\t<\/div>\n\t\t<div class=\"elementor-element elementor-element-d4539d9 e-con-full e-flex e-con e-child\" data-id=\"d4539d9\" data-element_type=\"container\" data-e-type=\"container\">\n\t\t\t\t<div class=\"elementor-element elementor-element-cca6f3e elementor-widget elementor-widget-heading\" data-id=\"cca6f3e\" data-element_type=\"widget\" data-e-type=\"widget\" data-widget_type=\"heading.default\">\n\t\t\t\t<div class=\"elementor-widget-container\">\n\t\t\t\t\t<h2 class=\"elementor-heading-title elementor-size-default\">Flocons de duvet et plumes, gages d\u2019un sommeil de qualit\u00e9<\/h2>\t\t\t\t<\/div>\n\t\t\t\t<\/div>\n\t\t\t\t<div class=\"elementor-element elementor-element-e8eeb5e elementor-widget elementor-widget-text-editor\" data-id=\"e8eeb5e\" data-element_type=\"widget\" data-e-type=\"widget\" data-widget_type=\"text-editor.default\">\n\t\t\t\t<div class=\"elementor-widget-container\">\n\t\t\t\t\t\t\t\t\t<p>Les plumes et flocons de duvet naturels sont parmi les meilleurs garnissages de literie et les plus appr\u00e9ci\u00e9s aussi. Rien d\u2019\u00e9tonnant \u00e0 cela. Aucune invention jusqu\u2019ici n\u2019offre de meilleur syst\u00e8me de climatisation que les fines ramifications des flocons de duvet et des plumes avec leurs innombrables petites bulles d\u2018air.<\/p>\n<p>Le duvet en flocons de duvet naturels absorbe l\u2019humidit\u00e9 corporelle qui se d\u00e9gage dans notre sommeil (jusqu\u2019\u00e0 un demi-litre de liquide) et s\u2019en d\u00e9barrasse le matin, une fois a\u00e9r\u00e9. Il garde en outre le lit \u00e0 une chaleur constante, sans qu\u2019il y ait accumulation de la chaleur. C\u2019est indispensable \u00e9tant un processus naturel qui fait baisser la temp\u00e9rature corporelle d\u2019environ un demi degr\u00e9 pendant le sommeil.<\/p>\n\t\t\t\t\t\t\t\t<\/div>\n\t\t\t\t<\/div>\n\t\t\t\t<\/div>\n\t\t\t\t\t<\/div>\n\t\t\t\t<\/div>\n\t\t\t\t\t<\/div>\n\t\t\t\t<\/div>\n\t\t\t\t<\/div>\n\t\t","protected":false},"excerpt":{"rendered":"<p>La qualit\u00e9, un choix justifi\u00e9 La qualit\u00e9 des oreillers et duvets est un \u00e9l\u00e9ment essentiel d\u2019un sommeil sain et r\u00e9cup\u00e9rateur, et donc du bien-\u00eatre g\u00e9n\u00e9ral. Le label de qualit\u00e9 \u00ab SWISS QUALITY DOWN \u00bb vous offre transparence et s\u00e9curit\u00e9 lors du choix et de l\u2019achat d\u2019articles de literie. Qualit\u00e9 de la literie et sommeil sain&#8230;<\/p>\n","protected":false},"author":1,"featured_media":0,"parent":0,"menu_order":0,"comment_status":"closed","ping_status":"closed","template":"","meta":{"_acf_changed":false,"footnotes":""},"class_list":["post-3682","page","type-page","status-publish","hentry"],"acf":[],"_links":{"self":[{"href":"https:\/\/vsb-info.ch\/fr\/wp-json\/wp\/v2\/pages\/3682","targetHints":{"allow":["GET"]}}],"collection":[{"href":"https:\/\/vsb-info.ch\/fr\/wp-json\/wp\/v2\/pages"}],"about":[{"href":"https:\/\/vsb-info.ch\/fr\/wp-json\/wp\/v2\/types\/page"}],"author":[{"embeddable":true,"href":"https:\/\/vsb-info.ch\/fr\/wp-json\/wp\/v2\/users\/1"}],"replies":[{"embeddable":true,"href":"https:\/\/vsb-info.ch\/fr\/wp-json\/wp\/v2\/comments?post=3682"}],"version-history":[{"count":9,"href":"https:\/\/vsb-info.ch\/fr\/wp-json\/wp\/v2\/pages\/3682\/revisions"}],"predecessor-version":[{"id":5217,"href":"https:\/\/vsb-info.ch\/fr\/wp-json\/wp\/v2\/pages\/3682\/revisions\/5217"}],"wp:attachment":[{"href":"https:\/\/vsb-info.ch\/fr\/wp-json\/wp\/v2\/media?parent=3682"}],"curies":[{"name":"wp","href":"https:\/\/api.w.org\/{rel}","templated":true}]}}